{"id":1219,"date":"2016-05-04T08:21:22","date_gmt":"2016-05-04T07:21:22","guid":{"rendered":"https:\/\/summit-foundation.org\/wp\/?page_id=1219"},"modified":"2024-05-17T09:25:27","modified_gmt":"2024-05-17T09:25:27","slug":"la-fondation","status":"publish","type":"page","link":"https:\/\/summit-foundation.org\/de\/la-fondation\/","title":{"rendered":"Die Stiftung"},"content":{"rendered":"<p>[ezcol_2third]<\/p>\n<h4>Mission et activit\u00e9s<\/h4>\n<p>Summit FOUNDATION a pour mission de\u00a0diminuer l'impact environnemental des activit\u00e9s humaines, en particulier des activit\u00e9s de loisirs, dans les lieux fortement fr\u00e9quent\u00e9s.<\/p>\n<p>Nous travaillons sur 3 axes compl\u00e9mentaires: la sensibilisation, le d\u00e9veloppement de solutions concr\u00e8tes et le ramassage de d\u00e9chets dans les milieux naturels.<\/p>\n<p>[\/ezcol_2third]<\/p>\n<p>[ezcol_1third_end]<\/p>\n<p><img loading=\"lazy\" decoding=\"async\" class=\"alignnone wp-image-1238 size-full\" title=\"Summit_Foundation_Ecological_Montagnes_Alpes\" src=\"https:\/\/summit-foundation.org\/wp\/wp-content\/uploads\/2016\/05\/cham_fwt_13.jpg\" alt=\"\" width=\"800\" height=\"532\" \/><\/p>\n<p>[\/ezcol_1third_end]<\/p>\n<hr \/>\n<p>[ezcol_2third]<\/p>\n<h4>Qui sommes-nous?<\/h4>\n<p>Cr\u00e9\u00e9e en 2001, Summit FOUNDATION est une fondation \u00e0 but non-lucratif et reconnue d'utilit\u00e9 publique. Bas\u00e9e \u00e0 Vevey, la Fondation est compos\u00e9e de trois collaborateurs et b\u00e9n\u00e9ficie du soutien de civilistes.<\/p>\n<p><a href=\"https:\/\/summit-foundation.org\/qui-sommes-nous\/\">En savoir plus<\/a><\/p>\n<p>[\/ezcol_2third]<\/p>\n<p>[ezcol_1third_end]<\/p>\n<p><a href=\"\/?page_id=198\"><img loading=\"lazy\" decoding=\"async\" class=\"alignnone wp-image-3006 size-large\" src=\"https:\/\/summit-foundation.org\/wp\/wp-content\/uploads\/2017\/01\/Partenariat_Picture_Web-1024x773.jpg\" alt=\"\" width=\"1024\" height=\"773\" \/><\/a><\/p>\n<p>[\/ezcol_1third_end]<\/p>\n<hr \/>\n<p>[ezcol_2third]<\/p>\n<h4>Nos partenaires<\/h4>\n<p>Le soutien de nos partenaires est essentiel pour l'atteinte de notre mission. Sponsors, m\u00e9c\u00e8nes et donateurs rendent possible notre action: Picture Organic Clothing, le 20 Minutes, l'OSEO Vaud, Wooper, Alpinte, Infomaniak, ...<\/p>\n<p><a href=\"https:\/\/summit-foundation.org\/partenaires\/\">En savoir plus<\/a><\/p>\n<p>[\/ezcol_2third]<\/p>\n<p>[ezcol_1third_end]<\/p>\n<p><a href=\"\/?page_id=961\"><img loading=\"lazy\" decoding=\"async\" class=\"alignnone wp-image-1239 size-full\" title=\"Summit_Foundation_Ecological_Lacs\" src=\"https:\/\/summit-foundation.org\/wp\/wp-content\/uploads\/2016\/05\/gourde.jpg\" alt=\"gourde\" width=\"800\" height=\"600\" \/><\/a><\/p>\n<p>[\/ezcol_1third_end]<\/p>\n<hr \/>\n<p>[ezcol_2third]<\/p>\n<h4>Nous soutenir<\/h4>\n<p>Vous souhaitez nous aider dans nos projets? Que vous soyez une entreprise, une collectivit\u00e9 ou un particulier, votre soutien nous est pr\u00e9cieux. Devenez partenaire de la Fondation ou soutenez financi\u00e8rement nos projets par un don.<\/p>\n<p><a href=\"https:\/\/summit-foundation.org\/don\/\">En savoir plus<\/a><\/p>\n<p>[\/ezcol_2third]<\/p>\n<p>[ezcol_1third_end]<\/p>\n<p><a href=\"https:\/\/summit-foundation.org\/don\/\"><img loading=\"lazy\" decoding=\"async\" class=\"alignnone wp-image-1241 size-full\" title=\"Summit_Foundation_Ecological_Equipe\" src=\"https:\/\/summit-foundation.org\/wp\/wp-content\/uploads\/2016\/05\/staff_fwt_13.jpg\" alt=\"staff_fwt_13\" width=\"800\" height=\"547\" \/><\/a><\/p>\n<p>[\/ezcol_1third_end]<\/p>\n<hr \/>\n<p>[ezcol_2third]<\/p>\n<h4>Travailler pour la Fondation<\/h4>\n<p>La Fondation accueille des civilistes pour des affectations prioritaires ou non, id\u00e9alement de longue dur\u00e9e. Nous faisons \u00e9galement partie du programme BNF qui permet \u00e0 des personnes sans emploi d'effectuer des stages en entreprise, encadr\u00e9es par le ch\u00f4mage.<\/p>\n<p><a href=\"\/?page_id=265\">En savoir plus<\/a><\/p>\n<p>[\/ezcol_2third]<\/p>\n<p>[ezcol_1third_end]<\/p>\n<p><a href=\"\/?page_id=265\"><img loading=\"lazy\" decoding=\"async\" class=\"alignnone wp-image-1242 size-full\" title=\"Summit_Foundation_Ecological_events\" src=\"https:\/\/summit-foundation.org\/wp\/wp-content\/uploads\/2016\/05\/staff_paleo_15.jpg\" alt=\"staff_paleo_15\" width=\"800\" height=\"545\" \/><\/a><\/p>\n<p>[\/ezcol_1third_end]<\/p>\n<hr \/>\n<h4>Nous contacter<\/h4>\n<p>Retrouvez nos coordonn\u00e9es compl\u00e8tes et un plan d'acc\u00e8s \u00e0 nos bureaux \u00e0 Vevey sur la page \"Contact\".<\/p>\n<p><a href=\"https:\/\/summit-foundation.org\/contact\">En savoir plus<\/a><\/p>\n","protected":false},"excerpt":{"rendered":"<p>[ezcol_2third] Mission et activit\u00e9s Summit FOUNDATION a pour mission de\u00a0diminuer l'impact environnemental des activit\u00e9s humaines, en particulier des activit\u00e9s de loisirs, dans les lieux fortement fr\u00e9quent\u00e9s. Nous travaillons sur 3 axes compl\u00e9mentaires: la sensibilisation, le d\u00e9veloppement de solutions concr\u00e8tes et le ramassage de d\u00e9chets dans les milieux naturels. [\/ezcol_2third] [ezcol_1third_end] [\/ezcol_1third_end] [ezcol_2third] Qui sommes-nous? Cr\u00e9\u00e9e [&hellip;]<\/p>\n","protected":false},"author":8,"featured_media":13182,"parent":0,"menu_order":0,"comment_status":"closed","ping_status":"closed","template":"","meta":{"_acf_changed":false,"footnotes":""},"class_list":["post-1219","page","type-page","status-publish","has-post-thumbnail","hentry"],"acf":{"photo_gallery":{"gallerie_de_photo":[[]]}},"_links":{"self":[{"href":"https:\/\/summit-foundation.org\/de\/wp-json\/wp\/v2\/pages\/1219","targetHints":{"allow":["GET"]}}],"collection":[{"href":"https:\/\/summit-foundation.org\/de\/wp-json\/wp\/v2\/pages"}],"about":[{"href":"https:\/\/summit-foundation.org\/de\/wp-json\/wp\/v2\/types\/page"}],"author":[{"embeddable":true,"href":"https:\/\/summit-foundation.org\/de\/wp-json\/wp\/v2\/users\/8"}],"replies":[{"embeddable":true,"href":"https:\/\/summit-foundation.org\/de\/wp-json\/wp\/v2\/comments?post=1219"}],"version-history":[{"count":1,"href":"https:\/\/summit-foundation.org\/de\/wp-json\/wp\/v2\/pages\/1219\/revisions"}],"predecessor-version":[{"id":13201,"href":"https:\/\/summit-foundation.org\/de\/wp-json\/wp\/v2\/pages\/1219\/revisions\/13201"}],"wp:featuredmedia":[{"embeddable":true,"href":"https:\/\/summit-foundation.org\/de\/wp-json\/wp\/v2\/media\/13182"}],"wp:attachment":[{"href":"https:\/\/summit-foundation.org\/de\/wp-json\/wp\/v2\/media?parent=1219"}],"curies":[{"name":"wp","href":"https:\/\/api.w.org\/{rel}","templated":true}]}}