{"id":269,"date":"2015-02-20T11:40:49","date_gmt":"2015-02-20T10:40:49","guid":{"rendered":"https:\/\/summit-foundation.org\/wp\/?page_id=269"},"modified":"2025-02-17T14:33:59","modified_gmt":"2025-02-17T13:33:59","slug":"conseil","status":"publish","type":"page","link":"https:\/\/summit-foundation.org\/de\/conseil\/","title":{"rendered":"Rat"},"content":{"rendered":"<div class=\"wp-block-columns is-layout-flex wp-container-core-columns-is-layout-28f84493 wp-block-columns-is-layout-flex\">\n<div class=\"wp-block-column is-layout-flow wp-block-column-is-layout-flow\" style=\"flex-basis:66.66%\">\n<p>Die Stiftung begleitet Veranstaltungsorganisatoren und Unternehmen bei ihrem Umweltmanagement und ihrer Strategie f\u00fcr nachhaltige Entwicklung, insbesondere dem <a href=\"https:\/\/yeah.paleo.ch\/fr\/node\/12941\">Pal\u00e9o Festival Nyon<\/a>am <a href=\"https:\/\/www.verbierfestival.com\/\" target=\"_blank\" rel=\"noreferrer noopener\">Verbier Festival<\/a> oder das <a href=\"https:\/\/www.nifff.ch\/fr\/\" target=\"_blank\" rel=\"noreferrer noopener\">Neuch\u00e2tel International Fantastic Film Festival<\/a> im Rahmen einer Unterst\u00fctzung des Festivals von&nbsp;<a href=\"https:\/\/mobilite-gaz.ch\/\" target=\"_blank\" rel=\"noreferrer noopener\">Mobilit\u00e9 Gaz<\/a>.<\/p>\n\n\n\n<p>Zu den Projekten, die mit Veranstaltungen durchgef\u00fchrt wurden, geh\u00f6ren u. a:<\/p>\n\n\n\n<ul class=\"wp-block-list\">\n<li>Einsetzen von <strong>Strategien f\u00fcr eine nachhaltige Entwicklung<\/strong>\u00a0<\/li>\n\n\n\n<li>Lancierung und Teilnahme an <strong>Kommissionen <\/strong>die der Umwelt und\/oder Nachhaltigkeit gewidmet sind<\/li>\n\n\n\n<li>Erstellung von <strong>Kampagnen <\/strong>der Sensibilisierung<\/li>\n\n\n\n<li>Entwicklung von L\u00f6sungen f\u00fcr die <strong>Abfallmanagement und -trennung<\/strong>wie bei der Verhinderung von Littering<\/li>\n\n\n\n<li><strong>Unterst\u00fctzung des Staffs<\/strong> zust\u00e4ndig f\u00fcr die Abfallentsorgung<\/li>\n\n\n\n<li>...<\/li>\n<\/ul>\n\n\n\n<h5 class=\"wp-block-heading\">Manifestation Verte <\/h5>\n\n\n\n<p>Summit Foundation repr\u00e9sente la plateforme <a rel=\"noreferrer noopener\" aria-label=\"www.manifestation-verte.ch (s\u2019ouvre dans un nouvel onglet)\" href=\"http:\/\/www.manifestation-verte.ch\" target=\"_blank\">www.manifestation-verte.ch<\/a> en Suisse romande et conseille l'\u00e9quipe de projet au sein du comit\u00e9 d'experts. Sous le patronnat de plusieurs offices f\u00e9d\u00e9raux, de cantons et de villes, ce site regroupe des informations utiles pour les organisateurs de manifestations et un outil d'auto-diagnostic gratuit, le ProfilEVENT.&nbsp;<\/p>\n<\/div>\n\n\n\n<div class=\"wp-block-column is-layout-flow wp-block-column-is-layout-flow\" style=\"flex-basis:33.33%\">\n<figure class=\"wp-block-image size-large\"><img decoding=\"async\" src=\"https:\/\/summit-foundation.org\/wp\/wp-content\/uploads\/2020\/03\/Cendrier-de-vote_FeVi19_IMG_7631-1024x768.jpg\" alt=\"\" class=\"wp-image-7113\"\/><\/figure>\n\n\n\n<figure class=\"wp-block-image size-large\"><img decoding=\"async\" src=\"https:\/\/summit-foundation.org\/wp\/wp-content\/uploads\/2020\/03\/21078676_1634353353243081_6309014624802502080_n-1.jpg\" alt=\"\" class=\"wp-image-7120\"\/><\/figure>\n<\/div>\n<\/div>\n\n\n\n<p><\/p>","protected":false},"excerpt":{"rendered":"<p>La Fondation accompagne des organisateurs d'\u00e9v\u00e9nements et des entreprises dans leur management environnemental et leur strat\u00e9gie de d\u00e9veloppement durable, notamment le Pal\u00e9o Festival Nyon, le Verbier Festival ou encore le Neuch\u00e2tel International Fantastic Film Festival dans le cadre d\u2019un soutien au festival de&nbsp;Mobilit\u00e9 Gaz. Parmi les projets r\u00e9alis\u00e9s avec des \u00e9v\u00e9nements, relevons: Manifestation Verte Summit [&hellip;]<\/p>\n","protected":false},"author":8,"featured_media":13322,"parent":0,"menu_order":0,"comment_status":"closed","ping_status":"closed","template":"","meta":{"_acf_changed":false,"footnotes":""},"class_list":["post-269","page","type-page","status-publish","has-post-thumbnail","hentry"],"acf":{"photo_gallery":{"gallerie_de_photo":[[]]}},"_links":{"self":[{"href":"https:\/\/summit-foundation.org\/de\/wp-json\/wp\/v2\/pages\/269","targetHints":{"allow":["GET"]}}],"collection":[{"href":"https:\/\/summit-foundation.org\/de\/wp-json\/wp\/v2\/pages"}],"about":[{"href":"https:\/\/summit-foundation.org\/de\/wp-json\/wp\/v2\/types\/page"}],"author":[{"embeddable":true,"href":"https:\/\/summit-foundation.org\/de\/wp-json\/wp\/v2\/users\/8"}],"replies":[{"embeddable":true,"href":"https:\/\/summit-foundation.org\/de\/wp-json\/wp\/v2\/comments?post=269"}],"version-history":[{"count":1,"href":"https:\/\/summit-foundation.org\/de\/wp-json\/wp\/v2\/pages\/269\/revisions"}],"predecessor-version":[{"id":13860,"href":"https:\/\/summit-foundation.org\/de\/wp-json\/wp\/v2\/pages\/269\/revisions\/13860"}],"wp:featuredmedia":[{"embeddable":true,"href":"https:\/\/summit-foundation.org\/de\/wp-json\/wp\/v2\/media\/13322"}],"wp:attachment":[{"href":"https:\/\/summit-foundation.org\/de\/wp-json\/wp\/v2\/media?parent=269"}],"curies":[{"name":"wp","href":"https:\/\/api.w.org\/{rel}","templated":true}]}}