{"id":301,"date":"2015-03-02T11:03:39","date_gmt":"2015-03-02T10:03:39","guid":{"rendered":"https:\/\/summit-foundation.org\/wp\/?page_id=301"},"modified":"2015-03-02T11:03:39","modified_gmt":"2015-03-02T10:03:39","slug":"telechargements","status":"publish","type":"page","link":"https:\/\/summit-foundation.org\/de\/telechargements\/","title":{"rendered":"Downloads"},"content":{"rendered":"<p>Untenstehend finden Sie alle herunterladbaren Inhalte, die den Medien und unseren Partnern zur Verf\u00fcgung gestellt werden. Z\u00f6gern Sie nicht, die Stiftung zu kontaktieren (per E-Mail an <a href=\"mailto:info@summit-foundation.org\">info@summit.ngo<\/a> oder 021 626 05 55) f\u00fcr weitere Informationen.<\/p>\n<hr \/>\n<h4>Clean-Up Tour - Des actions de ramassage \u00e0 travers les montagnes suisses<\/h4>\n<p>Pressemitteilung Clean-Up Tour 2020 &gt; download <a href=\"https:\/\/summit-foundation.org\/wp\/wp-content\/uploads\/2020\/07\/SF_CP_AnnonceCleanUpTour_2020_FR-1.pdf\">en fran\u00e7ais<\/a> \/ <a href=\"https:\/\/summit-foundation.org\/wp\/wp-content\/uploads\/2020\/07\/SF_CP_AnnonceCleanUpTour_2020_DE_OKR.pdf\">auf Deutsch<\/a> \/ <a href=\"https:\/\/summit-foundation.org\/wp\/wp-content\/uploads\/2020\/07\/SF_CP_AnnonceCleanUpTour_2020_IT.pdf\">in Italiano<\/a><\/p>\n<p>Pressemitteilung Clean-Up Tour 2019 &gt; download <a href=\"https:\/\/summit-foundation.org\/wp\/wp-content\/uploads\/2019\/08\/SF_CP_AnnonceCleanUpTour_2019_FR.pdf\" target=\"_blank\" rel=\"noopener noreferrer\">en fran\u00e7ais<\/a> \/ <a href=\"https:\/\/summit-foundation.org\/wp\/wp-content\/uploads\/2019\/08\/SF_PressemitteilungCleanUpTour_2019_def.pdf\" target=\"_blank\" rel=\"noopener noreferrer\">auf Deutsch<\/a><\/p>\n<p>Alles \u00fcber das Projekt : <a href=\"https:\/\/www.cleanuptour.ch\/home\/\" target=\"_blank\" rel=\"noopener noreferrer\">www.cleanuptour.ch<\/a><\/p>\n<p>Fotos (Copyright: Summit Foundation) - Klicken Sie auf ein Bild, um es in hoher Aufl\u00f6sung herunterzuladen.<\/p>\n<p><a href=\"https:\/\/summit-foundation.org\/wp\/wp-content\/uploads\/2019\/08\/CUT19_annonce_IG_.jpg\" target=\"_blank\" rel=\"noopener noreferrer\"><img loading=\"lazy\" decoding=\"async\" class=\"alignnone wp-image-6658 size-thumbnail\" src=\"https:\/\/summit-foundation.org\/wp\/wp-content\/uploads\/2019\/08\/CUT19_annonce_IG_-150x150.jpg\" alt=\"\" width=\"150\" height=\"150\" \/><\/a> <a href=\"https:\/\/summit-foundation.org\/wp\/wp-content\/uploads\/2020\/07\/\u00a9summit-foundation_1.png\" target=\"_blank\" rel=\"noopener noreferrer\"><img loading=\"lazy\" decoding=\"async\" class=\"alignnone wp-image-7831 size-thumbnail\" src=\"https:\/\/summit-foundation.org\/wp\/wp-content\/uploads\/2020\/07\/\u00a9summit-foundation_1-150x150.png\" alt=\"\" width=\"150\" height=\"150\" \/><\/a> <a href=\"https:\/\/summit-foundation.org\/wp\/wp-content\/uploads\/2020\/07\/\u00a9summit-foundation_2.png\" target=\"_blank\" rel=\"noopener noreferrer\"><img loading=\"lazy\" decoding=\"async\" class=\"alignnone wp-image-7828 size-thumbnail\" src=\"https:\/\/summit-foundation.org\/wp\/wp-content\/uploads\/2020\/07\/\u00a9summit-foundation_2-150x150.png\" alt=\"\" width=\"150\" height=\"150\" \/><\/a><a href=\"https:\/\/summit-foundation.org\/wp\/wp-content\/uploads\/2020\/07\/\u00a9Summit-foundation_4.png\" target=\"_blank\" rel=\"noopener noreferrer\"><img loading=\"lazy\" decoding=\"async\" class=\"alignnone wp-image-7825 size-thumbnail\" src=\"https:\/\/summit-foundation.org\/wp\/wp-content\/uploads\/2020\/07\/\u00a9Summit-foundation_4-150x150.png\" alt=\"\" width=\"150\" height=\"150\" \/><\/a>  <a href=\"https:\/\/summit-foundation.org\/wp\/wp-content\/uploads\/2020\/01\/Villars_copyright-Laetitia-Neukomm.jpeg\" target=\"_blank\" rel=\"noopener noreferrer\"><img loading=\"lazy\" decoding=\"async\" class=\"alignnone wp-image-6952 size-thumbnail\" src=\"https:\/\/summit-foundation.org\/wp\/wp-content\/uploads\/2020\/01\/Villars_copyright-Laetitia-Neukomm-150x150.jpeg\" alt=\"\" width=\"150\" height=\"150\" \/><\/a> <a href=\"https:\/\/summit-foundation.org\/wp\/wp-content\/uploads\/2020\/07\/\u00a9Summit-foundation_8.png\" target=\"_blank\" rel=\"noopener noreferrer\"><img loading=\"lazy\" decoding=\"async\" class=\"alignnone wp-image-7837 size-thumbnail\" src=\"https:\/\/summit-foundation.org\/wp\/wp-content\/uploads\/2020\/07\/\u00a9Summit-foundation_8-150x150.png\" alt=\"\" width=\"150\" height=\"150\" \/><\/a><a href=\"https:\/\/summit-foundation.org\/wp\/wp-content\/uploads\/2020\/07\/\u00a9summit-foundation_3.png\" target=\"_blank\" rel=\"noopener noreferrer\"><img loading=\"lazy\" decoding=\"async\" class=\"alignnone wp-image-7822 size-thumbnail\" src=\"https:\/\/summit-foundation.org\/wp\/wp-content\/uploads\/2020\/07\/\u00a9summit-foundation_3-150x150.png\" alt=\"\" width=\"150\" height=\"150\" \/><\/a> <a href=\"https:\/\/summit-foundation.org\/wp\/wp-content\/uploads\/2020\/07\/42-Insta-DSC07714-Clean-Up-Tour-Grimentz-June-27-2020.png\" target=\"_blank\" rel=\"noopener noreferrer\"><img loading=\"lazy\" decoding=\"async\" class=\"alignnone wp-image-7819 size-thumbnail\" src=\"https:\/\/summit-foundation.org\/wp\/wp-content\/uploads\/2020\/07\/42-Insta-DSC07714-Clean-Up-Tour-Grimentz-June-27-2020-150x150.png\" alt=\"\" width=\"150\" height=\"150\" \/><\/a> <a href=\"https:\/\/summit-foundation.org\/wp\/wp-content\/uploads\/2020\/07\/DSC_3048.png\" target=\"_blank\" rel=\"noopener noreferrer\"><img loading=\"lazy\" decoding=\"async\" class=\"alignnone wp-image-7816 size-thumbnail\" src=\"https:\/\/summit-foundation.org\/wp\/wp-content\/uploads\/2020\/07\/DSC_3048-150x150.png\" alt=\"\" width=\"150\" height=\"150\" \/><\/a> <a href=\"https:\/\/summit-foundation.org\/wp\/wp-content\/uploads\/2020\/07\/DSC_3366.png\" target=\"_blank\" rel=\"noopener noreferrer\"><img loading=\"lazy\" decoding=\"async\" class=\"alignnone wp-image-7813 size-thumbnail\" src=\"https:\/\/summit-foundation.org\/wp\/wp-content\/uploads\/2020\/07\/DSC_3366-150x150.png\" alt=\"\" width=\"150\" height=\"150\" \/><\/a> <a href=\"https:\/\/summit-foundation.org\/wp\/wp-content\/uploads\/2020\/07\/DSC_3480.png\" target=\"_blank\" rel=\"noopener noreferrer\"><img loading=\"lazy\" decoding=\"async\" class=\"alignnone wp-image-7810 size-thumbnail\" src=\"https:\/\/summit-foundation.org\/wp\/wp-content\/uploads\/2020\/07\/DSC_3480-150x150.png\" alt=\"\" width=\"150\" height=\"150\" \/><\/a>  <a href=\"https:\/\/summit-foundation.org\/wp\/wp-content\/uploads\/2018\/06\/IMG_5239.jpeg\" target=\"_blank\" rel=\"noopener noreferrer\"><img loading=\"lazy\" decoding=\"async\" class=\"alignnone wp-image-5211 size-thumbnail\" src=\"https:\/\/summit-foundation.org\/wp\/wp-content\/uploads\/2018\/06\/IMG_5239-150x150.jpeg\" alt=\"\" width=\"150\" height=\"150\" \/><\/a> <a href=\"https:\/\/summit-foundation.org\/wp\/wp-content\/uploads\/2020\/07\/\u00a9Summit-foundation_6.png\" target=\"_blank\" rel=\"noopener noreferrer\"><img loading=\"lazy\" decoding=\"async\" class=\"alignnone wp-image-7804 size-thumbnail\" src=\"https:\/\/summit-foundation.org\/wp\/wp-content\/uploads\/2020\/07\/\u00a9Summit-foundation_6-150x150.png\" alt=\"\" width=\"150\" height=\"150\" \/><\/a> <a href=\"https:\/\/summit-foundation.org\/wp\/wp-content\/uploads\/2020\/07\/\u00a9Summit-foundation_7.png\" target=\"_blank\" rel=\"noopener noreferrer\"><img loading=\"lazy\" decoding=\"async\" class=\"alignnone wp-image-7834 size-thumbnail\" src=\"https:\/\/summit-foundation.org\/wp\/wp-content\/uploads\/2020\/07\/\u00a9Summit-foundation_7-150x150.png\" alt=\"\" width=\"150\" height=\"150\" \/><\/a> <a href=\"https:\/\/summit-foundation.org\/wp\/wp-content\/uploads\/2020\/07\/\u00a9Summit-foundation_5.png\"><img loading=\"lazy\" decoding=\"async\" class=\"alignnone wp-image-7807 size-thumbnail\" src=\"https:\/\/summit-foundation.org\/wp\/wp-content\/uploads\/2020\/07\/\u00a9Summit-foundation_5-150x150.png\" alt=\"\" width=\"150\" height=\"150\" \/><\/a><\/p>\n<hr \/>\n<h4>Campagne de sensibilisation au littering<\/h4>\n<p>Alles \u00fcber das Projekt : <a href=\"\/\" target=\"_blank\" rel=\"noopener noreferrer\">www.summit-foundation.org\/affichage<\/a><\/p>\n<p>Fotos (Copyright: Summit Foundation) - Klicken Sie auf ein Bild, um es in hoher Aufl\u00f6sung herunterzuladen.<\/p>\n<p><a href=\"https:\/\/summit-foundation.org\/wp\/wp-content\/uploads\/2019\/08\/OK_FR_KRCH_PortesduSoleil.jpg\" target=\"_blank\" rel=\"noopener noreferrer\"><img loading=\"lazy\" decoding=\"async\" class=\"alignnone wp-image-6616 size-thumbnail\" src=\"https:\/\/summit-foundation.org\/wp\/wp-content\/uploads\/2019\/08\/OK_FR_KRCH_PortesduSoleil-150x150.jpg\" alt=\"\" width=\"150\" height=\"150\" \/><\/a> <a href=\"https:\/\/summit-foundation.org\/wp\/wp-content\/uploads\/2019\/08\/OK_DE_PAFF_Lenk.jpg\" target=\"_blank\" rel=\"noopener noreferrer\"><img loading=\"lazy\" decoding=\"async\" class=\"alignnone wp-image-6622 size-thumbnail\" src=\"https:\/\/summit-foundation.org\/wp\/wp-content\/uploads\/2019\/08\/OK_DE_PAFF_Lenk-150x150.jpg\" alt=\"\" width=\"150\" height=\"150\" \/><\/a> <a href=\"https:\/\/summit-foundation.org\/wp\/wp-content\/uploads\/2019\/08\/OK_FR_PUFFF_LesPleiades2-1.jpg\" target=\"_blank\" rel=\"noopener noreferrer\"><img loading=\"lazy\" decoding=\"async\" class=\"alignnone wp-image-6610 size-thumbnail\" src=\"https:\/\/summit-foundation.org\/wp\/wp-content\/uploads\/2019\/08\/OK_FR_PUFFF_LesPleiades2-1-150x150.jpg\" alt=\"\" width=\"150\" height=\"150\" \/><\/a> <a href=\"https:\/\/summit-foundation.org\/wp\/wp-content\/uploads\/2019\/08\/OK_DE_PLATSCH_SaasFee-e1566387046952.jpg\" target=\"_blank\" rel=\"noopener noreferrer\"><img loading=\"lazy\" decoding=\"async\" class=\"alignnone wp-image-6613 size-thumbnail\" src=\"https:\/\/summit-foundation.org\/wp\/wp-content\/uploads\/2019\/08\/OK_DE_PLATSCH_SaasFee-e1566387046952-150x150.jpg\" alt=\"\" width=\"150\" height=\"150\" \/><\/a>\u00a0<a href=\"https:\/\/summit-foundation.org\/wp\/wp-content\/uploads\/2019\/08\/OK_FR_MiamMiam_Les-Mosses.jpg\" target=\"_blank\" rel=\"noopener noreferrer\"><img loading=\"lazy\" decoding=\"async\" class=\"alignnone wp-image-6607 size-thumbnail\" src=\"https:\/\/summit-foundation.org\/wp\/wp-content\/uploads\/2019\/08\/OK_FR_MiamMiam_Les-Mosses-150x150.jpg\" alt=\"\" width=\"150\" height=\"150\" \/><\/a><\/p>\n<hr \/>\n<h4>Mission Dahu -\u00a0Une appli ludique pour sensibiliser\u00a0\u00e0 l'impact environnemental des sports de neige<\/h4>\n<p>Pressemitteilung &gt; <a href=\"https:\/\/summit-foundation.org\/wp\/wp-content\/uploads\/2017\/12\/CP_MissionDahu_05122017.pdf\" target=\"_blank\" rel=\"noopener noreferrer\">t\u00e9l\u00e9charger<\/a><\/p>\n<p>Alles \u00fcber das Projekt: <a href=\"http:\/\/www.missiondahu.ch\" target=\"_blank\" rel=\"noopener noreferrer\">www.missiondahu.ch<\/a><\/p>\n<p>Fotos (Copyright: Summit Foundation) - Klicken Sie auf ein Bild, um es in hoher Aufl\u00f6sung herunterzuladen.<\/p>\n<p><a href=\"https:\/\/summit-foundation.org\/wp\/wp-content\/uploads\/2019\/01\/MD_App_MobileInHandFR.jpg\" target=\"_blank\" rel=\"noopener noreferrer\"><img loading=\"lazy\" decoding=\"async\" class=\"alignnone wp-image-5722 size-thumbnail\" src=\"https:\/\/summit-foundation.org\/wp\/wp-content\/uploads\/2019\/01\/MD_App_MobileInHandFR-150x150.jpg\" alt=\"\" width=\"150\" height=\"150\" \/><\/a> <a href=\"https:\/\/summit-foundation.org\/wp\/wp-content\/uploads\/2015\/03\/Dahu-Faune-et-Flore-coul.jpg\" target=\"_blank\" rel=\"noopener noreferrer\">\u00a0<\/a><a href=\"https:\/\/summit-foundation.org\/wp\/wp-content\/uploads\/2015\/03\/Dahu-Faune-et-Flore-coul.jpg\" target=\"_blank\" rel=\"noopener noreferrer\"><img loading=\"lazy\" decoding=\"async\" class=\"alignnone wp-image-3634 size-thumbnail\" src=\"https:\/\/summit-foundation.org\/wp\/wp-content\/uploads\/2015\/03\/Dahu-Faune-et-Flore-coul-150x150.jpg\" alt=\"\" width=\"150\" height=\"150\" \/><\/a><a href=\"https:\/\/summit-foundation.org\/wp\/wp-content\/uploads\/2015\/03\/Dahu_tel.jpg\" target=\"_blank\" rel=\"noopener noreferrer\"><img loading=\"lazy\" decoding=\"async\" class=\"alignnone wp-image-3643 size-thumbnail\" src=\"https:\/\/summit-foundation.org\/wp\/wp-content\/uploads\/2015\/03\/Dahu_tel-150x150.jpg\" alt=\"\" width=\"150\" height=\"150\" \/><\/a><a href=\"https:\/\/summit-foundation.org\/wp\/wp-content\/uploads\/2015\/03\/Dahu-Faune-et-Flore-coul.jpg\" target=\"_blank\" rel=\"noopener noreferrer\">\u00a0<\/a><a href=\"https:\/\/summit-foundation.org\/wp\/wp-content\/uploads\/2015\/03\/170308_SUMMIT_FOUNDATION_008.jpg\" target=\"_blank\" rel=\"noopener noreferrer\"><img loading=\"lazy\" decoding=\"async\" class=\"alignnone wp-image-4942 size-thumbnail\" src=\"https:\/\/summit-foundation.org\/wp\/wp-content\/uploads\/2015\/03\/170308_SUMMIT_FOUNDATION_008-150x150.jpg\" alt=\"\" width=\"150\" height=\"150\" \/><\/a><a href=\"https:\/\/summit-foundation.org\/wp\/wp-content\/uploads\/2015\/03\/Dahu-Faune-et-Flore-coul.jpg\" target=\"_blank\" rel=\"noopener noreferrer\">\u00a0<\/a><a href=\"https:\/\/summit-foundation.org\/wp\/wp-content\/uploads\/2015\/03\/170308_SUMMIT_FOUNDATION_100_g.jpg\" target=\"_blank\" rel=\"noopener noreferrer\"><img loading=\"lazy\" decoding=\"async\" class=\"alignnone wp-image-4945 size-thumbnail\" src=\"https:\/\/summit-foundation.org\/wp\/wp-content\/uploads\/2015\/03\/170308_SUMMIT_FOUNDATION_100_g-150x150.jpg\" alt=\"\" width=\"150\" height=\"150\" \/><\/a><a href=\"https:\/\/summit-foundation.org\/wp\/wp-content\/uploads\/2019\/01\/DSC_2298.jpg\" target=\"_blank\" rel=\"noopener noreferrer\">\u00a0<img loading=\"lazy\" decoding=\"async\" class=\"alignnone wp-image-5736 size-thumbnail\" src=\"https:\/\/summit-foundation.org\/wp\/wp-content\/uploads\/2019\/01\/DSC_2298-150x150.jpg\" alt=\"\" width=\"150\" height=\"150\" \/><\/a><a href=\"https:\/\/summit-foundation.org\/wp\/wp-content\/uploads\/2019\/01\/Dahu-logo-coul-4RVB.jpg\" target=\"_blank\" rel=\"noopener noreferrer\">\u00a0<img loading=\"lazy\" decoding=\"async\" class=\"alignnone wp-image-5732 size-thumbnail\" src=\"https:\/\/summit-foundation.org\/wp\/wp-content\/uploads\/2019\/01\/Dahu-logo-coul-4RVB-150x150.jpg\" alt=\"\" width=\"150\" height=\"150\" \/><\/a><\/p>\n<hr \/>\n<h4>Guide des Sentiers Raquettes de Suisse romande<\/h4>\n<p>Pressemitteilung &gt; <a href=\"https:\/\/summit-foundation.org\/wp\/wp-content\/uploads\/2019\/12\/CP_SF_SentiersRaquettes_18122019.pdf\" target=\"_blank\" rel=\"noopener noreferrer\">PDF<\/a> \/ <a href=\"https:\/\/summit-foundation.org\/wp\/wp-content\/uploads\/2019\/12\/CP_SF_SentiersRaquettes_18122019.docx\" target=\"_blank\" rel=\"noopener noreferrer\">word<\/a><\/p>\n<p>Bilder (Copyright: Summit Foundation) - Klicken Sie auf ein Bild, um es in hoher Aufl\u00f6sung herunterzuladen.<\/p>\n<p><a href=\"https:\/\/summit-foundation.org\/wp\/wp-content\/uploads\/2019\/12\/Guide.jpg\" target=\"_blank\" rel=\"noopener noreferrer\"><img loading=\"lazy\" decoding=\"async\" class=\"alignnone wp-image-6924 size-thumbnail\" src=\"https:\/\/summit-foundation.org\/wp\/wp-content\/uploads\/2019\/12\/Guide-150x150.jpg\" alt=\"\" width=\"150\" height=\"150\" \/><\/a> <a href=\"https:\/\/summit-foundation.org\/wp\/wp-content\/uploads\/2019\/12\/cover.jpg\" target=\"_blank\" rel=\"noopener noreferrer\"><img loading=\"lazy\" decoding=\"async\" class=\"alignnone wp-image-6909 size-thumbnail\" src=\"https:\/\/summit-foundation.org\/wp\/wp-content\/uploads\/2019\/12\/cover-150x150.jpg\" alt=\"\" width=\"150\" height=\"150\" \/><\/a> <a href=\"https:\/\/summit-foundation.org\/wp\/wp-content\/uploads\/2019\/12\/Jura.jpg\" target=\"_blank\" rel=\"noopener noreferrer\"><img loading=\"lazy\" decoding=\"async\" class=\"alignnone wp-image-6912 size-thumbnail\" src=\"https:\/\/summit-foundation.org\/wp\/wp-content\/uploads\/2019\/12\/Jura-150x150.jpg\" alt=\"\" width=\"150\" height=\"150\" \/><\/a> <a href=\"https:\/\/summit-foundation.org\/wp\/wp-content\/uploads\/2019\/12\/Fribourg.jpg\" target=\"_blank\" rel=\"noopener noreferrer\"><img loading=\"lazy\" decoding=\"async\" class=\"alignnone wp-image-6915 size-thumbnail\" src=\"https:\/\/summit-foundation.org\/wp\/wp-content\/uploads\/2019\/12\/Fribourg-150x150.jpg\" alt=\"\" width=\"150\" height=\"150\" \/><\/a> <a href=\"https:\/\/summit-foundation.org\/wp\/wp-content\/uploads\/2019\/12\/Vaud.jpg\" target=\"_blank\" rel=\"noopener noreferrer\"><img loading=\"lazy\" decoding=\"async\" class=\"alignnone wp-image-6918 size-thumbnail\" src=\"https:\/\/summit-foundation.org\/wp\/wp-content\/uploads\/2019\/12\/Vaud-150x150.jpg\" alt=\"\" width=\"150\" height=\"150\" \/><\/a> <a href=\"https:\/\/summit-foundation.org\/wp\/wp-content\/uploads\/2019\/12\/Valais.jpg\" target=\"_blank\" rel=\"noopener noreferrer\"><img loading=\"lazy\" decoding=\"async\" class=\"alignnone wp-image-6921 size-thumbnail\" src=\"https:\/\/summit-foundation.org\/wp\/wp-content\/uploads\/2019\/12\/Valais-150x150.jpg\" alt=\"\" width=\"150\" height=\"150\" \/><\/a><\/p>\n<hr \/>\n<h4>Logo, charte graphique et documents<\/h4>\n<p><strong>&gt;&gt; Bitte senden Sie uns ein Gut zum Druck, bevor Sie das Logo der Stiftung ver\u00f6ffentlichen. &lt;&lt;<\/strong><\/p>\n<p>Leitfaden zur Verwendung des Logos - <a href=\"https:\/\/summit-foundation.org\/wp\/wp-content\/uploads\/2020\/08\/SF_CharteGraphique_courte_17102018.pdf\" target=\"_blank\" rel=\"noopener noreferrer\">Charte graphique courte<\/a><\/p>\n<p>Logo Summit Foundation blau (original) - - <a href=\"https:\/\/summit-foundation.org\/wp\/wp-content\/uploads\/2020\/08\/SF_LOGO_PMS3005C.pdf\" target=\"_blank\" rel=\"noopener noreferrer\">PDF<\/a> vektoriell \/\u00a0<a href=\"https:\/\/summit-foundation.org\/wp\/wp-content\/uploads\/2020\/08\/SF_LOGO_PMS3005C.png\" target=\"_blank\" rel=\"noopener noreferrer\">PNG<\/a><\/p>\n<p>Summit Foundation Logo wei\u00df - - <a href=\"https:\/\/summit-foundation.org\/wp\/wp-content\/uploads\/2020\/08\/SF_LOGO_Blanc.pdf\" target=\"_blank\" rel=\"noopener noreferrer\">PDF<\/a> vektoriell \/ <a href=\"https:\/\/summit-foundation.org\/wp\/wp-content\/uploads\/2020\/08\/SF_LOGO_Blanc.png\" target=\"_blank\" rel=\"noopener noreferrer\">PNG<\/a><\/p>\n<p>Logo Summit Foundation schwarz - - <a href=\"https:\/\/summit-foundation.org\/wp\/wp-content\/uploads\/2020\/08\/SF_LOGO_Noir.pdf\" target=\"_blank\" rel=\"noopener noreferrer\">PDF<\/a> vektoriell \/ <a href=\"https:\/\/summit-foundation.org\/wp\/wp-content\/uploads\/2020\/08\/SF_LOGO_Noir.png\" target=\"_blank\" rel=\"noopener noreferrer\">PNG<\/a><\/p>\n<p><a href=\"https:\/\/summit-foundation.org\/wp\/wp-content\/uploads\/2020\/08\/SF_Rapport-annuel-2019_court.pdf\" target=\"_blank\" rel=\"noopener noreferrer\">Rapport annuel 2019<\/a><\/p>","protected":false},"excerpt":{"rendered":"<p>Retrouvez ci-dessous l'ensemble des contenus t\u00e9l\u00e9chargeables mis \u00e0 disposition des m\u00e9dias et de nos partenaires. N'h\u00e9sitez pas \u00e0 contacter la Fondation (par mail \u00e0 info@summit.ngo ou au 021 626 05 55) pour de plus amples renseignements. Clean-Up Tour - Des actions de ramassage \u00e0 travers les montagnes suisses Communiqu\u00e9 de presse Clean-Up Tour 2020 &gt; [&hellip;]<\/p>\n","protected":false},"author":8,"featured_media":0,"parent":0,"menu_order":0,"comment_status":"closed","ping_status":"closed","template":"","meta":{"_acf_changed":false,"footnotes":""},"class_list":["post-301","page","type-page","status-publish","hentry"],"acf":{"photo_gallery":{"gallerie_de_photo":[[]]}},"_links":{"self":[{"href":"https:\/\/summit-foundation.org\/de\/wp-json\/wp\/v2\/pages\/301","targetHints":{"allow":["GET"]}}],"collection":[{"href":"https:\/\/summit-foundation.org\/de\/wp-json\/wp\/v2\/pages"}],"about":[{"href":"https:\/\/summit-foundation.org\/de\/wp-json\/wp\/v2\/types\/page"}],"author":[{"embeddable":true,"href":"https:\/\/summit-foundation.org\/de\/wp-json\/wp\/v2\/users\/8"}],"replies":[{"embeddable":true,"href":"https:\/\/summit-foundation.org\/de\/wp-json\/wp\/v2\/comments?post=301"}],"version-history":[{"count":0,"href":"https:\/\/summit-foundation.org\/de\/wp-json\/wp\/v2\/pages\/301\/revisions"}],"wp:attachment":[{"href":"https:\/\/summit-foundation.org\/de\/wp-json\/wp\/v2\/media?parent=301"}],"curies":[{"name":"wp","href":"https:\/\/api.w.org\/{rel}","templated":true}]}}