{"id":4596,"date":"2017-06-16T14:09:35","date_gmt":"2017-06-16T13:09:35","guid":{"rendered":"https:\/\/summit-foundation.org\/?page_id=4596\/"},"modified":"2024-08-09T08:48:41","modified_gmt":"2024-08-09T08:48:41","slug":"cleanmountains","status":"publish","type":"page","link":"https:\/\/summit-foundation.org\/de\/cleanmountains\/","title":{"rendered":"Clean Mountains"},"content":{"rendered":"<div class=\"wp-block-columns is-layout-flex wp-container-core-columns-is-layout-28f84493 wp-block-columns-is-layout-flex\">\n<div class=\"wp-block-column is-layout-flow wp-block-column-is-layout-flow\" style=\"flex-basis:66.66%\">\n<p>En mai 2020, l'Office f\u00e9d\u00e9ral de l'environnement a publi\u00e9 une&nbsp;<a rel=\"noreferrer noopener\" href=\"https:\/\/www.bafu.admin.ch\/bafu\/fr\/home\/documentation\/communique\/anzeige-nsb-unter-medienmitteilungen.msg-id-79088.html\" target=\"_blank\">Studie<\/a>&nbsp;montrant qu'en Suisse, environ <strong>14.000 Tonnen Plastik versickern jedes Jahr in Boden und Wasser<\/strong>. Fast 2.700 Tonnen dieses Abfalls sind auf Littering zur\u00fcckzuf\u00fchren, d. h. auf das Wegwerfen von Abf\u00e4llen in die Natur oder auf Nachl\u00e4ssigkeit. Neben Mikroplastik landen auch viele andere Arten von Abfall in der Natur, auch in den Bergen.<\/p>\n\n\n\n<p>Die vom Schweizer Alpen-Club (SAC) initiierte Kampagne #cleanmountains hat zum Ziel\u00a0<strong>Wanderer und H\u00fctteng\u00e4ste f\u00fcr die Produktion und den Umgang mit Abfall zu sensibilisieren<\/strong>.\u00a0Cette campagne a \u00e9t\u00e9 cr\u00e9\u00e9e avec le soutien de Summit Foundation et de Zurich Assurances.<\/p>\n\n\n\n<p><strong>Une cinquanaine de cabanes a \u00e9t\u00e9 \u00e9quip\u00e9e de distributeurs de<\/strong> <strong>sacs \u00e0 d\u00e9chets en plastique recycl\u00e9 100%<\/strong>Die G\u00e4ste werden gebeten, diese f\u00fcr ihren eigenen M\u00fcll zu verwenden, aber auch f\u00fcr den M\u00fcll, der ihnen unterwegs begegnet.<\/p>\n\n\n\n<p><strong>Aktionen zum Sammeln von M\u00fcll<\/strong> werden jeden Sommer in der N\u00e4he bestimmter H\u00fctten organisiert, wobei diese Aktionen oft in die Clean-Up Tour integriert sind. <\/p>\n\n\n\n<p><strong>Une s\u00e9rie d'affiches<\/strong> vient compl\u00e9ter ces mesures concr\u00e8tes pour sensibiliser les randonneurs et les usagers des cabanes \u00e0 l'impact environnemental des d\u00e9chets. Trois affiches, trois messages sur la mani\u00e8re de r\u00e9duire ses d\u00e9chets en montagne. Les affiches sont disponibles en allemand et en fran\u00e7ais dans notre&nbsp;<strong>shop<\/strong>&nbsp;en ligne ou peuvent \u00eatre t\u00e9l\u00e9charg\u00e9es.<\/p>\n<\/div>\n\n\n\n<div class=\"wp-block-column is-layout-flow wp-block-column-is-layout-flow\" style=\"flex-basis:33.33%\">\n<figure class=\"wp-block-image size-large\"><img decoding=\"async\" src=\"https:\/\/summit-foundation.org\/wp\/wp-content\/uploads\/2017\/06\/photo_cleanmountains_copyright-CAS_dispenser_16062017.jpg\" alt=\"\" class=\"wp-image-4600\"\/><\/figure>\n\n\n\n<figure class=\"wp-block-image size-large\"><img decoding=\"async\" src=\"https:\/\/summit-foundation.org\/wp\/wp-content\/uploads\/2017\/06\/Photo_d\u00e9chets_CAS.jpg\" alt=\"\" class=\"wp-image-4616\"\/><\/figure>\n<\/div>\n<\/div>\n\n\n\n<div class=\"wp-block-columns is-layout-flex wp-container-core-columns-is-layout-28f84493 wp-block-columns-is-layout-flex\">\n<div class=\"wp-block-column is-layout-flow wp-block-column-is-layout-flow\">\n<figure class=\"wp-block-image size-full\"><a href=\"https:\/\/summit-foundation.org\/wp\/wp-content\/uploads\/2020\/06\/SF_CLUBALPIN_affichesA3_dechets_PROD-1-scaled.jpg\" target=\"_blank\" rel=\"noopener noreferrer\"><img decoding=\"async\" src=\"https:\/\/summit-foundation.org\/wp\/wp-content\/uploads\/2020\/06\/SF_CLUBALPIN_affichesA3_dechets_PROD-1-scaled.jpg\" alt=\"\" class=\"wp-image-7528\"\/><\/a><\/figure>\n\n\n\n<p><\/p>\n<\/div>\n\n\n\n<div class=\"wp-block-column is-layout-flow wp-block-column-is-layout-flow\">\n<figure class=\"wp-block-image size-full\"><a href=\"https:\/\/summit-foundation.org\/wp\/wp-content\/uploads\/2020\/06\/SF_CLUBALPIN_affichesA3_dechets_PROD-3-scaled.jpg\" target=\"_blank\" rel=\"noopener noreferrer\"><img decoding=\"async\" src=\"https:\/\/summit-foundation.org\/wp\/wp-content\/uploads\/2020\/06\/SF_CLUBALPIN_affichesA3_dechets_PROD-3-scaled.jpg\" alt=\"\" class=\"wp-image-7534\"\/><\/a><\/figure>\n<\/div>\n\n\n\n<div class=\"wp-block-column is-layout-flow wp-block-column-is-layout-flow\">\n<figure class=\"wp-block-image size-full\"><a href=\"https:\/\/summit-foundation.org\/wp\/wp-content\/uploads\/2020\/06\/SF_CLUBALPIN_affichesA3_dechets_PROD-5-scaled.jpg\" target=\"_blank\" rel=\"noopener noreferrer\"><img decoding=\"async\" src=\"https:\/\/summit-foundation.org\/wp\/wp-content\/uploads\/2020\/06\/SF_CLUBALPIN_affichesA3_dechets_PROD-5-scaled.jpg\" alt=\"\" class=\"wp-image-7540\"\/><\/a><\/figure>\n<\/div>\n<\/div>\n\n\n\n<p>Weitere Informationen:&nbsp;<a rel=\"noreferrer noopener\" href=\"https:\/\/www.sac-cas.ch\/fr\/environnement\/sports-de-montagne-et-environnement\/cleanmountains\/\" target=\"_blank\">www.sac-cas.ch<\/a><\/p>","protected":false},"excerpt":{"rendered":"<p>En mai 2020, l'Office f\u00e9d\u00e9ral de l'environnement a publi\u00e9 une&nbsp;\u00e9tude&nbsp;montrant qu'en Suisse, environ 14\u2019000 tonnes de plastique s\u2019infiltrent dans le sol et dans l'eau chaque ann\u00e9e. Pr\u00e8s de 2\u2019700 tonnes de ces d\u00e9chets sont dus au littering (abandon de d\u00e9chets dans la nature), c'est-\u00e0-dire \u00e0 des rejets ou \u00e0 des n\u00e9gligences. Outre les microplastiques, de [&hellip;]<\/p>\n","protected":false},"author":8,"featured_media":13379,"parent":0,"menu_order":0,"comment_status":"closed","ping_status":"closed","template":"","meta":{"_acf_changed":false,"footnotes":""},"class_list":["post-4596","page","type-page","status-publish","has-post-thumbnail","hentry"],"acf":{"photo_gallery":{"gallerie_de_photo":[[{"id":13321,"title":"Sustainable_Mountains_4","caption":"","full_image_url":"https:\/\/summit-foundation.org\/wp-content\/uploads\/2024\/07\/SM-4.jpg","thumbnail_image_url":"https:\/\/summit-foundation.org\/wp-content\/uploads\/2024\/07\/SM-4-150x150.jpg","large_srcset":"https:\/\/summit-foundation.org\/wp-content\/uploads\/2024\/07\/SM-4-1024x732.jpg 1024w, https:\/\/summit-foundation.org\/wp-content\/uploads\/2024\/07\/SM-4-300x214.jpg 300w, https:\/\/summit-foundation.org\/wp-content\/uploads\/2024\/07\/SM-4-768x549.jpg 768w, https:\/\/summit-foundation.org\/wp-content\/uploads\/2024\/07\/SM-4-1536x1097.jpg 1536w, https:\/\/summit-foundation.org\/wp-content\/uploads\/2024\/07\/SM-4-2048x1463.jpg 2048w, https:\/\/summit-foundation.org\/wp-content\/uploads\/2024\/07\/SM-4-600x429.jpg 600w, https:\/\/summit-foundation.org\/wp-content\/uploads\/2024\/07\/SM-4.jpg 2500w","medium_srcset":"https:\/\/summit-foundation.org\/wp-content\/uploads\/2024\/07\/SM-4-300x214.jpg 300w, https:\/\/summit-foundation.org\/wp-content\/uploads\/2024\/07\/SM-4-1024x732.jpg 1024w, https:\/\/summit-foundation.org\/wp-content\/uploads\/2024\/07\/SM-4-768x549.jpg 768w, https:\/\/summit-foundation.org\/wp-content\/uploads\/2024\/07\/SM-4-1536x1097.jpg 1536w, https:\/\/summit-foundation.org\/wp-content\/uploads\/2024\/07\/SM-4-2048x1463.jpg 2048w, https:\/\/summit-foundation.org\/wp-content\/uploads\/2024\/07\/SM-4-600x429.jpg 600w, https:\/\/summit-foundation.org\/wp-content\/uploads\/2024\/07\/SM-4.jpg 2500w","media_details":{"width":2500,"height":1786,"sizes":{"medium":{"file":"SM-4-300x214.jpg","width":300,"height":214,"mime-type":"image\/jpeg","filesize":77087,"source_url":"https:\/\/summit-foundation.org\/wp-content\/uploads\/2024\/07\/SM-4-300x214.jpg"},"large":{"file":"SM-4-1024x732.jpg","width":1024,"height":732,"mime-type":"image\/jpeg","filesize":197659,"source_url":"https:\/\/summit-foundation.org\/wp-content\/uploads\/2024\/07\/SM-4-1024x732.jpg"},"thumbnail":{"file":"SM-4-150x150.jpg","width":150,"height":150,"mime-type":"image\/jpeg","filesize":64531,"source_url":"https:\/\/summit-foundation.org\/wp-content\/uploads\/2024\/07\/SM-4-150x150.jpg"},"medium_large":{"file":"SM-4-768x549.jpg","width":768,"height":549,"mime-type":"image\/jpeg","filesize":146650,"source_url":"https:\/\/summit-foundation.org\/wp-content\/uploads\/2024\/07\/SM-4-768x549.jpg"},"1536x1536":{"file":"SM-4-1536x1097.jpg","width":1536,"height":1097,"mime-type":"image\/jpeg","filesize":319525,"source_url":"https:\/\/summit-foundation.org\/wp-content\/uploads\/2024\/07\/SM-4-1536x1097.jpg"},"2048x2048":{"file":"SM-4-2048x1463.jpg","width":2048,"height":1463,"mime-type":"image\/jpeg","filesize":468215,"source_url":"https:\/\/summit-foundation.org\/wp-content\/uploads\/2024\/07\/SM-4-2048x1463.jpg"},"woocommerce_thumbnail":{"file":"SM-4-300x300.jpg","width":300,"height":300,"mime-type":"image\/jpeg","filesize":80733,"uncropped":false,"source_url":"https:\/\/summit-foundation.org\/wp-content\/uploads\/2024\/07\/SM-4-300x300.jpg"},"woocommerce_single":{"file":"SM-4-600x429.jpg","width":600,"height":429,"mime-type":"image\/jpeg","filesize":118302,"source_url":"https:\/\/summit-foundation.org\/wp-content\/uploads\/2024\/07\/SM-4-600x429.jpg"},"woocommerce_gallery_thumbnail":{"file":"SM-4-100x100.jpg","width":100,"height":100,"mime-type":"image\/jpeg","filesize":60746,"source_url":"https:\/\/summit-foundation.org\/wp-content\/uploads\/2024\/07\/SM-4-100x100.jpg"}}},"alt_text":"","url":"","target":""},{"id":13318,"title":"Sustainable_Mountains_3","caption":"","full_image_url":"https:\/\/summit-foundation.org\/wp-content\/uploads\/2024\/07\/SM-3.jpg","thumbnail_image_url":"https:\/\/summit-foundation.org\/wp-content\/uploads\/2024\/07\/SM-3-150x150.jpg","large_srcset":"https:\/\/summit-foundation.org\/wp-content\/uploads\/2024\/07\/SM-3-1024x576.jpg 1024w, https:\/\/summit-foundation.org\/wp-content\/uploads\/2024\/07\/SM-3-300x169.jpg 300w, https:\/\/summit-foundation.org\/wp-content\/uploads\/2024\/07\/SM-3-768x432.jpg 768w, https:\/\/summit-foundation.org\/wp-content\/uploads\/2024\/07\/SM-3-1536x865.jpg 1536w, https:\/\/summit-foundation.org\/wp-content\/uploads\/2024\/07\/SM-3-2048x1153.jpg 2048w, https:\/\/summit-foundation.org\/wp-content\/uploads\/2024\/07\/SM-3-600x338.jpg 600w, https:\/\/summit-foundation.org\/wp-content\/uploads\/2024\/07\/SM-3.jpg 2560w","medium_srcset":"https:\/\/summit-foundation.org\/wp-content\/uploads\/2024\/07\/SM-3-300x169.jpg 300w, https:\/\/summit-foundation.org\/wp-content\/uploads\/2024\/07\/SM-3-1024x576.jpg 1024w, https:\/\/summit-foundation.org\/wp-content\/uploads\/2024\/07\/SM-3-768x432.jpg 768w, https:\/\/summit-foundation.org\/wp-content\/uploads\/2024\/07\/SM-3-1536x865.jpg 1536w, https:\/\/summit-foundation.org\/wp-content\/uploads\/2024\/07\/SM-3-2048x1153.jpg 2048w, https:\/\/summit-foundation.org\/wp-content\/uploads\/2024\/07\/SM-3-600x338.jpg 600w, https:\/\/summit-foundation.org\/wp-content\/uploads\/2024\/07\/SM-3.jpg 2560w","media_details":{"width":2560,"height":1441,"sizes":{"medium":{"file":"SM-3-300x169.jpg","width":300,"height":169,"mime-type":"image\/jpeg","filesize":49882,"source_url":"https:\/\/summit-foundation.org\/wp-content\/uploads\/2024\/07\/SM-3-300x169.jpg"},"large":{"file":"SM-3-1024x576.jpg","width":1024,"height":576,"mime-type":"image\/jpeg","filesize":136239,"source_url":"https:\/\/summit-foundation.org\/wp-content\/uploads\/2024\/07\/SM-3-1024x576.jpg"},"thumbnail":{"file":"SM-3-150x150.jpg","width":150,"height":150,"mime-type":"image\/jpeg","filesize":42922,"source_url":"https:\/\/summit-foundation.org\/wp-content\/uploads\/2024\/07\/SM-3-150x150.jpg"},"medium_large":{"file":"SM-3-768x432.jpg","width":768,"height":432,"mime-type":"image\/jpeg","filesize":98515,"source_url":"https:\/\/summit-foundation.org\/wp-content\/uploads\/2024\/07\/SM-3-768x432.jpg"},"1536x1536":{"file":"SM-3-1536x865.jpg","width":1536,"height":865,"mime-type":"image\/jpeg","filesize":232243,"source_url":"https:\/\/summit-foundation.org\/wp-content\/uploads\/2024\/07\/SM-3-1536x865.jpg"},"2048x2048":{"file":"SM-3-2048x1153.jpg","width":2048,"height":1153,"mime-type":"image\/jpeg","filesize":345753,"source_url":"https:\/\/summit-foundation.org\/wp-content\/uploads\/2024\/07\/SM-3-2048x1153.jpg"},"woocommerce_thumbnail":{"file":"SM-3-300x300.jpg","width":300,"height":300,"mime-type":"image\/jpeg","filesize":55376,"uncropped":false,"source_url":"https:\/\/summit-foundation.org\/wp-content\/uploads\/2024\/07\/SM-3-300x300.jpg"},"woocommerce_single":{"file":"SM-3-600x338.jpg","width":600,"height":338,"mime-type":"image\/jpeg","filesize":78147,"source_url":"https:\/\/summit-foundation.org\/wp-content\/uploads\/2024\/07\/SM-3-600x338.jpg"},"woocommerce_gallery_thumbnail":{"file":"SM-3-100x100.jpg","width":100,"height":100,"mime-type":"image\/jpeg","filesize":40261,"source_url":"https:\/\/summit-foundation.org\/wp-content\/uploads\/2024\/07\/SM-3-100x100.jpg"}}},"alt_text":"","url":"","target":""},{"id":13315,"title":"Sustainable_Mountains_2","caption":"","full_image_url":"https:\/\/summit-foundation.org\/wp-content\/uploads\/2024\/07\/SM-2-scaled.jpg","thumbnail_image_url":"https:\/\/summit-foundation.org\/wp-content\/uploads\/2024\/07\/SM-2-150x150.jpg","large_srcset":"https:\/\/summit-foundation.org\/wp-content\/uploads\/2024\/07\/SM-2-1024x683.jpg 1024w, https:\/\/summit-foundation.org\/wp-content\/uploads\/2024\/07\/SM-2-300x200.jpg 300w, https:\/\/summit-foundation.org\/wp-content\/uploads\/2024\/07\/SM-2-768x512.jpg 768w, https:\/\/summit-foundation.org\/wp-content\/uploads\/2024\/07\/SM-2-1536x1024.jpg 1536w, https:\/\/summit-foundation.org\/wp-content\/uploads\/2024\/07\/SM-2-2048x1365.jpg 2048w, https:\/\/summit-foundation.org\/wp-content\/uploads\/2024\/07\/SM-2-600x400.jpg 600w, https:\/\/summit-foundation.org\/wp-content\/uploads\/2024\/07\/SM-2-scaled.jpg 2560w","medium_srcset":"https:\/\/summit-foundation.org\/wp-content\/uploads\/2024\/07\/SM-2-300x200.jpg 300w, https:\/\/summit-foundation.org\/wp-content\/uploads\/2024\/07\/SM-2-1024x683.jpg 1024w, https:\/\/summit-foundation.org\/wp-content\/uploads\/2024\/07\/SM-2-768x512.jpg 768w, https:\/\/summit-foundation.org\/wp-content\/uploads\/2024\/07\/SM-2-1536x1024.jpg 1536w, https:\/\/summit-foundation.org\/wp-content\/uploads\/2024\/07\/SM-2-2048x1365.jpg 2048w, https:\/\/summit-foundation.org\/wp-content\/uploads\/2024\/07\/SM-2-600x400.jpg 600w, https:\/\/summit-foundation.org\/wp-content\/uploads\/2024\/07\/SM-2-scaled.jpg 2560w","media_details":{"width":2560,"height":1707,"sizes":{"medium":{"file":"SM-2-300x200.jpg","width":300,"height":200,"mime-type":"image\/jpeg","filesize":93569,"source_url":"https:\/\/summit-foundation.org\/wp-content\/uploads\/2024\/07\/SM-2-300x200.jpg"},"large":{"file":"SM-2-1024x683.jpg","width":1024,"height":683,"mime-type":"image\/jpeg","filesize":229619,"source_url":"https:\/\/summit-foundation.org\/wp-content\/uploads\/2024\/07\/SM-2-1024x683.jpg"},"thumbnail":{"file":"SM-2-150x150.jpg","width":150,"height":150,"mime-type":"image\/jpeg","filesize":84245,"source_url":"https:\/\/summit-foundation.org\/wp-content\/uploads\/2024\/07\/SM-2-150x150.jpg"},"medium_large":{"file":"SM-2-768x512.jpg","width":768,"height":512,"mime-type":"image\/jpeg","filesize":166933,"source_url":"https:\/\/summit-foundation.org\/wp-content\/uploads\/2024\/07\/SM-2-768x512.jpg"},"1536x1536":{"file":"SM-2-1536x1024.jpg","width":1536,"height":1024,"mime-type":"image\/jpeg","filesize":396911,"source_url":"https:\/\/summit-foundation.org\/wp-content\/uploads\/2024\/07\/SM-2-1536x1024.jpg"},"2048x2048":{"file":"SM-2-2048x1365.jpg","width":2048,"height":1365,"mime-type":"image\/jpeg","filesize":620516,"source_url":"https:\/\/summit-foundation.org\/wp-content\/uploads\/2024\/07\/SM-2-2048x1365.jpg"},"woocommerce_thumbnail":{"file":"SM-2-300x300.jpg","width":300,"height":300,"mime-type":"image\/jpeg","filesize":102207,"uncropped":false,"source_url":"https:\/\/summit-foundation.org\/wp-content\/uploads\/2024\/07\/SM-2-300x300.jpg"},"woocommerce_single":{"file":"SM-2-600x400.jpg","width":600,"height":400,"mime-type":"image\/jpeg","filesize":134504,"source_url":"https:\/\/summit-foundation.org\/wp-content\/uploads\/2024\/07\/SM-2-600x400.jpg"},"woocommerce_gallery_thumbnail":{"file":"SM-2-100x100.jpg","width":100,"height":100,"mime-type":"image\/jpeg","filesize":80583,"source_url":"https:\/\/summit-foundation.org\/wp-content\/uploads\/2024\/07\/SM-2-100x100.jpg"}}},"alt_text":"","url":"","target":""},{"id":13312,"title":"Sustainable_Mountains_1","caption":"","full_image_url":"https:\/\/summit-foundation.org\/wp-content\/uploads\/2024\/07\/SM-1-scaled.jpg","thumbnail_image_url":"https:\/\/summit-foundation.org\/wp-content\/uploads\/2024\/07\/SM-1-150x150.jpg","large_srcset":"https:\/\/summit-foundation.org\/wp-content\/uploads\/2024\/07\/SM-1-1024x683.jpg 1024w, https:\/\/summit-foundation.org\/wp-content\/uploads\/2024\/07\/SM-1-300x200.jpg 300w, https:\/\/summit-foundation.org\/wp-content\/uploads\/2024\/07\/SM-1-768x512.jpg 768w, https:\/\/summit-foundation.org\/wp-content\/uploads\/2024\/07\/SM-1-1536x1024.jpg 1536w, https:\/\/summit-foundation.org\/wp-content\/uploads\/2024\/07\/SM-1-2048x1365.jpg 2048w, https:\/\/summit-foundation.org\/wp-content\/uploads\/2024\/07\/SM-1-600x400.jpg 600w, https:\/\/summit-foundation.org\/wp-content\/uploads\/2024\/07\/SM-1-scaled.jpg 2560w","medium_srcset":"https:\/\/summit-foundation.org\/wp-content\/uploads\/2024\/07\/SM-1-300x200.jpg 300w, https:\/\/summit-foundation.org\/wp-content\/uploads\/2024\/07\/SM-1-1024x683.jpg 1024w, https:\/\/summit-foundation.org\/wp-content\/uploads\/2024\/07\/SM-1-768x512.jpg 768w, https:\/\/summit-foundation.org\/wp-content\/uploads\/2024\/07\/SM-1-1536x1024.jpg 1536w, https:\/\/summit-foundation.org\/wp-content\/uploads\/2024\/07\/SM-1-2048x1365.jpg 2048w, https:\/\/summit-foundation.org\/wp-content\/uploads\/2024\/07\/SM-1-600x400.jpg 600w, https:\/\/summit-foundation.org\/wp-content\/uploads\/2024\/07\/SM-1-scaled.jpg 2560w","media_details":{"width":2560,"height":1707,"sizes":{"medium":{"file":"SM-1-300x200.jpg","width":300,"height":200,"mime-type":"image\/jpeg","filesize":35505,"source_url":"https:\/\/summit-foundation.org\/wp-content\/uploads\/2024\/07\/SM-1-300x200.jpg"},"large":{"file":"SM-1-1024x683.jpg","width":1024,"height":683,"mime-type":"image\/jpeg","filesize":99842,"source_url":"https:\/\/summit-foundation.org\/wp-content\/uploads\/2024\/07\/SM-1-1024x683.jpg"},"thumbnail":{"file":"SM-1-150x150.jpg","width":150,"height":150,"mime-type":"image\/jpeg","filesize":30087,"source_url":"https:\/\/summit-foundation.org\/wp-content\/uploads\/2024\/07\/SM-1-150x150.jpg"},"medium_large":{"file":"SM-1-768x512.jpg","width":768,"height":512,"mime-type":"image\/jpeg","filesize":71567,"source_url":"https:\/\/summit-foundation.org\/wp-content\/uploads\/2024\/07\/SM-1-768x512.jpg"},"1536x1536":{"file":"SM-1-1536x1024.jpg","width":1536,"height":1024,"mime-type":"image\/jpeg","filesize":172586,"source_url":"https:\/\/summit-foundation.org\/wp-content\/uploads\/2024\/07\/SM-1-1536x1024.jpg"},"2048x2048":{"file":"SM-1-2048x1365.jpg","width":2048,"height":1365,"mime-type":"image\/jpeg","filesize":272140,"source_url":"https:\/\/summit-foundation.org\/wp-content\/uploads\/2024\/07\/SM-1-2048x1365.jpg"},"woocommerce_thumbnail":{"file":"SM-1-300x300.jpg","width":300,"height":300,"mime-type":"image\/jpeg","filesize":41142,"uncropped":false,"source_url":"https:\/\/summit-foundation.org\/wp-content\/uploads\/2024\/07\/SM-1-300x300.jpg"},"woocommerce_single":{"file":"SM-1-600x400.jpg","width":600,"height":400,"mime-type":"image\/jpeg","filesize":56360,"source_url":"https:\/\/summit-foundation.org\/wp-content\/uploads\/2024\/07\/SM-1-600x400.jpg"},"woocommerce_gallery_thumbnail":{"file":"SM-1-100x100.jpg","width":100,"height":100,"mime-type":"image\/jpeg","filesize":27430,"source_url":"https:\/\/summit-foundation.org\/wp-content\/uploads\/2024\/07\/SM-1-100x100.jpg"}}},"alt_text":"","url":"","target":""}]]}},"_links":{"self":[{"href":"https:\/\/summit-foundation.org\/de\/wp-json\/wp\/v2\/pages\/4596","targetHints":{"allow":["GET"]}}],"collection":[{"href":"https:\/\/summit-foundation.org\/de\/wp-json\/wp\/v2\/pages"}],"about":[{"href":"https:\/\/summit-foundation.org\/de\/wp-json\/wp\/v2\/types\/page"}],"author":[{"embeddable":true,"href":"https:\/\/summit-foundation.org\/de\/wp-json\/wp\/v2\/users\/8"}],"replies":[{"embeddable":true,"href":"https:\/\/summit-foundation.org\/de\/wp-json\/wp\/v2\/comments?post=4596"}],"version-history":[{"count":1,"href":"https:\/\/summit-foundation.org\/de\/wp-json\/wp\/v2\/pages\/4596\/revisions"}],"predecessor-version":[{"id":13324,"href":"https:\/\/summit-foundation.org\/de\/wp-json\/wp\/v2\/pages\/4596\/revisions\/13324"}],"wp:featuredmedia":[{"embeddable":true,"href":"https:\/\/summit-foundation.org\/de\/wp-json\/wp\/v2\/media\/13379"}],"wp:attachment":[{"href":"https:\/\/summit-foundation.org\/de\/wp-json\/wp\/v2\/media?parent=4596"}],"curies":[{"name":"wp","href":"https:\/\/api.w.org\/{rel}","templated":true}]}}