{"id":548,"date":"2015-03-11T11:13:54","date_gmt":"2015-03-11T10:13:54","guid":{"rendered":"https:\/\/summit-foundation.org\/wp\/?page_id=548"},"modified":"2025-12-16T12:05:41","modified_gmt":"2025-12-16T11:05:41","slug":"mission-dahu","status":"publish","type":"page","link":"https:\/\/summit-foundation.org\/de\/mission-dahu\/","title":{"rendered":"Dahu-Mission"},"content":{"rendered":"<p>[ezcol_2third]<\/p>\n<h4>En altitude, garde tes bonnes habitudes!<\/h4>\n<p>Mission Dahu est <strong>un jeu p\u00e9dagogique de sensibilisation<\/strong> aux impacts environnementaux des sports et loisirs d\u2019hiver en montagne. Tout au long de leur exp\u00e9rience, les enfants sont accompagn\u00e9s par un animal mythique, le Dahu.<\/p>\n<p>Ce module est t\u00e9l\u00e9chargeable sous deux formes aux contenus adapt\u00e9s :<br \/>\n\u2013\u00a0Une application pour smartphones<br \/>\n\u2013\u00a0Un kit\u00a0p\u00e9dagogique<\/p>\n<h4>En bref<\/h4>\n<p>Le jeu Mission Dahu propose des activit\u00e9s \u00e9ducatives et ludiques destin\u00e9es aux<strong> enfants de 10 \u00e0 12 ans<\/strong>. Il est conforme au Plan d\u2019Etude Romand (PER) et est recommand\u00e9 par \u00e9ducation21.<\/p>\n<p>Disponible en version num\u00e9rique et papier, l\u2019activit\u00e9 p\u00e9dagogique est tr\u00e8s flexible. Elle peut autant \u00eatre mise en place durant un moment de pause au restaurant d\u2019altitude que de fa\u00e7on plus \u00e9tendue et structur\u00e9e durant une semaine de<strong> camp de ski<\/strong>.<\/p>\n<h4>Objectifs<\/h4>\n<p>Au travers du jeu et d\u2019exp\u00e9rimentations sur le terrain, les enfants apprennent que <strong>la pratique des activit\u00e9s hivernales engendre des impacts sur l\u2019environnement.<\/strong><\/p>\n<p>Les \u00e9l\u00e8ves d\u00e9veloppent \u00e9galement leur esprit critique en r\u00e9fl\u00e9chissant aux diff\u00e9rents moyens d\u2019action.<\/p>\n<h4>Th\u00e9matiques<\/h4>\n<p>Le jeu s\u2019articule autour de 5 th\u00e9matiques environnementales : <strong>faune et flore, d\u00e9chets, transports, mat\u00e9riel de sport\u00a0et alimentation<\/strong>.<\/p>\n<p>Le lien pour t\u00e9l\u00e9charger l\u2019application ainsi que le kit complet au format PDF \u2013 comprenant le manuel p\u00e9dagogique, les fiches missions, les fiches th\u00e9orie et les autres supports \u2013 sont disponibles sur le site internet\u00a0<a href=\"http:\/\/www.missiondahu.ch\" target=\"_blank\" rel=\"noopener\">www.missiondahu.ch<\/a>.<\/p>\n<hr \/>\n<p>Mission Dahu a \u00e9t\u00e9 r\u00e9alis\u00e9 en partenariat par Summit Foundation et l'association romande ECHO impulsion.<\/p>\n<p>[\/ezcol_2third]<\/p>\n<p>[ezcol_1third_end]<\/p>\n<p><a href=\"http:\/\/www.missiondahu.ch\/\" target=\"_blank\" rel=\"noopener\"><img loading=\"lazy\" decoding=\"async\" class=\"alignnone wp-image-561 size-full aligncenter\" title=\"Mission_Dahu_Summit_Foundation_Ecological\" src=\"https:\/\/summit-foundation.org\/wp\/wp-content\/uploads\/2015\/03\/md_logo_vide_17.12.2014.jpg\" alt=\"md_logo_vide_17.12.2014\" width=\"759\" height=\"805\" \/><\/a><\/p>\n<p>Pour en savoir plus, visitez <a href=\"http:\/\/www.missiondahu.ch\" target=\"_blank\" rel=\"noopener\">www.missiondahu.ch<\/a>.<\/p>\n<p style=\"text-align: left;\">L'app est \u00e9galement disponible sur<\/p>\n<p style=\"text-align: left;\"><a href=\"http:\/\/www.missiondahu.ch\/\" target=\"_blank\" rel=\"noopener\"><img loading=\"lazy\" decoding=\"async\" class=\"alignnone wp-image-1492 size-full\" src=\"https:\/\/summit-foundation.org\/wp\/wp-content\/uploads\/2015\/03\/appstore-e1479741201507.png\" alt=\"appstore\" width=\"120\" height=\"35\" \/><\/a>\u00a0\u00a0<a href=\"http:\/\/www.missiondahu.ch\/\" target=\"_blank\" rel=\"noopener\"><img loading=\"lazy\" decoding=\"async\" class=\"alignnone size-full wp-image-1493\" src=\"https:\/\/summit-foundation.org\/wp\/wp-content\/uploads\/2015\/03\/googleplay-e1479741218276.png\" alt=\"googleplay\" width=\"120\" height=\"36\" \/><\/a><a href=\"http:\/\/www.missiondahu.ch\/\" target=\"_blank\" rel=\"noopener\"><br \/>\n<\/a><\/p>\n<p style=\"text-align: left;\">[\/ezcol_1third_end]<\/p>\n","protected":false},"excerpt":{"rendered":"<p>[ezcol_2third] En altitude, garde tes bonnes habitudes! Mission Dahu est un jeu p\u00e9dagogique de sensibilisation aux impacts environnementaux des sports et loisirs d\u2019hiver en montagne. Tout au long de leur exp\u00e9rience, les enfants sont accompagn\u00e9s par un animal mythique, le Dahu. Ce module est t\u00e9l\u00e9chargeable sous deux formes aux contenus adapt\u00e9s : \u2013\u00a0Une application pour [&hellip;]<\/p>\n","protected":false},"author":8,"featured_media":14414,"parent":0,"menu_order":0,"comment_status":"closed","ping_status":"closed","template":"","meta":{"_acf_changed":false,"footnotes":""},"class_list":["post-548","page","type-page","status-publish","has-post-thumbnail","hentry"],"acf":{"photo_gallery":{"gallerie_de_photo":[[{"id":13274,"title":"Mission_Dahu4_@tanguybibus","caption":"","full_image_url":"https:\/\/summit-foundation.org\/wp-content\/uploads\/2024\/07\/Mission-Dahu-4-scaled.jpg","thumbnail_image_url":"https:\/\/summit-foundation.org\/wp-content\/uploads\/2024\/07\/Mission-Dahu-4-150x150.jpg","large_srcset":"https:\/\/summit-foundation.org\/wp-content\/uploads\/2024\/07\/Mission-Dahu-4-768x1024.jpg 768w, https:\/\/summit-foundation.org\/wp-content\/uploads\/2024\/07\/Mission-Dahu-4-225x300.jpg 225w, https:\/\/summit-foundation.org\/wp-content\/uploads\/2024\/07\/Mission-Dahu-4-1152x1536.jpg 1152w, https:\/\/summit-foundation.org\/wp-content\/uploads\/2024\/07\/Mission-Dahu-4-1536x2048.jpg 1536w, https:\/\/summit-foundation.org\/wp-content\/uploads\/2024\/07\/Mission-Dahu-4-600x800.jpg 600w, https:\/\/summit-foundation.org\/wp-content\/uploads\/2024\/07\/Mission-Dahu-4-scaled.jpg 1920w","medium_srcset":"https:\/\/summit-foundation.org\/wp-content\/uploads\/2024\/07\/Mission-Dahu-4-225x300.jpg 225w, https:\/\/summit-foundation.org\/wp-content\/uploads\/2024\/07\/Mission-Dahu-4-768x1024.jpg 768w, https:\/\/summit-foundation.org\/wp-content\/uploads\/2024\/07\/Mission-Dahu-4-1152x1536.jpg 1152w, https:\/\/summit-foundation.org\/wp-content\/uploads\/2024\/07\/Mission-Dahu-4-1536x2048.jpg 1536w, https:\/\/summit-foundation.org\/wp-content\/uploads\/2024\/07\/Mission-Dahu-4-600x800.jpg 600w, https:\/\/summit-foundation.org\/wp-content\/uploads\/2024\/07\/Mission-Dahu-4-scaled.jpg 1920w","media_details":{"width":1920,"height":2560,"sizes":{"medium":{"file":"Mission-Dahu-4-225x300.jpg","width":225,"height":300,"mime-type":"image\/jpeg","filesize":73737,"source_url":"https:\/\/summit-foundation.org\/wp-content\/uploads\/2024\/07\/Mission-Dahu-4-225x300.jpg"},"large":{"file":"Mission-Dahu-4-768x1024.jpg","width":768,"height":1024,"mime-type":"image\/jpeg","filesize":264775,"source_url":"https:\/\/summit-foundation.org\/wp-content\/uploads\/2024\/07\/Mission-Dahu-4-768x1024.jpg"},"thumbnail":{"file":"Mission-Dahu-4-150x150.jpg","width":150,"height":150,"mime-type":"image\/jpeg","filesize":58135,"source_url":"https:\/\/summit-foundation.org\/wp-content\/uploads\/2024\/07\/Mission-Dahu-4-150x150.jpg"},"medium_large":{"file":"Mission-Dahu-4-768x1024.jpg","width":768,"height":1024,"mime-type":"image\/jpeg","filesize":264775,"source_url":"https:\/\/summit-foundation.org\/wp-content\/uploads\/2024\/07\/Mission-Dahu-4-768x1024.jpg"},"1536x1536":{"file":"Mission-Dahu-4-1152x1536.jpg","width":1152,"height":1536,"mime-type":"image\/jpeg","filesize":479466,"source_url":"https:\/\/summit-foundation.org\/wp-content\/uploads\/2024\/07\/Mission-Dahu-4-1152x1536.jpg"},"2048x2048":{"file":"Mission-Dahu-4-1536x2048.jpg","width":1536,"height":2048,"mime-type":"image\/jpeg","filesize":752341,"source_url":"https:\/\/summit-foundation.org\/wp-content\/uploads\/2024\/07\/Mission-Dahu-4-1536x2048.jpg"},"woocommerce_thumbnail":{"file":"Mission-Dahu-4-300x300.jpg","width":300,"height":300,"mime-type":"image\/jpeg","filesize":81831,"uncropped":false,"source_url":"https:\/\/summit-foundation.org\/wp-content\/uploads\/2024\/07\/Mission-Dahu-4-300x300.jpg"},"woocommerce_single":{"file":"Mission-Dahu-4-600x800.jpg","width":600,"height":800,"mime-type":"image\/jpeg","filesize":189854,"source_url":"https:\/\/summit-foundation.org\/wp-content\/uploads\/2024\/07\/Mission-Dahu-4-600x800.jpg"},"woocommerce_gallery_thumbnail":{"file":"Mission-Dahu-4-100x100.jpg","width":100,"height":100,"mime-type":"image\/jpeg","filesize":53304,"source_url":"https:\/\/summit-foundation.org\/wp-content\/uploads\/2024\/07\/Mission-Dahu-4-100x100.jpg"}}},"alt_text":"","url":"","target":""},{"id":13271,"title":"Mission_Dahu3_@tanguybibus","caption":"","full_image_url":"https:\/\/summit-foundation.org\/wp-content\/uploads\/2024\/07\/Mission-Dahu-3-scaled.jpg","thumbnail_image_url":"https:\/\/summit-foundation.org\/wp-content\/uploads\/2024\/07\/Mission-Dahu-3-150x150.jpg","large_srcset":"https:\/\/summit-foundation.org\/wp-content\/uploads\/2024\/07\/Mission-Dahu-3-683x1024.jpg 683w, https:\/\/summit-foundation.org\/wp-content\/uploads\/2024\/07\/Mission-Dahu-3-200x300.jpg 200w, https:\/\/summit-foundation.org\/wp-content\/uploads\/2024\/07\/Mission-Dahu-3-768x1152.jpg 768w, https:\/\/summit-foundation.org\/wp-content\/uploads\/2024\/07\/Mission-Dahu-3-1024x1536.jpg 1024w, https:\/\/summit-foundation.org\/wp-content\/uploads\/2024\/07\/Mission-Dahu-3-1365x2048.jpg 1365w, https:\/\/summit-foundation.org\/wp-content\/uploads\/2024\/07\/Mission-Dahu-3-600x900.jpg 600w, https:\/\/summit-foundation.org\/wp-content\/uploads\/2024\/07\/Mission-Dahu-3-scaled.jpg 1707w","medium_srcset":"https:\/\/summit-foundation.org\/wp-content\/uploads\/2024\/07\/Mission-Dahu-3-200x300.jpg 200w, https:\/\/summit-foundation.org\/wp-content\/uploads\/2024\/07\/Mission-Dahu-3-683x1024.jpg 683w, https:\/\/summit-foundation.org\/wp-content\/uploads\/2024\/07\/Mission-Dahu-3-768x1152.jpg 768w, https:\/\/summit-foundation.org\/wp-content\/uploads\/2024\/07\/Mission-Dahu-3-1024x1536.jpg 1024w, https:\/\/summit-foundation.org\/wp-content\/uploads\/2024\/07\/Mission-Dahu-3-1365x2048.jpg 1365w, https:\/\/summit-foundation.org\/wp-content\/uploads\/2024\/07\/Mission-Dahu-3-600x900.jpg 600w, https:\/\/summit-foundation.org\/wp-content\/uploads\/2024\/07\/Mission-Dahu-3-scaled.jpg 1707w","media_details":{"width":1707,"height":2560,"sizes":{"medium":{"file":"Mission-Dahu-3-200x300.jpg","width":200,"height":300,"mime-type":"image\/jpeg","filesize":57919,"source_url":"https:\/\/summit-foundation.org\/wp-content\/uploads\/2024\/07\/Mission-Dahu-3-200x300.jpg"},"large":{"file":"Mission-Dahu-3-683x1024.jpg","width":683,"height":1024,"mime-type":"image\/jpeg","filesize":297283,"source_url":"https:\/\/summit-foundation.org\/wp-content\/uploads\/2024\/07\/Mission-Dahu-3-683x1024.jpg"},"thumbnail":{"file":"Mission-Dahu-3-150x150.jpg","width":150,"height":150,"mime-type":"image\/jpeg","filesize":44154,"source_url":"https:\/\/summit-foundation.org\/wp-content\/uploads\/2024\/07\/Mission-Dahu-3-150x150.jpg"},"medium_large":{"file":"Mission-Dahu-3-768x1152.jpg","width":768,"height":1152,"mime-type":"image\/jpeg","filesize":364599,"source_url":"https:\/\/summit-foundation.org\/wp-content\/uploads\/2024\/07\/Mission-Dahu-3-768x1152.jpg"},"1536x1536":{"file":"Mission-Dahu-3-1024x1536.jpg","width":1024,"height":1536,"mime-type":"image\/jpeg","filesize":611527,"source_url":"https:\/\/summit-foundation.org\/wp-content\/uploads\/2024\/07\/Mission-Dahu-3-1024x1536.jpg"},"2048x2048":{"file":"Mission-Dahu-3-1365x2048.jpg","width":1365,"height":2048,"mime-type":"image\/jpeg","filesize":1033796,"source_url":"https:\/\/summit-foundation.org\/wp-content\/uploads\/2024\/07\/Mission-Dahu-3-1365x2048.jpg"},"woocommerce_thumbnail":{"file":"Mission-Dahu-3-300x300.jpg","width":300,"height":300,"mime-type":"image\/jpeg","filesize":69896,"uncropped":false,"source_url":"https:\/\/summit-foundation.org\/wp-content\/uploads\/2024\/07\/Mission-Dahu-3-300x300.jpg"},"woocommerce_single":{"file":"Mission-Dahu-3-600x900.jpg","width":600,"height":900,"mime-type":"image\/jpeg","filesize":237709,"source_url":"https:\/\/summit-foundation.org\/wp-content\/uploads\/2024\/07\/Mission-Dahu-3-600x900.jpg"},"woocommerce_gallery_thumbnail":{"file":"Mission-Dahu-3-100x100.jpg","width":100,"height":100,"mime-type":"image\/jpeg","filesize":39599,"source_url":"https:\/\/summit-foundation.org\/wp-content\/uploads\/2024\/07\/Mission-Dahu-3-100x100.jpg"}}},"alt_text":"","url":"","target":""},{"id":13268,"title":"Mission_Dahu2_@tanguybibus","caption":"","full_image_url":"https:\/\/summit-foundation.org\/wp-content\/uploads\/2024\/07\/Mission-Dahu-2-scaled.jpg","thumbnail_image_url":"https:\/\/summit-foundation.org\/wp-content\/uploads\/2024\/07\/Mission-Dahu-2-150x150.jpg","large_srcset":"https:\/\/summit-foundation.org\/wp-content\/uploads\/2024\/07\/Mission-Dahu-2-768x1024.jpg 768w, https:\/\/summit-foundation.org\/wp-content\/uploads\/2024\/07\/Mission-Dahu-2-225x300.jpg 225w, https:\/\/summit-foundation.org\/wp-content\/uploads\/2024\/07\/Mission-Dahu-2-1152x1536.jpg 1152w, https:\/\/summit-foundation.org\/wp-content\/uploads\/2024\/07\/Mission-Dahu-2-1536x2048.jpg 1536w, https:\/\/summit-foundation.org\/wp-content\/uploads\/2024\/07\/Mission-Dahu-2-600x800.jpg 600w, https:\/\/summit-foundation.org\/wp-content\/uploads\/2024\/07\/Mission-Dahu-2-scaled.jpg 1920w","medium_srcset":"https:\/\/summit-foundation.org\/wp-content\/uploads\/2024\/07\/Mission-Dahu-2-225x300.jpg 225w, https:\/\/summit-foundation.org\/wp-content\/uploads\/2024\/07\/Mission-Dahu-2-768x1024.jpg 768w, https:\/\/summit-foundation.org\/wp-content\/uploads\/2024\/07\/Mission-Dahu-2-1152x1536.jpg 1152w, https:\/\/summit-foundation.org\/wp-content\/uploads\/2024\/07\/Mission-Dahu-2-1536x2048.jpg 1536w, https:\/\/summit-foundation.org\/wp-content\/uploads\/2024\/07\/Mission-Dahu-2-600x800.jpg 600w, https:\/\/summit-foundation.org\/wp-content\/uploads\/2024\/07\/Mission-Dahu-2-scaled.jpg 1920w","media_details":{"width":1920,"height":2560,"sizes":{"medium":{"file":"Mission-Dahu-2-225x300.jpg","width":225,"height":300,"mime-type":"image\/jpeg","filesize":63646,"source_url":"https:\/\/summit-foundation.org\/wp-content\/uploads\/2024\/07\/Mission-Dahu-2-225x300.jpg"},"large":{"file":"Mission-Dahu-2-768x1024.jpg","width":768,"height":1024,"mime-type":"image\/jpeg","filesize":323043,"source_url":"https:\/\/summit-foundation.org\/wp-content\/uploads\/2024\/07\/Mission-Dahu-2-768x1024.jpg"},"thumbnail":{"file":"Mission-Dahu-2-150x150.jpg","width":150,"height":150,"mime-type":"image\/jpeg","filesize":47968,"source_url":"https:\/\/summit-foundation.org\/wp-content\/uploads\/2024\/07\/Mission-Dahu-2-150x150.jpg"},"medium_large":{"file":"Mission-Dahu-2-768x1024.jpg","width":768,"height":1024,"mime-type":"image\/jpeg","filesize":323043,"source_url":"https:\/\/summit-foundation.org\/wp-content\/uploads\/2024\/07\/Mission-Dahu-2-768x1024.jpg"},"1536x1536":{"file":"Mission-Dahu-2-1152x1536.jpg","width":1152,"height":1536,"mime-type":"image\/jpeg","filesize":666818,"source_url":"https:\/\/summit-foundation.org\/wp-content\/uploads\/2024\/07\/Mission-Dahu-2-1152x1536.jpg"},"2048x2048":{"file":"Mission-Dahu-2-1536x2048.jpg","width":1536,"height":2048,"mime-type":"image\/jpeg","filesize":1124678,"source_url":"https:\/\/summit-foundation.org\/wp-content\/uploads\/2024\/07\/Mission-Dahu-2-1536x2048.jpg"},"woocommerce_thumbnail":{"file":"Mission-Dahu-2-300x300.jpg","width":300,"height":300,"mime-type":"image\/jpeg","filesize":74343,"uncropped":false,"source_url":"https:\/\/summit-foundation.org\/wp-content\/uploads\/2024\/07\/Mission-Dahu-2-300x300.jpg"},"woocommerce_single":{"file":"Mission-Dahu-2-600x800.jpg","width":600,"height":800,"mime-type":"image\/jpeg","filesize":211705,"source_url":"https:\/\/summit-foundation.org\/wp-content\/uploads\/2024\/07\/Mission-Dahu-2-600x800.jpg"},"woocommerce_gallery_thumbnail":{"file":"Mission-Dahu-2-100x100.jpg","width":100,"height":100,"mime-type":"image\/jpeg","filesize":43087,"source_url":"https:\/\/summit-foundation.org\/wp-content\/uploads\/2024\/07\/Mission-Dahu-2-100x100.jpg"}}},"alt_text":"","url":"","target":""},{"id":13265,"title":"Mission_Dahu1_@tanguybibus","caption":"","full_image_url":"https:\/\/summit-foundation.org\/wp-content\/uploads\/2024\/07\/Mission-Dahu-1-scaled.jpg","thumbnail_image_url":"https:\/\/summit-foundation.org\/wp-content\/uploads\/2024\/07\/Mission-Dahu-1-150x150.jpg","large_srcset":"https:\/\/summit-foundation.org\/wp-content\/uploads\/2024\/07\/Mission-Dahu-1-768x1024.jpg 768w, https:\/\/summit-foundation.org\/wp-content\/uploads\/2024\/07\/Mission-Dahu-1-225x300.jpg 225w, https:\/\/summit-foundation.org\/wp-content\/uploads\/2024\/07\/Mission-Dahu-1-1152x1536.jpg 1152w, https:\/\/summit-foundation.org\/wp-content\/uploads\/2024\/07\/Mission-Dahu-1-1536x2048.jpg 1536w, https:\/\/summit-foundation.org\/wp-content\/uploads\/2024\/07\/Mission-Dahu-1-600x800.jpg 600w, https:\/\/summit-foundation.org\/wp-content\/uploads\/2024\/07\/Mission-Dahu-1-scaled.jpg 1920w","medium_srcset":"https:\/\/summit-foundation.org\/wp-content\/uploads\/2024\/07\/Mission-Dahu-1-225x300.jpg 225w, https:\/\/summit-foundation.org\/wp-content\/uploads\/2024\/07\/Mission-Dahu-1-768x1024.jpg 768w, https:\/\/summit-foundation.org\/wp-content\/uploads\/2024\/07\/Mission-Dahu-1-1152x1536.jpg 1152w, https:\/\/summit-foundation.org\/wp-content\/uploads\/2024\/07\/Mission-Dahu-1-1536x2048.jpg 1536w, https:\/\/summit-foundation.org\/wp-content\/uploads\/2024\/07\/Mission-Dahu-1-600x800.jpg 600w, https:\/\/summit-foundation.org\/wp-content\/uploads\/2024\/07\/Mission-Dahu-1-scaled.jpg 1920w","media_details":{"width":1920,"height":2560,"sizes":{"medium":{"file":"Mission-Dahu-1-225x300.jpg","width":225,"height":300,"mime-type":"image\/jpeg","filesize":72291,"source_url":"https:\/\/summit-foundation.org\/wp-content\/uploads\/2024\/07\/Mission-Dahu-1-225x300.jpg"},"large":{"file":"Mission-Dahu-1-768x1024.jpg","width":768,"height":1024,"mime-type":"image\/jpeg","filesize":354864,"source_url":"https:\/\/summit-foundation.org\/wp-content\/uploads\/2024\/07\/Mission-Dahu-1-768x1024.jpg"},"thumbnail":{"file":"Mission-Dahu-1-150x150.jpg","width":150,"height":150,"mime-type":"image\/jpeg","filesize":55032,"source_url":"https:\/\/summit-foundation.org\/wp-content\/uploads\/2024\/07\/Mission-Dahu-1-150x150.jpg"},"medium_large":{"file":"Mission-Dahu-1-768x1024.jpg","width":768,"height":1024,"mime-type":"image\/jpeg","filesize":354864,"source_url":"https:\/\/summit-foundation.org\/wp-content\/uploads\/2024\/07\/Mission-Dahu-1-768x1024.jpg"},"1536x1536":{"file":"Mission-Dahu-1-1152x1536.jpg","width":1152,"height":1536,"mime-type":"image\/jpeg","filesize":729552,"source_url":"https:\/\/summit-foundation.org\/wp-content\/uploads\/2024\/07\/Mission-Dahu-1-1152x1536.jpg"},"2048x2048":{"file":"Mission-Dahu-1-1536x2048.jpg","width":1536,"height":2048,"mime-type":"image\/jpeg","filesize":1231765,"source_url":"https:\/\/summit-foundation.org\/wp-content\/uploads\/2024\/07\/Mission-Dahu-1-1536x2048.jpg"},"woocommerce_thumbnail":{"file":"Mission-Dahu-1-300x300.jpg","width":300,"height":300,"mime-type":"image\/jpeg","filesize":81356,"uncropped":false,"source_url":"https:\/\/summit-foundation.org\/wp-content\/uploads\/2024\/07\/Mission-Dahu-1-300x300.jpg"},"woocommerce_single":{"file":"Mission-Dahu-1-600x800.jpg","width":600,"height":800,"mime-type":"image\/jpeg","filesize":234280,"source_url":"https:\/\/summit-foundation.org\/wp-content\/uploads\/2024\/07\/Mission-Dahu-1-600x800.jpg"},"woocommerce_gallery_thumbnail":{"file":"Mission-Dahu-1-100x100.jpg","width":100,"height":100,"mime-type":"image\/jpeg","filesize":50357,"source_url":"https:\/\/summit-foundation.org\/wp-content\/uploads\/2024\/07\/Mission-Dahu-1-100x100.jpg"}}},"alt_text":"","url":"","target":""}]]}},"_links":{"self":[{"href":"https:\/\/summit-foundation.org\/de\/wp-json\/wp\/v2\/pages\/548","targetHints":{"allow":["GET"]}}],"collection":[{"href":"https:\/\/summit-foundation.org\/de\/wp-json\/wp\/v2\/pages"}],"about":[{"href":"https:\/\/summit-foundation.org\/de\/wp-json\/wp\/v2\/types\/page"}],"author":[{"embeddable":true,"href":"https:\/\/summit-foundation.org\/de\/wp-json\/wp\/v2\/users\/8"}],"replies":[{"embeddable":true,"href":"https:\/\/summit-foundation.org\/de\/wp-json\/wp\/v2\/comments?post=548"}],"version-history":[{"count":1,"href":"https:\/\/summit-foundation.org\/de\/wp-json\/wp\/v2\/pages\/548\/revisions"}],"predecessor-version":[{"id":13160,"href":"https:\/\/summit-foundation.org\/de\/wp-json\/wp\/v2\/pages\/548\/revisions\/13160"}],"wp:featuredmedia":[{"embeddable":true,"href":"https:\/\/summit-foundation.org\/de\/wp-json\/wp\/v2\/media\/14414"}],"wp:attachment":[{"href":"https:\/\/summit-foundation.org\/de\/wp-json\/wp\/v2\/media?parent=548"}],"curies":[{"name":"wp","href":"https:\/\/api.w.org\/{rel}","templated":true}]}}