{"id":8830,"date":"2021-01-05T16:21:04","date_gmt":"2021-01-05T15:21:04","guid":{"rendered":"https:\/\/summit-foundation.org\/?page_id=8830"},"modified":"2024-08-22T08:19:33","modified_gmt":"2024-08-22T08:19:33","slug":"invisible","status":"publish","type":"page","link":"https:\/\/summit-foundation.org\/de\/invisible\/","title":{"rendered":"Das Unsichtbare sichtbar machen"},"content":{"rendered":"\n<div class=\"wp-block-columns is-layout-flex wp-container-core-columns-is-layout-28f84493 wp-block-columns-is-layout-flex\">\n<div class=\"wp-block-column is-layout-flow wp-block-column-is-layout-flow\">\n<p>Les \u00e9tudes sur les micro-d\u00e9chets et les microplastiques en particulier s'accumulent pour d\u00e9terminer leurs impacts dans l\u2019environnement et leur risque pour la sant\u00e9. Les plastiques sont \u00e9tudi\u00e9s depuis des ann\u00e9es, notamment leurs r\u00e9percussions dans les oc\u00e9ans et les s\u00e9quelles sur la faune, mais les connaissances de l\u2019impact de leur <strong>fragmentation<\/strong> est encore lacunaire.<\/p>\n\n\n\n<p>Les micro-d\u00e9chets ont une<strong> taille inf\u00e9rieure \u00e0 5mm<\/strong> et sont omnipr\u00e9sents dans les \u00e9cosyst\u00e8mes. Facilement lessiv\u00e9s par les eaux de pluie et les eaux de fonte, ils peuvent \u00eatre transport\u00e9s sur de tr\u00e8s longues distances et affecter toute la cha\u00eene alimentaire. En effet, les organismes peuvent ais\u00e9ment les ing\u00e9rer. <strong>Non biod\u00e9gradables<\/strong>, ils <strong>s\u2019accumulent<\/strong> dans l\u2019environnement, et tout au long de la cha\u00eene alimentaire\u00a0: c\u2019est ce que l\u2019on nomme les ph\u00e9nom\u00e8nes de <strong>bioaccumulation<\/strong> et de <strong>bioamplification<\/strong>.<\/p>\n<\/div>\n\n\n\n<div class=\"wp-block-column is-layout-flow wp-block-column-is-layout-flow\">\n<p>Ce projet r\u00e9alis\u00e9 par Claude Bernhard pour Summit Foundation, rassemble 20 images de fragments de micro-plastiques, tous d'<strong>une taille comprise entre 1 et 5mm<\/strong>. La d\u00e9marche de la photographe valaisanne vise \u00e0 rendre visible l'invisble, pour r\u00e9pondre \u00e0 la question que nous sommes nombreux \u00e0 nous poser: \"Les micro-plastiques, \u00e7a ressemble \u00e0 quoi?\".   <\/p>\n\n\n\n<p>Retrouvez ci-dessous les photographies de Claude Bernhard. Chaque semaine, une nouvelle image viendra compl\u00e9ter cette galerie jusqu'au printemps 2021 et l'arriv\u00e9e d'une nouvelle saison de ramassage en montagne. <\/p>\n<\/div>\n<\/div>\n\n\n\n<hr class=\"wp-block-separator has-css-opacity is-style-wide\"\/>\n\n\n\n<p>[FinalTilesGallery id='2']<\/p>\n\n\n\n<hr class=\"wp-block-separator has-css-opacity is-style-wide\"\/>\n\n\n\n<h4 class=\"wp-block-heading\">Le probl\u00e8me dans le monde<\/h4>\n\n\n\n<div class=\"wp-block-columns is-layout-flex wp-container-core-columns-is-layout-28f84493 wp-block-columns-is-layout-flex\">\n<div class=\"wp-block-column is-layout-flow wp-block-column-is-layout-flow\">\n<p>La production annuelle de plastique a atteint 348 millions de tonnes en 2017 (Source:&nbsp;<a href=\"https:\/\/www.plasticseurope.org\/fr\/resources\/market-data\" target=\"_blank\" rel=\"noreferrer noopener\">PlasticsEurope<\/a>) et cette quantit\u00e9 devrait doubler d\u2019ici 2030 (Source:&nbsp;<a href=\"https:\/\/www.boell.de\/sites\/default\/files\/2020-01\/Plastic%20Atlas%202019%202nd%20Edition.pdf?dimension1=ds_plastic_atlas\" target=\"_blank\" rel=\"noreferrer noopener\">Heinrich B\u00f6ll Stiftung<\/a>). La moiti\u00e9 sert aux emballages \u00e0 usage unique.<\/p>\n\n\n\n<p>Selon les \u00e9tudes, 3% \u00e0 10% sont d\u00e9vers\u00e9s dans l\u2019environnement, o\u00f9 le plastique se fragmente, jusqu\u2019\u00e0 se retrouver absolument partout. Selon une \u00e9tude publi\u00e9e en 2019,&nbsp;<strong>un \u00eatre humain ing\u00e8re en moyenne plus de 5g de micro-plastiques&nbsp;<\/strong>par semaine, l\u2019\u00e9quivalent d\u2019une carte de cr\u00e9dit (Source:&nbsp;<a href=\"https:\/\/awsassets.panda.org\/downloads\/plastic_ingestion_press_singles.pdf\" target=\"_blank\" rel=\"noreferrer noopener\">WWF<\/a>) !<\/p>\n<\/div>\n\n\n\n<div class=\"wp-block-column is-layout-flow wp-block-column-is-layout-flow\">\n<p>Au-del\u00e0 du transport des d\u00e9chets (macro-d\u00e9chets, micro-d\u00e9chets et nano-d\u00e9chets) par l\u2019eau, les micro-plastiques sont \u00e9galement transport\u00e9s par le vent.<\/p>\n\n\n\n<p>Le plastique menace la s\u00e9curit\u00e9 alimentaire, la sant\u00e9 humaine, le tourisme sur les c\u00f4tes et contribue au changement climatique.<\/p>\n<\/div>\n<\/div>\n\n\n\n<hr class=\"wp-block-separator has-css-opacity is-style-wide\"\/>\n\n\n\n<h4 class=\"wp-block-heading\">Le probl\u00e8me en Suisse<\/h4>\n\n\n\n<div class=\"wp-block-columns is-layout-flex wp-container-core-columns-is-layout-28f84493 wp-block-columns-is-layout-flex\">\n<div class=\"wp-block-column is-layout-flow wp-block-column-is-layout-flow\">\n<p><strong>50 tonnes de plastique<\/strong>&nbsp;entreraient chaque ann\u00e9e dans le L\u00e9man (source:&nbsp;<a href=\"https:\/\/www.sciencedirect.com\/science\/article\/pii\/S0165993618304436\" target=\"_blank\" rel=\"noreferrer noopener\">ScienceDirect<\/a>).<\/p>\n\n\n\n<p>Selon les mod\u00e8les,&nbsp;<strong>1% \u00e0 5% des plastiques sont en suspension dans l\u2019eau<\/strong>, le reste coule au fond.<\/p>\n\n\n\n<p>R\u00e9sultat:&nbsp;<strong>&lt;5 tonnes par an ressortent du L\u00e9man<\/strong>&nbsp;par le Rh\u00f4ne.<\/p>\n\n\n\n<p><strong>De premiers travaux scientifiques ont montr\u00e9 leur pr\u00e9sence dans des r\u00e9gions totalement inhabit\u00e9es<\/strong>,  y compris dans des lacs de montagne au-del\u00e0 de 1500m (Source:&nbsp;<a href=\"https:\/\/www.aqualti.org\/\" target=\"_blank\" rel=\"noreferrer noopener\">Aqualti<\/a>).<\/p>\n<\/div>\n\n\n\n<div class=\"wp-block-column is-layout-flow wp-block-column-is-layout-flow\">\n<p>La Suisse est le ch\u00e2teau d\u2019eau de l\u2019Europe. Or nos eaux sont aussi pollu\u00e9es que le sont celles de la Mer M\u00e9diterran\u00e9e (Source:&nbsp;<a href=\"https:\/\/www.oceaneye.ch\/14-07-2019\/\" target=\"_blank\" rel=\"noreferrer noopener\">Oceaneye<\/a>).<\/p>\n\n\n\n<p><strong>Il est urgent d\u2019agir contre la pollution aux plastiques, aussi dans nos montagnes et nos eaux,<\/strong>&nbsp;en documentant davantage la probl\u00e9matique, en informant le grand-public pour une prise de conscience des enjeux et en faisant conna\u00eetre les solutions alternatives aux emballages \u00e0 usage unique, toujours plus nombreuses et plus performantes.<\/p>\n<\/div>\n<\/div>\n\n\n\n<hr class=\"wp-block-separator has-css-opacity is-style-wide\"\/>\n\n\n\n<div class=\"wp-block-columns is-layout-flex wp-container-core-columns-is-layout-28f84493 wp-block-columns-is-layout-flex\">\n<div class=\"wp-block-column is-layout-flow wp-block-column-is-layout-flow\">\n<h4 class=\"wp-block-heading\"><strong>Claude Bernhard<\/strong><\/h4>\n\n\n\n<p>G\u00e9ochimiste de formation, avec une sp\u00e9cialisation dans les datations d\u2019eaux souterraines en milieux arides, Claude Bernhard travaille actuellement comme journaliste scientifique et photographe-reporter, principalement sur les th\u00e9matiques li\u00e9es au r\u00e9chauffement climatique dans les Alpes et aux questions relatives aux ressources en eau. <\/p>\n\n\n\n<p>Auteure de deux ouvrages richement illustr\u00e9s (\"Evol\u00e8ne, Regard sur un paysage\" et <em>\"<\/em>La Voix des Eaux, des Alpes au L\u00e9man\"), elle cherche \u00e0 offrir un nouveau regard sur les enjeux environnementaux, alliant la pertinence scientifique \u00e0 l\u2019esth\u00e9tique de la photographie.<\/p>\n\n\n\n<p>D\u00e9couvrir son univers\u00a0: <a href=\"http:\/\/www.claudebernhard.com\" target=\"_blank\" rel=\"noreferrer noopener\">www.claudebernhard.com<\/a><\/p>\n<\/div>\n\n\n\n<div class=\"wp-block-column is-layout-flow wp-block-column-is-layout-flow\">\n<h4 class=\"wp-block-heading\"><strong>Remerciements <\/strong><\/h4>\n\n\n\n<ul class=\"wp-block-list\">\n<li>Claude Bernhard<\/li>\n\n\n\n<li>Nathalie Ch\u00e8vre, UNIL<\/li>\n\n\n\n<li>Serge Stoll, UNIGE<\/li>\n\n\n\n<li>Hans-Rudolf Pfeifer, UNIL<\/li>\n\n\n\n<li>Ninian Hubert Van Blyenburgh, UNIGE<\/li>\n\n\n\n<li>Hans Peter Kohler, EAWAG<\/li>\n\n\n\n<li>Marc Bernard, Service de l'environnement, Section protection des eaux, Canton du Valais<\/li>\n\n\n\n<li>Pierre-Yves Bernhard<\/li>\n\n\n\n<li>Commission internationale pour la protection des eaux du L\u00e9man, CIPEL<\/li>\n<\/ul>\n<\/div>\n<\/div>\n","protected":false},"excerpt":{"rendered":"<p>Les \u00e9tudes sur les micro-d\u00e9chets et les microplastiques en particulier s'accumulent pour d\u00e9terminer leurs impacts dans l\u2019environnement et leur risque pour la sant\u00e9. Les plastiques sont \u00e9tudi\u00e9s depuis des ann\u00e9es, notamment leurs r\u00e9percussions dans les oc\u00e9ans et les s\u00e9quelles sur la faune, mais les connaissances de l\u2019impact de leur fragmentation est encore lacunaire. Les micro-d\u00e9chets [&hellip;]<\/p>\n","protected":false},"author":8,"featured_media":13574,"parent":0,"menu_order":0,"comment_status":"closed","ping_status":"closed","template":"","meta":{"_acf_changed":false,"footnotes":""},"class_list":["post-8830","page","type-page","status-publish","has-post-thumbnail","hentry"],"acf":{"photo_gallery":{"gallerie_de_photo":[[]]}},"_links":{"self":[{"href":"https:\/\/summit-foundation.org\/de\/wp-json\/wp\/v2\/pages\/8830","targetHints":{"allow":["GET"]}}],"collection":[{"href":"https:\/\/summit-foundation.org\/de\/wp-json\/wp\/v2\/pages"}],"about":[{"href":"https:\/\/summit-foundation.org\/de\/wp-json\/wp\/v2\/types\/page"}],"author":[{"embeddable":true,"href":"https:\/\/summit-foundation.org\/de\/wp-json\/wp\/v2\/users\/8"}],"replies":[{"embeddable":true,"href":"https:\/\/summit-foundation.org\/de\/wp-json\/wp\/v2\/comments?post=8830"}],"version-history":[{"count":3,"href":"https:\/\/summit-foundation.org\/de\/wp-json\/wp\/v2\/pages\/8830\/revisions"}],"predecessor-version":[{"id":13467,"href":"https:\/\/summit-foundation.org\/de\/wp-json\/wp\/v2\/pages\/8830\/revisions\/13467"}],"wp:featuredmedia":[{"embeddable":true,"href":"https:\/\/summit-foundation.org\/de\/wp-json\/wp\/v2\/media\/13574"}],"wp:attachment":[{"href":"https:\/\/summit-foundation.org\/de\/wp-json\/wp\/v2\/media?parent=8830"}],"curies":[{"name":"wp","href":"https:\/\/api.w.org\/{rel}","templated":true}]}}