{"id":13787,"date":"2025-02-03T11:52:50","date_gmt":"2025-02-03T10:52:50","guid":{"rendered":"https:\/\/summit-foundation.org\/?post_type=product&#038;p=13787"},"modified":"2026-04-15T14:32:48","modified_gmt":"2026-04-15T13:32:48","slug":"ecobox-summit-pack-de-20-pces","status":"publish","type":"product","link":"https:\/\/summit-foundation.org\/de\/produkt\/ecobox-summit-pack-de-20-pces\/","title":{"rendered":"Ecobox Summit - Packung mit 20 Stk."},"content":{"rendered":"<p>20 Ecoboxen f\u00fcr CHF 70.- statt CHF 100.-!<\/p>\n<p>Die Ecobox wird in der Schweiz aus recyceltem Wei\u00dfblech hergestellt und ist ein praktischer und nachhaltiger Abfalleimer im Taschenformat, der perfekt f\u00fcr all Ihre kleinen Abf\u00e4lle (Kaugummis, Zigarettenstummel, kleine Verpackungen usw.) geeignet ist. Die Ecobox wird in einer gesch\u00fctzten Werkstatt zusammengebaut und verpackt und bietet somit einen wichtigen sozialen Mehrwert.<\/p>\n<p>Sie hat einen Durchmesser von 53 mm und l\u00e4sst sich durch Druck auf den Deckel \u00f6ffnen und schlie\u00dfen.<\/p>\n<hr \/>\n<p>M\u00f6chten Sie eine personalisierte Ecobox mit dem Logo Ihrer Veranstaltung, Ihres Unternehmens oder Ihrer Organisation? Entdecken Sie unser Angebot auf der <a href=\"https:\/\/summit-foundation.org\/de\/ecobox\/\">der Ecobox gewidmete Seite<\/a>.<\/p>","protected":false},"excerpt":{"rendered":"<p>Die Ecobox wird in der Schweiz aus recyceltem Wei\u00dfblech hergestellt und ist ein ebenso praktischer wie nachhaltiger Taschenm\u00fclleimer, der perfekt f\u00fcr all Ihre kleinen Abf\u00e4lle (Kaugummi, Zigarettenstummel, kleine Verpackungen usw.) geeignet ist.<\/p>","protected":false},"featured_media":12800,"comment_status":"closed","ping_status":"closed","template":"","meta":{"_acf_changed":false},"product_brand":[],"product_cat":[65],"product_tag":[],"class_list":{"0":"post-13787","1":"product","2":"type-product","3":"status-publish","4":"has-post-thumbnail","6":"product_cat-ecobox","7":"product_shipping_class-colis","9":"first","10":"instock","11":"taxable","12":"shipping-taxable","13":"purchasable","14":"product-type-simple"},"acf":[],"_links":{"self":[{"href":"https:\/\/summit-foundation.org\/de\/wp-json\/wp\/v2\/product\/13787","targetHints":{"allow":["GET"]}}],"collection":[{"href":"https:\/\/summit-foundation.org\/de\/wp-json\/wp\/v2\/product"}],"about":[{"href":"https:\/\/summit-foundation.org\/de\/wp-json\/wp\/v2\/types\/product"}],"replies":[{"embeddable":true,"href":"https:\/\/summit-foundation.org\/de\/wp-json\/wp\/v2\/comments?post=13787"}],"wp:featuredmedia":[{"embeddable":true,"href":"https:\/\/summit-foundation.org\/de\/wp-json\/wp\/v2\/media\/12800"}],"wp:attachment":[{"href":"https:\/\/summit-foundation.org\/de\/wp-json\/wp\/v2\/media?parent=13787"}],"wp:term":[{"taxonomy":"product_brand","embeddable":true,"href":"https:\/\/summit-foundation.org\/de\/wp-json\/wp\/v2\/product_brand?post=13787"},{"taxonomy":"product_cat","embeddable":true,"href":"https:\/\/summit-foundation.org\/de\/wp-json\/wp\/v2\/product_cat?post=13787"},{"taxonomy":"product_tag","embeddable":true,"href":"https:\/\/summit-foundation.org\/de\/wp-json\/wp\/v2\/product_tag?post=13787"}],"curies":[{"name":"wp","href":"https:\/\/api.w.org\/{rel}","templated":true}]}}