{"id":13790,"date":"2025-02-03T11:52:50","date_gmt":"2025-02-03T10:52:50","guid":{"rendered":"https:\/\/summit-foundation.org\/?post_type=product&#038;p=13790"},"modified":"2026-03-23T12:06:53","modified_gmt":"2026-03-23T11:06:53","slug":"summit-stickers","status":"publish","type":"product","link":"https:\/\/summit-foundation.org\/de\/produkt\/summit-stickers\/","title":{"rendered":"Summit-Sticker"},"content":{"rendered":"<p>Zeigen Sie Ihre Unterst\u00fctzung f\u00fcr die Summit Foundation mit dem Sticker-Pack! F\u00fcr 10.- erhalten Sie 10 h\u00fcbsche Summit-Sticker.<\/p>","protected":false},"excerpt":{"rendered":"<p>Zeigen Sie Ihre Unterst\u00fctzung f\u00fcr die Summit Foundation mit dem Sticker-Pack! F\u00fcr 10.- erhalten Sie 10 Sticker.<\/p>","protected":false},"featured_media":14498,"comment_status":"closed","ping_status":"closed","template":"","meta":{"_acf_changed":false},"product_brand":[],"product_cat":[17],"product_tag":[],"class_list":{"0":"post-13790","1":"product","2":"type-product","3":"status-publish","4":"has-post-thumbnail","6":"product_cat-uncategorized","7":"product_shipping_class-lettres","9":"first","10":"instock","11":"taxable","12":"shipping-taxable","13":"purchasable","14":"product-type-simple"},"acf":[],"_links":{"self":[{"href":"https:\/\/summit-foundation.org\/de\/wp-json\/wp\/v2\/product\/13790","targetHints":{"allow":["GET"]}}],"collection":[{"href":"https:\/\/summit-foundation.org\/de\/wp-json\/wp\/v2\/product"}],"about":[{"href":"https:\/\/summit-foundation.org\/de\/wp-json\/wp\/v2\/types\/product"}],"replies":[{"embeddable":true,"href":"https:\/\/summit-foundation.org\/de\/wp-json\/wp\/v2\/comments?post=13790"}],"wp:featuredmedia":[{"embeddable":true,"href":"https:\/\/summit-foundation.org\/de\/wp-json\/wp\/v2\/media\/14498"}],"wp:attachment":[{"href":"https:\/\/summit-foundation.org\/de\/wp-json\/wp\/v2\/media?parent=13790"}],"wp:term":[{"taxonomy":"product_brand","embeddable":true,"href":"https:\/\/summit-foundation.org\/de\/wp-json\/wp\/v2\/product_brand?post=13790"},{"taxonomy":"product_cat","embeddable":true,"href":"https:\/\/summit-foundation.org\/de\/wp-json\/wp\/v2\/product_cat?post=13790"},{"taxonomy":"product_tag","embeddable":true,"href":"https:\/\/summit-foundation.org\/de\/wp-json\/wp\/v2\/product_tag?post=13790"}],"curies":[{"name":"wp","href":"https:\/\/api.w.org\/{rel}","templated":true}]}}