{"id":13811,"date":"2025-02-03T11:52:57","date_gmt":"2025-02-03T10:52:57","guid":{"rendered":"https:\/\/summit-foundation.org\/?post_type=product&#038;p=13811"},"modified":"2026-03-23T12:05:07","modified_gmt":"2026-03-23T11:05:07","slug":"gourde","status":"publish","type":"product","link":"https:\/\/summit-foundation.org\/de\/produkt\/gourde\/","title":{"rendered":"Trinkflasche"},"content":{"rendered":"<p>SIGG-Flasche mit einem Summit Foundation-Sticker, der auf ihr angebracht ist. Diese hochwertige, wiederverwendbare Trinkflasche aus Aluminium ist extrem leicht und robust. Sie ist auch mit einem kohlens\u00e4urehaltigen Getr\u00e4nk gef\u00fcllt absolut dicht.<\/p>\n<p>Die SIGG-Flasche ist die einzige in der Schweiz hergestellte Aluminium-Flasche. Deshalb haben wir uns entschieden, sie als Teil unseres Bergzubeh\u00f6rs zu vermarkten.<\/p>\n<p>Pflege: Es wird empfohlen, die Flasche mit der Hand zu waschen.<\/p>","protected":false},"excerpt":{"rendered":"<p>Die SIGG Summit Foundation Trinkflasche ist ein Klassiker, den man \u00fcberall mit hinnehmen kann. Sie wird in der Schweiz aus Aluminium hergestellt und alle Teile sind PBA-frei.<\/p>","protected":false},"featured_media":12920,"comment_status":"closed","ping_status":"closed","template":"","meta":{"_acf_changed":false},"product_brand":[],"product_cat":[25],"product_tag":[],"class_list":{"0":"post-13811","1":"product","2":"type-product","3":"status-publish","4":"has-post-thumbnail","6":"product_cat-zero-dechet","7":"product_shipping_class-colis","9":"first","10":"instock","11":"taxable","12":"shipping-taxable","13":"purchasable","14":"product-type-simple"},"acf":[],"_links":{"self":[{"href":"https:\/\/summit-foundation.org\/de\/wp-json\/wp\/v2\/product\/13811","targetHints":{"allow":["GET"]}}],"collection":[{"href":"https:\/\/summit-foundation.org\/de\/wp-json\/wp\/v2\/product"}],"about":[{"href":"https:\/\/summit-foundation.org\/de\/wp-json\/wp\/v2\/types\/product"}],"replies":[{"embeddable":true,"href":"https:\/\/summit-foundation.org\/de\/wp-json\/wp\/v2\/comments?post=13811"}],"wp:featuredmedia":[{"embeddable":true,"href":"https:\/\/summit-foundation.org\/de\/wp-json\/wp\/v2\/media\/12920"}],"wp:attachment":[{"href":"https:\/\/summit-foundation.org\/de\/wp-json\/wp\/v2\/media?parent=13811"}],"wp:term":[{"taxonomy":"product_brand","embeddable":true,"href":"https:\/\/summit-foundation.org\/de\/wp-json\/wp\/v2\/product_brand?post=13811"},{"taxonomy":"product_cat","embeddable":true,"href":"https:\/\/summit-foundation.org\/de\/wp-json\/wp\/v2\/product_cat?post=13811"},{"taxonomy":"product_tag","embeddable":true,"href":"https:\/\/summit-foundation.org\/de\/wp-json\/wp\/v2\/product_tag?post=13811"}],"curies":[{"name":"wp","href":"https:\/\/api.w.org\/{rel}","templated":true}]}}