{"id":13812,"date":"2025-02-03T11:52:57","date_gmt":"2025-02-03T10:52:57","guid":{"rendered":"https:\/\/summit-foundation.org\/?post_type=product&#038;p=13812"},"modified":"2026-03-23T12:04:12","modified_gmt":"2026-03-23T11:04:12","slug":"lunchbox-l","status":"publish","type":"product","link":"https:\/\/summit-foundation.org\/de\/produkt\/lunchbox-l\/","title":{"rendered":"Lunchbox+ \"L\""},"content":{"rendered":"<p>Das Innere besteht aus einem Teller aus Polypropylen mit einer Trennwand, die mikrowellengeeignet und sp\u00fclmaschinenfest ist. Der Sicherheitsverschluss verhindert ein versehentliches \u00d6ffnen im Rucksack. Die Materialien, die f\u00fcr die Herstellung der Lunchbox verwendet werden, sind BPA-frei.<\/p>\n<p>&nbsp;<\/p>\n<p>Pflege: Es wird empfohlen, die Alu-Teile mit der Hand zu waschen. Der Polypropylen-Einsatz und der Lebensmitteltrenner k\u00f6nnen in der Sp\u00fclmaschine gereinigt werden.<br \/>\nIn der Schweiz entwickelt, in China hergestellt<\/p>","protected":false},"excerpt":{"rendered":"<p>Die SIGG Lunchbox ist ein ultraleichtes Produkt und der ideale Begleiter f\u00fcr Ihr Picknick auf Bergwanderungen.<\/p>","protected":false},"featured_media":12929,"comment_status":"closed","ping_status":"closed","template":"","meta":{"_acf_changed":false},"product_brand":[],"product_cat":[25],"product_tag":[],"class_list":{"0":"post-13812","1":"product","2":"type-product","3":"status-publish","4":"has-post-thumbnail","6":"product_cat-zero-dechet","7":"product_shipping_class-colis","9":"first","10":"instock","11":"taxable","12":"shipping-taxable","13":"purchasable","14":"product-type-simple"},"acf":[],"_links":{"self":[{"href":"https:\/\/summit-foundation.org\/de\/wp-json\/wp\/v2\/product\/13812","targetHints":{"allow":["GET"]}}],"collection":[{"href":"https:\/\/summit-foundation.org\/de\/wp-json\/wp\/v2\/product"}],"about":[{"href":"https:\/\/summit-foundation.org\/de\/wp-json\/wp\/v2\/types\/product"}],"replies":[{"embeddable":true,"href":"https:\/\/summit-foundation.org\/de\/wp-json\/wp\/v2\/comments?post=13812"}],"wp:featuredmedia":[{"embeddable":true,"href":"https:\/\/summit-foundation.org\/de\/wp-json\/wp\/v2\/media\/12929"}],"wp:attachment":[{"href":"https:\/\/summit-foundation.org\/de\/wp-json\/wp\/v2\/media?parent=13812"}],"wp:term":[{"taxonomy":"product_brand","embeddable":true,"href":"https:\/\/summit-foundation.org\/de\/wp-json\/wp\/v2\/product_brand?post=13812"},{"taxonomy":"product_cat","embeddable":true,"href":"https:\/\/summit-foundation.org\/de\/wp-json\/wp\/v2\/product_cat?post=13812"},{"taxonomy":"product_tag","embeddable":true,"href":"https:\/\/summit-foundation.org\/de\/wp-json\/wp\/v2\/product_tag?post=13812"}],"curies":[{"name":"wp","href":"https:\/\/api.w.org\/{rel}","templated":true}]}}