{"id":13837,"date":"2025-02-03T11:52:59","date_gmt":"2025-02-03T10:52:59","guid":{"rendered":"https:\/\/summit-foundation.org\/?post_type=product&#038;p=13837"},"modified":"2026-05-08T16:52:25","modified_gmt":"2026-05-08T15:52:25","slug":"pince-a-dechets","status":"publish","type":"product","link":"https:\/\/summit-foundation.org\/de\/produkt\/pince-a-dechets\/","title":{"rendered":"Abfallzange"},"content":{"rendered":"<p>Mit einer Abfallzange k\u00f6nnen Sie auf Ihren Bergwanderungen kleine Gegenst\u00e4nde aufheben, ohne sich die H\u00e4nde schmutzig zu machen.<\/p>\n<p>Die M\u00fcllzange besteht zu 100% aus Plastik, das aus den Comic-Blasen des Aufkl\u00e4rungsprojekts der Summit Foundation stammt. Die Kampagne 2018-2022 konnte dank dieser Initiative vollst\u00e4ndig recycelt werden.<\/p>\n<p>Zu der Klammer geh\u00f6rt ein Clip, der von gebrauchten Gleitschirmschirmen stammt. Damit l\u00e4sst sich die Klammer am Rucksack oder an einer G\u00fcrtelschlaufe befestigen, um schnell und einfach darauf zugreifen zu k\u00f6nnen.<\/p>\n<p>&nbsp;<\/p>","protected":false},"excerpt":{"rendered":"<p>Besorgen Sie sich eine M\u00fcllzange, die vollst\u00e4ndig mithilfe von Comic-Sprechblasen aus der Aufkl\u00e4rungskampagne der Summit Foundation hergestellt wurde.<\/p>","protected":false},"featured_media":14497,"comment_status":"closed","ping_status":"closed","template":"","meta":{"_acf_changed":false},"product_brand":[],"product_cat":[20],"product_tag":[],"class_list":{"0":"post-13837","1":"product","2":"type-product","3":"status-publish","4":"has-post-thumbnail","6":"product_cat-ramassages","7":"product_shipping_class-livraison-gratuite","9":"first","10":"instock","11":"purchasable","12":"product-type-simple"},"acf":[],"_links":{"self":[{"href":"https:\/\/summit-foundation.org\/de\/wp-json\/wp\/v2\/product\/13837","targetHints":{"allow":["GET"]}}],"collection":[{"href":"https:\/\/summit-foundation.org\/de\/wp-json\/wp\/v2\/product"}],"about":[{"href":"https:\/\/summit-foundation.org\/de\/wp-json\/wp\/v2\/types\/product"}],"replies":[{"embeddable":true,"href":"https:\/\/summit-foundation.org\/de\/wp-json\/wp\/v2\/comments?post=13837"}],"wp:featuredmedia":[{"embeddable":true,"href":"https:\/\/summit-foundation.org\/de\/wp-json\/wp\/v2\/media\/14497"}],"wp:attachment":[{"href":"https:\/\/summit-foundation.org\/de\/wp-json\/wp\/v2\/media?parent=13837"}],"wp:term":[{"taxonomy":"product_brand","embeddable":true,"href":"https:\/\/summit-foundation.org\/de\/wp-json\/wp\/v2\/product_brand?post=13837"},{"taxonomy":"product_cat","embeddable":true,"href":"https:\/\/summit-foundation.org\/de\/wp-json\/wp\/v2\/product_cat?post=13837"},{"taxonomy":"product_tag","embeddable":true,"href":"https:\/\/summit-foundation.org\/de\/wp-json\/wp\/v2\/product_tag?post=13837"}],"curies":[{"name":"wp","href":"https:\/\/api.w.org\/{rel}","templated":true}]}}