{"id":14055,"date":"2025-06-24T10:52:03","date_gmt":"2025-06-24T09:52:03","guid":{"rendered":"https:\/\/summit-foundation.org\/?post_type=product&#038;p=14055"},"modified":"2025-07-11T08:31:56","modified_gmt":"2025-07-11T07:31:56","slug":"wouh-fr-pret","status":"publish","type":"product","link":"https:\/\/summit-foundation.org\/de\/produkt\/wouh-fr-pret\/","title":{"rendered":"WOUH! FR - Verleih"},"content":{"rendered":"<p data-start=\"0\" data-end=\"132\">Disponible en FR\/DE\/IT\/EN<\/p>\n<p data-start=\"0\" data-end=\"132\"><strong data-start=\"0\" data-end=\"79\">Bulles de BD de sensibilisation \u2013 le support ludique qui marque les esprits<\/strong><br data-start=\"79\" data-end=\"82\" \/><em data-start=\"82\" data-end=\"130\">Pr\u00eat gratuit pour les manifestations en Suisse<\/em><\/p>\n<p data-start=\"134\" data-end=\"447\">Depuis plus de dix ans, Summit Foundation diffuse ses messages environnementaux sous forme de panneaux \u00ab bulles de bande dessin\u00e9e \u00bb. Install\u00e9es directement sur les pistes, sentiers ou sites d\u2019\u00e9v\u00e9nement, ces bulles attirent l\u2019\u0153il, font sourire\u2026 et d\u00e9clenchent le bon r\u00e9flexe ! <span class=\"\" data-state=\"closed\"><span class=\"ms-1 inline-flex max-w-full items-center relative top-[-0.094rem] animate-[show_150ms_ease-in]\"><a class=\"flex h-4.5 overflow-hidden rounded-xl px-2 text-[0.5625em] font-medium text-token-text-secondary! bg-[#F4F4F4]! dark:bg-[#303030]! transition-colors duration-150 ease-in-out\" href=\"https:\/\/summit-foundation.org\/sensibilisation\/\" target=\"_blank\" rel=\"noopener\"><span class=\"relative start-0 bottom-0 flex h-full w-full items-center\"><span class=\"flex h-4 w-full items-center justify-between overflow-hidden\"><span class=\"max-w-full grow truncate overflow-hidden text-center\">summit-foundation.org<\/span><\/span><\/span><\/a><\/span><\/span><\/p>\n<hr data-start=\"449\" data-end=\"452\" \/>\n<h3 data-start=\"454\" data-end=\"487\">Pourquoi choisir les bulles ?<\/h3>\n<div class=\"_tableContainer_16hzy_1\">\n<div class=\"_tableWrapper_16hzy_14 group flex w-fit flex-col-reverse\" tabindex=\"-1\">\n<table class=\"w-fit min-w-(--thread-content-width)\" data-start=\"489\" data-end=\"981\">\n<thead data-start=\"489\" data-end=\"535\">\n<tr data-start=\"489\" data-end=\"535\">\n<th data-start=\"489\" data-end=\"505\" data-col-size=\"md\">Impact prouv\u00e9<\/th>\n<th data-start=\"505\" data-end=\"517\" data-col-size=\"lg\">Praticit\u00e9<\/th>\n<th data-start=\"517\" data-end=\"535\" data-col-size=\"lg\">Valeur ajout\u00e9e<\/th>\n<\/tr>\n<\/thead>\n<tbody data-start=\"583\" data-end=\"981\">\n<tr data-start=\"583\" data-end=\"981\">\n<td data-start=\"583\" data-end=\"721\" data-col-size=\"md\">+ 1 000 visuels d\u00e9j\u00e0 install\u00e9s dans <strong data-start=\"621\" data-end=\"637\">50+ stations<\/strong> ; des <strong data-start=\"644\" data-end=\"668\">millions de contacts<\/strong> chaque ann\u00e9e. <span class=\"\" data-state=\"closed\"><span class=\"ms-1 inline-flex max-w-full items-center relative top-[-0.094rem] animate-[show_150ms_ease-in]\"><a class=\"flex h-4.5 overflow-hidden rounded-xl px-2 text-[0.5625em] font-medium text-token-text-secondary! bg-[#F4F4F4]! dark:bg-[#303030]! transition-colors duration-150 ease-in-out\" href=\"https:\/\/summit-foundation.org\/sensibilisation\/\" target=\"_blank\" rel=\"noopener\"><span class=\"relative start-0 bottom-0 flex h-full w-full items-center\"><span class=\"flex h-4 w-full items-center justify-between overflow-hidden\"><span class=\"max-w-full grow truncate overflow-hidden text-center\">summit-foundation.org<\/span><\/span><\/span><\/a><\/span><\/span><\/td>\n<td data-col-size=\"lg\" data-start=\"721\" data-end=\"834\">L\u00e9g\u00e8res, r\u00e9sistantes aux intemp\u00e9ries (composite alu 3 mm, impression UV), fixation rapide par colliers ou vis.<\/td>\n<td data-col-size=\"lg\" data-start=\"834\" data-end=\"981\">Messages disponibles en <strong data-start=\"860\" data-end=\"881\">FR \/ DE \/ EN \/ IT<\/strong> ; pr\u00eat gratuit gr\u00e2ce au Fonds Durabilit\u00e9 FFG Lausanne 2025. <span class=\"\" data-state=\"closed\"><span class=\"ms-1 inline-flex max-w-full items-center relative top-[-0.094rem] animate-[show_150ms_ease-in]\"><a class=\"flex h-4.5 overflow-hidden rounded-xl px-2 text-[0.5625em] font-medium text-token-text-secondary! bg-[#F4F4F4]! dark:bg-[#303030]! transition-colors duration-150 ease-in-out\" href=\"https:\/\/summit-foundation.org\/sensibilisation\/\" target=\"_blank\" rel=\"noopener\"><span class=\"relative start-0 bottom-0 flex h-full w-full items-center\"><span class=\"flex h-4 w-full items-center justify-between overflow-hidden\"><span class=\"max-w-full grow truncate overflow-hidden text-center\">summit-foundation.org<\/span><\/span><\/span><\/a><\/span><\/span><\/td>\n<\/tr>\n<\/tbody>\n<\/table>\n<div class=\"sticky end-(--thread-content-margin) h-0 self-end select-none\">\n<div class=\"absolute end-0 flex items-end\"><\/div>\n<\/div>\n<\/div>\n<\/div>\n<hr data-start=\"983\" data-end=\"986\" \/>\n<h3 data-start=\"988\" data-end=\"1006\">Contenu du kit<\/h3>\n<ul data-start=\"1008\" data-end=\"1487\">\n<li data-start=\"1008\" data-end=\"1187\">\n<p data-start=\"1010\" data-end=\"1187\"><strong data-start=\"1010\" data-end=\"1037\">7 th\u00e9matiques actuelles<\/strong> (plastique, m\u00e9gots, perte d\u2019objets, PFAS, etc.) conformes aux donn\u00e9es scientifiques de la campagne 2022-2026. <span class=\"\" data-state=\"closed\"><span class=\"ms-1 inline-flex max-w-full items-center relative top-[-0.094rem] animate-[show_150ms_ease-in]\"><a class=\"flex h-4.5 overflow-hidden rounded-xl px-2 text-[0.5625em] font-medium text-token-text-secondary! bg-[#F4F4F4]! dark:bg-[#303030]! transition-colors duration-150 ease-in-out\" href=\"https:\/\/summit-foundation.org\/sensibilisation\/\" target=\"_blank\" rel=\"noopener\"><span class=\"relative start-0 bottom-0 flex h-full w-full items-center\"><span class=\"flex h-4 w-full items-center justify-between overflow-hidden\"><span class=\"max-w-full grow truncate overflow-hidden text-center\">summit-foundation.org<\/span><\/span><\/span><\/a><\/span><\/span><\/p>\n<\/li>\n<li data-start=\"1188\" data-end=\"1249\">\n<p data-start=\"1190\" data-end=\"1249\"><strong data-start=\"1190\" data-end=\"1200\">Format<\/strong> : env. 60 \u00d7 45 cm (selon visuel), recto.<\/p>\n<\/li>\n<\/ul>\n<hr data-start=\"1489\" data-end=\"1492\" \/>\n<h3 data-start=\"1494\" data-end=\"1529\">Modalit\u00e9s de mise \u00e0 disposition<\/h3>\n<ol data-start=\"1531\" data-end=\"1768\">\n<li data-start=\"1531\" data-end=\"1592\">\n<p data-start=\"1534\" data-end=\"1592\"><strong data-start=\"1534\" data-end=\"1546\">R\u00e9servez<\/strong> vos bulles.<\/p>\n<\/li>\n<li data-start=\"1593\" data-end=\"1678\">\n<p data-start=\"1596\" data-end=\"1678\"><strong data-start=\"1596\" data-end=\"1607\">Retirez<\/strong>-les \u00e0 Vevey ou faites-vous livrer (frais d\u2019envoi\/caution \u00e9ventuels).<\/p>\n<\/li>\n<li data-start=\"1679\" data-end=\"1768\">\n<p data-start=\"1682\" data-end=\"1768\"><strong data-start=\"1682\" data-end=\"1695\">Installez<\/strong>-les sur votre site, puis <strong data-start=\"1721\" data-end=\"1733\">renvoyez<\/strong>-les nettoy\u00e9es apr\u00e8s l\u2019\u00e9v\u00e9nement.<\/p>\n<\/li>\n<\/ol>\n<blockquote data-start=\"1770\" data-end=\"1865\">\n<p data-start=\"1772\" data-end=\"1865\">Besoin d\u2019un visuel personnalis\u00e9 ou d\u2019un tirage suppl\u00e9mentaire ? Contactez-nous pour un devis.<\/p>\n<\/blockquote>\n<hr data-start=\"1867\" data-end=\"1870\" \/>\n<h4 data-start=\"1872\" data-end=\"1934\">Un outil cl\u00e9 pour atteindre +93 % de messages m\u00e9moris\u00e9s<\/h4>\n<p data-start=\"1935\" data-end=\"2077\">Alliez p\u00e9dagogie, humour et efficacit\u00e9 : offrez \u00e0 votre public une exp\u00e9rience positive qui se transforme en action concr\u00e8te pour la montagne !<\/p>\n","protected":false},"excerpt":{"rendered":"<p>Disponible en FR\/DE\/IT\/EN Bulles de BD de sensibilisation \u2013 le support ludique qui marque les espritsPr\u00eat gratuit pour les manifestations en Suisse Depuis plus de dix ans, Summit Foundation diffuse ses messages environnementaux sous forme de panneaux \u00ab bulles de bande dessin\u00e9e \u00bb. Install\u00e9es directement sur les pistes, sentiers ou sites d\u2019\u00e9v\u00e9nement, ces bulles attirent [&hellip;]<\/p>\n","protected":false},"featured_media":14228,"comment_status":"closed","ping_status":"closed","template":"","meta":{"_acf_changed":false},"product_brand":[],"product_cat":[49,58],"product_tag":[],"class_list":{"0":"post-14055","1":"product","2":"type-product","3":"status-publish","4":"has-post-thumbnail","6":"product_cat-pret-bulle","7":"product_cat-pret-bulle-fr","8":"product_shipping_class-livraison-gratuite","10":"first","11":"instock","12":"taxable","13":"shipping-taxable","14":"purchasable","15":"product-type-redq_rental"},"acf":[],"_links":{"self":[{"href":"https:\/\/summit-foundation.org\/de\/wp-json\/wp\/v2\/product\/14055","targetHints":{"allow":["GET"]}}],"collection":[{"href":"https:\/\/summit-foundation.org\/de\/wp-json\/wp\/v2\/product"}],"about":[{"href":"https:\/\/summit-foundation.org\/de\/wp-json\/wp\/v2\/types\/product"}],"replies":[{"embeddable":true,"href":"https:\/\/summit-foundation.org\/de\/wp-json\/wp\/v2\/comments?post=14055"}],"wp:featuredmedia":[{"embeddable":true,"href":"https:\/\/summit-foundation.org\/de\/wp-json\/wp\/v2\/media\/14228"}],"wp:attachment":[{"href":"https:\/\/summit-foundation.org\/de\/wp-json\/wp\/v2\/media?parent=14055"}],"wp:term":[{"taxonomy":"product_brand","embeddable":true,"href":"https:\/\/summit-foundation.org\/de\/wp-json\/wp\/v2\/product_brand?post=14055"},{"taxonomy":"product_cat","embeddable":true,"href":"https:\/\/summit-foundation.org\/de\/wp-json\/wp\/v2\/product_cat?post=14055"},{"taxonomy":"product_tag","embeddable":true,"href":"https:\/\/summit-foundation.org\/de\/wp-json\/wp\/v2\/product_tag?post=14055"}],"curies":[{"name":"wp","href":"https:\/\/api.w.org\/{rel}","templated":true}]}}