{"id":14380,"date":"2025-11-13T13:41:00","date_gmt":"2025-11-13T12:41:00","guid":{"rendered":"https:\/\/summit-foundation.org\/?post_type=product&#038;p=14380"},"modified":"2026-03-23T12:02:51","modified_gmt":"2026-03-23T11:02:51","slug":"snowboard-25-ans","status":"publish","type":"product","link":"https:\/\/summit-foundation.org\/de\/produkt\/snowboard-25-ans\/","title":{"rendered":"Snowboard Summit Foundation - Limited edition 25th anniversary"},"content":{"rendered":"<p data-start=\"188\" data-end=\"719\" class=\"translation-block\">In <strong>Zusammenarbeit<\/strong> mit der K\u00fcnstlerin aus Vevey <strong>Milena Quattrocchi<\/strong> und der ikonischen Schweizer Marke <strong>Nidecker<\/strong> mit Sitz in Rolle (VD) wurde dieses bereits ikonische Snowboard in <strong>25 nummerierten und signierten Exemplaren<\/strong> herausgegeben, die von unserem Direktor und Gr\u00fcnder Laurent Thurnheer signiert wurden.<\/p>\n<p class=\"translation-block\">Das <strong>Escape Plus \u2013 Limited Edition 25th Anniversary<\/strong> ist ein kraftvolles und pr\u00e4zises All-Mountain-Snowboard, entwickelt f\u00fcr erfahrene Rider. Sein <strong>klassisches Camber-Profil<\/strong> bietet optimalen Kantenhalt, w\u00e4hrend die <strong>Master-Core-Konstruktion (Pappel + Paulownia)<\/strong> ein hervorragendes Verh\u00e4ltnis zwischen Gewicht und Stabilit\u00e4t gew\u00e4hrleistet. Die <strong>Pop-Carbon<\/strong>-Verst\u00e4rkungen sorgen f\u00fcr einen reaktiven Pop und mehr Stabilit\u00e4t bei hoher Geschwindigkeit. Mit seinem <strong>direktionalen Shape<\/strong> und dem <strong>mittelharten Flex<\/strong> eignet sich dieses Board ideal f\u00fcr aggressives Fahren auf allen Gel\u00e4ndearten.<\/p>\n<h5 data-start=\"188\" data-end=\"719\"><em><span style=\"color: #ff0000;\"><strong>F\u00fcr Lieferungen ins Ausland kontaktieren Sie uns bitte.\u00a0<\/strong><\/span><\/em><\/h5>\n<hr data-start=\"721\" data-end=\"724\" \/>\n<h2 data-start=\"1078\" data-end=\"1110\"><strong data-start=\"1081\" data-end=\"1110\">Technische Spezifikationen<\/strong><\/h2>\n<ul data-start=\"745\" data-end=\"1071\">\n<li data-start=\"973\" data-end=\"1022\">\n<p data-start=\"975\" data-end=\"1022\" class=\"translation-block\">Typ : <strong>all-mountain<\/strong><\/p>\n<\/li>\n<li data-start=\"973\" data-end=\"1022\">\n<p data-start=\"975\" data-end=\"1022\">Unisex, erfahrene Rider<\/p>\n<\/li>\n<li data-start=\"1023\" data-end=\"1046\">\n<p data-start=\"1025\" data-end=\"1046\" class=\"translation-block\">Gr\u00f6\u00dfe: <strong>156 cm<\/strong><\/p>\n<\/li>\n<li data-start=\"745\" data-end=\"764\">\n<p data-start=\"747\" data-end=\"764\" class=\"translation-block\"><strong>Camber<\/strong>-Profil f\u00fcr maximalen Kantengriff<\/p>\n<\/li>\n<li data-start=\"814\" data-end=\"884\">\n<p data-start=\"816\" data-end=\"884\" class=\"translation-block\"><strong>Master Core<\/strong> (Pappel + Paulownia): leicht, robust, leistungsstark<\/p>\n<\/li>\n<li data-start=\"885\" data-end=\"931\">\n<p data-start=\"887\" data-end=\"931\" class=\"translation-block\"><strong>Pop-Carbon<\/strong>-Verst\u00e4rkungen: mehr Pop und Reaktivit\u00e4t<\/p>\n<\/li>\n<li data-start=\"932\" data-end=\"972\">\n<p data-start=\"934\" data-end=\"972\" class=\"translation-block\">Vielseitiger <strong>direktionaler Shape<\/strong> mit einem mittelsteifen (<strong>mid-stiff<\/strong>) Flex<\/p>\n<\/li>\n<li data-start=\"1047\" data-end=\"1071\">\n<p data-start=\"1049\" data-end=\"1071\">Bindungen nicht inbegriffen<\/p>\n<\/li>\n<\/ul>\n<p class=\"translation-block\">F\u00fcr weitere Informationen besuchen Sie bitte die Website von Nidecker: <a href=\"https:\/\/eu.nidecker.com\/products\/escape-plus-2026\" target=\"_self\">https:\/\/eu.nidecker.com\/products\/escape-plus-2026<\/a><\/p>","protected":false},"excerpt":{"rendered":"<p>R\u00e9alis\u00e9 en\u00a0partenariat\u00a0avec l'artiste veveysanne\u00a0Milena Quattrocchi\u00a0et la marque suisse embl\u00e9matique\u00a0Nidecker, bas\u00e9e \u00e0 Rolle (VD), ce snowboard d\u00e9j\u00e0 iconique est \u00e9dit\u00e9 \u00e0\u00a025 exemplaires num\u00e9rot\u00e9s et sign\u00e9s par notre directeur et fondateur, Laurent Thurnheer. L'Escape Plus \u2013 limited edition 25th anniversary est un snowboard All-Mountain puissant et pr\u00e9cis, con\u00e7u pour les riders exp\u00e9riment\u00e9s. Son profil Camber classique offre [&hellip;]<\/p>\n","protected":false},"featured_media":14402,"comment_status":"closed","ping_status":"closed","template":"","meta":{"_acf_changed":false},"product_brand":[],"product_cat":[64],"product_tag":[],"class_list":{"0":"post-14380","1":"product","2":"type-product","3":"status-publish","4":"has-post-thumbnail","6":"product_cat-special","7":"product_shipping_class-livraison-gratuite","9":"first","10":"instock","11":"sold-individually","12":"taxable","13":"shipping-taxable","14":"product-type-simple"},"acf":[],"_links":{"self":[{"href":"https:\/\/summit-foundation.org\/de\/wp-json\/wp\/v2\/product\/14380","targetHints":{"allow":["GET"]}}],"collection":[{"href":"https:\/\/summit-foundation.org\/de\/wp-json\/wp\/v2\/product"}],"about":[{"href":"https:\/\/summit-foundation.org\/de\/wp-json\/wp\/v2\/types\/product"}],"replies":[{"embeddable":true,"href":"https:\/\/summit-foundation.org\/de\/wp-json\/wp\/v2\/comments?post=14380"}],"wp:featuredmedia":[{"embeddable":true,"href":"https:\/\/summit-foundation.org\/de\/wp-json\/wp\/v2\/media\/14402"}],"wp:attachment":[{"href":"https:\/\/summit-foundation.org\/de\/wp-json\/wp\/v2\/media?parent=14380"}],"wp:term":[{"taxonomy":"product_brand","embeddable":true,"href":"https:\/\/summit-foundation.org\/de\/wp-json\/wp\/v2\/product_brand?post=14380"},{"taxonomy":"product_cat","embeddable":true,"href":"https:\/\/summit-foundation.org\/de\/wp-json\/wp\/v2\/product_cat?post=14380"},{"taxonomy":"product_tag","embeddable":true,"href":"https:\/\/summit-foundation.org\/de\/wp-json\/wp\/v2\/product_tag?post=14380"}],"curies":[{"name":"wp","href":"https:\/\/api.w.org\/{rel}","templated":true}]}}