{"id":14499,"date":"2026-03-17T17:27:39","date_gmt":"2026-03-17T16:27:39","guid":{"rendered":"https:\/\/summit-foundation.org\/?post_type=product&#038;p=14499"},"modified":"2026-03-23T17:57:04","modified_gmt":"2026-03-23T16:57:04","slug":"apres-ski-fourchettes-a-fondue-girabla","status":"publish","type":"product","link":"https:\/\/summit-foundation.org\/de\/produkt\/apres-ski-fourchettes-a-fondue-girabla\/","title":{"rendered":"Apr\u00e8s-Ski \u2013 Fonduegabeln \u201eGirabla\u201c"},"content":{"rendered":"<p>Die Fonduegabeln \u201eGirabla\u201c werden im sozialp\u00e4dagogischen Zentrum in Uitikon (ZH) von Hand aus recycelten alten Skist\u00f6cken hergestellt.<\/p>\n<p>Jedes Set mit sechs St\u00fcck ist ein Unikat.<\/p>\n<p>Ein sch\u00f6nes Beispiel f\u00fcr Upcycling und ein originelles Geschenk f\u00fcr alle Liebhaberinnen und Liebhaber von Skifahren und geschmolzenem K\u00e4se!<\/p>\n<p>&nbsp;<\/p>\n<h2 data-start=\"1078\" data-end=\"1110\"><strong data-start=\"1081\" data-end=\"1110\">ABMESSUNGEN<\/strong><\/h2>\n<p>L 27cm x D 1,4 cm \u2013 1,8cm<\/p>","protected":false},"excerpt":{"rendered":"<p>Les fourchettes \u00e0 fondue \u00ab Girabla \u00bb sont fabriqu\u00e9es \u00e0 la main au sein du centre socio-\u00e9ducatif d\u2019Uitikon (ZH), \u00e0 partir d\u2019anciens b\u00e2tons de ski recycl\u00e9s. Chaque set de six est une pi\u00e8ce unique. Un bel exemple d\u2019upcycling et un cadeau original pour tous les amateurs et amatrices de ski et de fromage fondu! &nbsp; [&hellip;]<\/p>\n","protected":false},"featured_media":14501,"comment_status":"closed","ping_status":"closed","template":"","meta":{"_acf_changed":false},"product_brand":[],"product_cat":[64,17],"product_tag":[],"class_list":{"0":"post-14499","1":"product","2":"type-product","3":"status-publish","4":"has-post-thumbnail","6":"product_cat-special","7":"product_cat-uncategorized","9":"first","10":"instock","11":"taxable","12":"shipping-taxable","13":"product-type-simple"},"acf":[],"_links":{"self":[{"href":"https:\/\/summit-foundation.org\/de\/wp-json\/wp\/v2\/product\/14499","targetHints":{"allow":["GET"]}}],"collection":[{"href":"https:\/\/summit-foundation.org\/de\/wp-json\/wp\/v2\/product"}],"about":[{"href":"https:\/\/summit-foundation.org\/de\/wp-json\/wp\/v2\/types\/product"}],"replies":[{"embeddable":true,"href":"https:\/\/summit-foundation.org\/de\/wp-json\/wp\/v2\/comments?post=14499"}],"wp:featuredmedia":[{"embeddable":true,"href":"https:\/\/summit-foundation.org\/de\/wp-json\/wp\/v2\/media\/14501"}],"wp:attachment":[{"href":"https:\/\/summit-foundation.org\/de\/wp-json\/wp\/v2\/media?parent=14499"}],"wp:term":[{"taxonomy":"product_brand","embeddable":true,"href":"https:\/\/summit-foundation.org\/de\/wp-json\/wp\/v2\/product_brand?post=14499"},{"taxonomy":"product_cat","embeddable":true,"href":"https:\/\/summit-foundation.org\/de\/wp-json\/wp\/v2\/product_cat?post=14499"},{"taxonomy":"product_tag","embeddable":true,"href":"https:\/\/summit-foundation.org\/de\/wp-json\/wp\/v2\/product_tag?post=14499"}],"curies":[{"name":"wp","href":"https:\/\/api.w.org\/{rel}","templated":true}]}}