{"id":216,"date":"2015-02-16T12:12:03","date_gmt":"2015-02-16T11:12:03","guid":{"rendered":"https:\/\/summit-foundation.org\/wp\/?page_id=138"},"modified":"2025-03-03T10:29:01","modified_gmt":"2025-03-03T09:29:01","slug":"ecobox","status":"publish","type":"page","link":"https:\/\/summit-foundation.org\/en\/ecobox\/","title":{"rendered":"Ecobox - The recycled metal pocket ashtray, made in Switzerland"},"content":{"rendered":"<p>Often used as a portable ashtray, the Ecobox is a small box made of recycled tinplate and manufactured in Switzerland. It can be used to store all sorts of small items of waste (chewing gum, cigarette ends, small packaging, etc.) instead of throwing them on the ground, whether in town or in the countryside.<\/p>\n<p>The Ecobox also has a strong social added value, as the self-adhesive labels and packaging are applied by a sheltered workshop.<\/p>\n<p>As well as being a practical solution to the problem of littering, it is also a fantastic communication tool for events, businesses and local authorities, as the sticker on the lid of the box can be customised for orders of 500 items or more.<\/p>\n<p>Find out all about the Ecobox, <a href=\"https:\/\/summit-foundation.org\/wp\/wp-content\/uploads\/2022\/01\/SFN_PRODUIT_ECOBOX_2022_FR_PROD.pdf\" target=\"_blank\" rel=\"noopener noreferrer\">t\u00e9l\u00e9chargez la brochure de pr\u00e9sentation<\/a>. If you have any questions, please do not hesitate to contact <a href=\"https:\/\/summit-foundation.org\/en\/contact\/\">nous contacter<\/a>.<\/p>\n<p><img loading=\"lazy\" decoding=\"async\" class=\"aligncenter wp-image-6010 size-large\" title=\"Ecobox_Summit_Foundation_Ecological_Solutions\" src=\"https:\/\/summit-foundation.org\/wp\/wp-content\/uploads\/2015\/02\/SFN_ECOBOX_2018-4-1024x682.jpg\" alt=\"\" width=\"1024\" height=\"682\"><\/p>","protected":false},"excerpt":{"rendered":"<p>Souvent utilis\u00e9e comme cendrier portable, l\u2019Ecobox est une petite bo\u00eete en fer blanc recycl\u00e9, fabriqu\u00e9e en Suisse, qui permet de conserver sur soi toutes sortes de petits d\u00e9chets (chewing-gums, m\u00e9gots de cigarettes, petits emballages, etc.) au lieu de les jeter au sol, que ce soit en ville ou dans la nature. L\u2019Ecobox b\u00e9n\u00e9ficie \u00e9galement d\u2019une [&hellip;]<\/p>\n","protected":false},"author":8,"featured_media":13876,"parent":0,"menu_order":0,"comment_status":"closed","ping_status":"closed","template":"","meta":{"_acf_changed":false,"footnotes":""},"class_list":["post-216","page","type-page","status-publish","has-post-thumbnail","hentry"],"acf":{"photo_gallery":{"gallerie_de_photo":[[]]}},"_links":{"self":[{"href":"https:\/\/summit-foundation.org\/en\/wp-json\/wp\/v2\/pages\/216","targetHints":{"allow":["GET"]}}],"collection":[{"href":"https:\/\/summit-foundation.org\/en\/wp-json\/wp\/v2\/pages"}],"about":[{"href":"https:\/\/summit-foundation.org\/en\/wp-json\/wp\/v2\/types\/page"}],"author":[{"embeddable":true,"href":"https:\/\/summit-foundation.org\/en\/wp-json\/wp\/v2\/users\/8"}],"replies":[{"embeddable":true,"href":"https:\/\/summit-foundation.org\/en\/wp-json\/wp\/v2\/comments?post=216"}],"version-history":[{"count":1,"href":"https:\/\/summit-foundation.org\/en\/wp-json\/wp\/v2\/pages\/216\/revisions"}],"predecessor-version":[{"id":12160,"href":"https:\/\/summit-foundation.org\/en\/wp-json\/wp\/v2\/pages\/216\/revisions\/12160"}],"wp:featuredmedia":[{"embeddable":true,"href":"https:\/\/summit-foundation.org\/en\/wp-json\/wp\/v2\/media\/13876"}],"wp:attachment":[{"href":"https:\/\/summit-foundation.org\/en\/wp-json\/wp\/v2\/media?parent=216"}],"curies":[{"name":"wp","href":"https:\/\/api.w.org\/{rel}","templated":true}]}}