{"id":218,"date":"2015-02-20T10:44:20","date_gmt":"2015-02-20T09:44:20","guid":{"rendered":"https:\/\/summit-foundation.org\/wp\/?page_id=198"},"modified":"2025-03-04T12:41:11","modified_gmt":"2025-03-04T11:41:11","slug":"qui-sommes-nous","status":"publish","type":"page","link":"https:\/\/summit-foundation.org\/en\/qui-sommes-nous\/","title":{"rendered":"Who are we?"},"content":{"rendered":"<p>[et_pb_section fb_built=\"1\" admin_label=\"section\" _builder_version=\"4.16\" global_colors_info=\"{}\"][et_pb_row column_structure=\"1_2,1_2\" admin_label=\"row\" _builder_version=\"4.19.2\" background_size=\"initial\" background_position=\"top_left\" background_repeat=\"repeat\" global_colors_info=\"{}\"][et_pb_column type=\"1_2\" _builder_version=\"4.16\" custom_padding=\"|||\" global_colors_info=\"{}\" custom_padding__hover=\"|||\"][et_pb_text admin_label=\"Text\" _builder_version=\"4.19.2\" background_size=\"initial\" background_position=\"top_left\" background_repeat=\"repeat\" hover_enabled=\"0\" global_colors_info=\"{}\" sticky_enabled=\"0\"]<\/p>\n<h4>Laurent Thurnheer<\/h4>\n<h4>Fondateur et directeur<\/h4>\n<p>Charg\u00e9 de communication Polycom - Sawi<\/p>\n<p><a style=\"letter-spacing: normal; text-align: left; font-size: 1rem; font-family: 'Open Sans', sans-serif; background-color: #ffffff;\" href=\"https:\/\/summit-foundation.org\/wp\/wp-content\/uploads\/2022\/12\/20221000_LORISTHEURILLAT_SF_LTH.jpg\"><img loading=\"lazy\" decoding=\"async\" class=\"wp-image-11934 alignnone size-medium\" src=\"https:\/\/summit-foundation.org\/wp\/wp-content\/uploads\/2022\/12\/20221000_LORISTHEURILLAT_SF_LTH-214x300.jpg\" alt=\"\" width=\"214\" height=\"300\" \/><\/a><\/p>\n<p>Me contacter: <a href=\"mailto:laurent@summit.ngo\">laurent@summit.ngo<\/a><\/p>\n<h4>Fr\u00e9d\u00e9ric Grichting<\/h4>\n<h4>Senior project manager<\/h4>\n<p>Master en Management, HEC Lausanne<\/p>\n<p><a href=\"https:\/\/summit-foundation.org\/wp\/wp-content\/uploads\/2022\/12\/20221000_LORISTHEURILLAT_SF_FGR.jpg\"><img loading=\"lazy\" decoding=\"async\" class=\"wp-image-11928 alignnone size-medium\" src=\"https:\/\/summit-foundation.org\/wp\/wp-content\/uploads\/2022\/12\/20221000_LORISTHEURILLAT_SF_FGR-214x300.jpg\" alt=\"\" width=\"214\" height=\"300\" \/><\/a><\/p>\n<p>Me contacter: <a href=\"mailto:frederic@summit.ngo\">frederic@summit.ngo<\/a><\/p>\n<h4>Petra Kohoutov\u00e1<\/h4>\n<h4>Project manager, Clean-Up Tour Switzerland<\/h4>\n<p>Master en management du sport<\/p>\n<p><a href=\"https:\/\/summit-foundation.org\/wp\/wp-content\/uploads\/2022\/12\/20221000_LORISTHEURILLAT_SF_PKO.jpg\"><img loading=\"lazy\" decoding=\"async\" class=\"wp-image-11940 alignnone size-medium\" src=\"https:\/\/summit-foundation.org\/wp\/wp-content\/uploads\/2022\/12\/20221000_LORISTHEURILLAT_SF_PKO-214x300.jpg\" alt=\"\" width=\"214\" height=\"300\" \/><\/a><\/p>\n<p>Me contacter: <a href=\"mailto:petra@summit.ngo\">petra@summit.ngo<\/a><\/p>\n<p class=\"accordionfaqheader selected\">[\/et_pb_text][\/et_pb_column][et_pb_column type=\"1_2\" _builder_version=\"4.19.2\" _module_preset=\"default\" global_colors_info=\"{}\"][et_pb_text admin_label=\"Text\" _builder_version=\"4.19.2\" background_size=\"initial\" background_position=\"top_left\" background_repeat=\"repeat\" hover_enabled=\"0\" global_colors_info=\"{}\" sticky_enabled=\"0\"]<\/p>\n<h4>Olivier Kressmann<\/h4>\n<h4>Senior project manager<\/h4>\n<p>Conseiller en environnement avec brevet f\u00e9d\u00e9ral<\/p>\n<p><a href=\"https:\/\/summit-foundation.org\/wp\/wp-content\/uploads\/2022\/12\/20221000_LORISTHEURILLAT_SF_OKR.jpg\"><img loading=\"lazy\" decoding=\"async\" class=\"wp-image-11937 alignnone size-medium\" src=\"https:\/\/summit-foundation.org\/wp\/wp-content\/uploads\/2022\/12\/20221000_LORISTHEURILLAT_SF_OKR-214x300.jpg\" alt=\"\" width=\"214\" height=\"300\" \/><\/a><\/p>\n<p>Me contacter: <a href=\"mailto:olivier@summit.ngo\">olivier@summit.ngo<\/a><\/p>\n<h4>Charlotte Nerri\u00e8re<\/h4>\n<h4>Project manager, Sustainable Mountains<\/h4>\n<p>Master Management des Achats Internationaux &amp; Innovation<\/p>\n<p><a href=\"https:\/\/summit-foundation.org\/wp\/wp-content\/uploads\/2022\/12\/20221000_LORISTHEURILLAT_SF_CNE.jpg\"><img loading=\"lazy\" decoding=\"async\" class=\"wp-image-11925 alignnone size-medium\" src=\"https:\/\/summit-foundation.org\/wp\/wp-content\/uploads\/2022\/12\/20221000_LORISTHEURILLAT_SF_CNE-214x300.jpg\" alt=\"\" width=\"214\" height=\"300\" \/><\/a><\/p>\n<p>Me contacter: <a href=\"mailto:charlotte@summit.ngo\">charlotte@summit.ngo<\/a><\/p>\n<h4>Hannah Macmillan<\/h4>\n<h4>Project manager, Clean-Up Tour Italy<\/h4>\n<p>Bachelor of Arts, Geographie et italien<\/p>\n<p><a href=\"https:\/\/summit-foundation.org\/wp\/wp-content\/uploads\/2022\/12\/20221000_LORISTHEURILLAT_SF_HAN.jpg\"><img loading=\"lazy\" decoding=\"async\" class=\"wp-image-11931 alignnone size-medium\" src=\"https:\/\/summit-foundation.org\/wp\/wp-content\/uploads\/2022\/12\/20221000_LORISTHEURILLAT_SF_HAN-214x300.jpg\" alt=\"\" width=\"214\" height=\"300\" \/><\/a><\/p>\n<p>Me contacter: <a href=\"mailto:hannah@summit-foundation.org\">hannah@summit-foundation.org<\/a><\/p>\n<p class=\"accordionfaqheader selected\">[\/et_pb_text][\/et_pb_column][\/et_pb_row][et_pb_row _builder_version=\"4.19.2\" _module_preset=\"default\" global_colors_info=\"{}\"][et_pb_column type=\"4_4\" _builder_version=\"4.19.2\" _module_preset=\"default\" global_colors_info=\"{}\"][et_pb_divider _builder_version=\"4.19.2\" _module_preset=\"default\" global_colors_info=\"{}\"][\/et_pb_divider][\/et_pb_column][\/et_pb_row][et_pb_row column_structure=\"1_2,1_2\" _builder_version=\"4.19.2\" _module_preset=\"default\" global_colors_info=\"{}\"][et_pb_column type=\"1_2\" _builder_version=\"4.19.2\" _module_preset=\"default\" global_colors_info=\"{}\"][et_pb_text _builder_version=\"4.19.2\" _module_preset=\"default\" hover_enabled=\"0\" global_colors_info=\"{}\" sticky_enabled=\"0\"]<\/p>\n<h4>Conseil de Fondation<\/h4>\n<p>Le conseil de Fondation d\u00e9cide des objectifs, de la strat\u00e9gie et des moyens \u00e0 mettre en \u0153uvre. Il se r\u00e9unit 4 fois par an et s\u2019assure \u00e9galement de la bonne gestion des finances.<\/p>\n<p>Le Conseil de Fondation est constitu\u00e9 de:<\/p>\n<ul>\n<li>Olivier Nigg, G\u00e9ologue, dipl\u00f4m\u00e9 post grade EPFL en environnement, Pr\u00e9sident<\/li>\n<li>Virginie Faivre, Pr\u00e9sidente des JOJ Lausanne 2020, triple championne du monde de ski freestyle<\/li>\n<li>Cyril M\u00e9an, Psychanalyste EPFCL<\/li>\n<li class=\"li1\">Valentine Schnyder, Avocate<\/li>\n<li class=\"li1\">M\u00e9lanie Burnier, Economiste<\/li>\n<\/ul>\n<p>[\/et_pb_text][\/et_pb_column][et_pb_column type=\"1_2\" _builder_version=\"4.19.2\" _module_preset=\"default\" global_colors_info=\"{}\"][et_pb_text _builder_version=\"4.19.2\" _module_preset=\"default\" hover_enabled=\"0\" global_colors_info=\"{}\" sticky_enabled=\"0\"]<\/p>\n<h4 id=\"accordion12\" class=\"accordionfaqheader selected\">B\u00e9n\u00e9voles<\/h4>\n<div class=\"accordionfaqitem\">\n<p>La Fondation ne pourrait fonctionner sans le pr\u00e9cieux soutien d\u2019une cinquantaine de b\u00e9n\u00e9voles qui assurent entre autres l\u2019animation de stands durant les manifestations, participent aux ateliers ainsi qu'aux journ\u00e9es d\u2019entreprises et aident \u00e0 la mise en place de journ\u00e9es de nettoyage en montagne.<\/p>\n<p>Vous souhaitez rejoindre une journ\u00e9e de ramassage en montagne? Visitez le site du <a href=\"https:\/\/www.cleanuptour.ch\" target=\"_blank\" rel=\"noopener\">Clean-Up Tour!<\/a><\/p>\n<\/div>\n<p>[\/et_pb_text][\/et_pb_column][\/et_pb_row][\/et_pb_section]<\/p>\n","protected":false},"excerpt":{"rendered":"<p>[et_pb_section fb_built=\"1\" admin_label=\"section\" _builder_version=\"4.16\" global_colors_info=\"{}\"][et_pb_row column_structure=\"1_2,1_2\" admin_label=\"row\" _builder_version=\"4.19.2\" background_size=\"initial\" background_position=\"top_left\" background_repeat=\"repeat\" global_colors_info=\"{}\"][et_pb_column type=\"1_2\" _builder_version=\"4.16\" custom_padding=\"|||\" global_colors_info=\"{}\" custom_padding__hover=\"|||\"][et_pb_text admin_label=\"Text\" _builder_version=\"4.19.2\" background_size=\"initial\" background_position=\"top_left\" background_repeat=\"repeat\" hover_enabled=\"0\" global_colors_info=\"{}\" sticky_enabled=\"0\"] Laurent Thurnheer Fondateur et directeur Charg\u00e9 de communication Polycom - Sawi Me contacter: laurent@summit.ngo Fr\u00e9d\u00e9ric Grichting Senior project manager Master en Management, HEC Lausanne Me contacter: frederic@summit.ngo Petra Kohoutov\u00e1 Project [&hellip;]<\/p>\n","protected":false},"author":8,"featured_media":13110,"parent":0,"menu_order":0,"comment_status":"closed","ping_status":"closed","template":"","meta":{"_acf_changed":false,"footnotes":""},"class_list":["post-218","page","type-page","status-publish","has-post-thumbnail","hentry"],"acf":{"photo_gallery":{"gallerie_de_photo":[[]]}},"_links":{"self":[{"href":"https:\/\/summit-foundation.org\/en\/wp-json\/wp\/v2\/pages\/218","targetHints":{"allow":["GET"]}}],"collection":[{"href":"https:\/\/summit-foundation.org\/en\/wp-json\/wp\/v2\/pages"}],"about":[{"href":"https:\/\/summit-foundation.org\/en\/wp-json\/wp\/v2\/types\/page"}],"author":[{"embeddable":true,"href":"https:\/\/summit-foundation.org\/en\/wp-json\/wp\/v2\/users\/8"}],"replies":[{"embeddable":true,"href":"https:\/\/summit-foundation.org\/en\/wp-json\/wp\/v2\/comments?post=218"}],"version-history":[{"count":2,"href":"https:\/\/summit-foundation.org\/en\/wp-json\/wp\/v2\/pages\/218\/revisions"}],"predecessor-version":[{"id":13914,"href":"https:\/\/summit-foundation.org\/en\/wp-json\/wp\/v2\/pages\/218\/revisions\/13914"}],"wp:featuredmedia":[{"embeddable":true,"href":"https:\/\/summit-foundation.org\/en\/wp-json\/wp\/v2\/media\/13110"}],"wp:attachment":[{"href":"https:\/\/summit-foundation.org\/en\/wp-json\/wp\/v2\/media?parent=218"}],"curies":[{"name":"wp","href":"https:\/\/api.w.org\/{rel}","templated":true}]}}