{"id":2641,"date":"2016-11-29T19:24:51","date_gmt":"2016-11-29T18:24:51","guid":{"rendered":"https:\/\/summit-foundation.org\/?page_id=2641"},"modified":"2025-07-16T10:30:06","modified_gmt":"2025-07-16T09:30:06","slug":"cendriers-de-vote","status":"publish","type":"page","link":"https:\/\/summit-foundation.org\/en\/cendriers-de-vote\/","title":{"rendered":"Voting ashtrays"},"content":{"rendered":"<p>[et_pb_section fb_built=\"1\" _builder_version=\"4.16\" global_colors_info=\"{}\"][et_pb_row _builder_version=\"4.16\" background_size=\"initial\" background_position=\"top_left\" background_repeat=\"repeat\" global_colors_info=\"{}\"][et_pb_column type=\"4_4\" _builder_version=\"4.16\" custom_padding=\"|||\" global_colors_info=\"{}\" custom_padding__hover=\"|||\"][et_pb_text _builder_version=\"4.16\" background_size=\"initial\" background_position=\"top_left\" background_repeat=\"repeat\" global_colors_info=\"{}\"]<\/p>\n<h2><span style=\"color: #0c71c3\">Introduction<br \/>\n<\/span><\/h2>\n<p>Selon une \u00e9tude de l'Office F\u00e9d\u00e9ral de l'Environnement, le littering co\u00fbte annuellement plus de CHF 200 millions au contribuable, dont un tiers au moins est imputable aux m\u00e9gots de cigarettes.<\/p>\n<p>La lutte contre ce ph\u00e9nom\u00e8ne repr\u00e9sente d\u00e8s lors des enjeux consid\u00e9rables et appelle des solutions multiples.<\/p>\n<p><!-- \/divi:paragraph --><!-- divi:paragraph --><!-- \/divi:paragraph --><!-- divi:heading {\"level\":5} --><\/p>\n<h2><span style=\"color: #0c71c3\">Diminuer les m\u00e9gots au sol par le jeu<\/span><\/h2>\n<p><!-- \/divi:heading --><!-- divi:paragraph --><\/p>\n<p>La mise \u00e0 disposition de solutions concr\u00e8tes pour faciliter les changements de comportements est un des axes centraux du travail de Summit Foundation. Le cendrier mural permettant aux usagers de voter entre deux propositions poursuit cet objectif de changement de comportement, avec pour finalit\u00e9 la diminution du littering de m\u00e9gots de cigarette dans les rues.<\/p>\n<p><!-- \/divi:paragraph --><!-- divi:heading {\"level\":5} --><\/p>\n<h2><span style=\"color: #0c71c3\"><strong>Donn\u00e9es techniques<\/strong><\/span><\/h2>\n<p><!-- \/divi:heading --><!-- divi:list --><\/p>\n<ul>\n<li>Inox microbill\u00e9<\/li>\n<li>Propositions de vote personnalisables et ais\u00e9ment modifiables via une simple feuille de papier au format A6<\/li>\n<li>Fabriqu\u00e9 en Suisse au sein d'un atelier prot\u00e9g\u00e9<\/li>\n<li>Contenance : 400 \u00e0 600 m\u00e9gots<\/li>\n<li>Fixation murale par 4 vis ou sur un poteau, par exemple avec des brides m\u00e9talliques \u00e0 passer dans les 2 tubes pr\u00e9vus \u00e0 cet effet \u00e0 l'arri\u00e8re du cendrier<\/li>\n<li>Dimensions (H x L x P) : 54 x 20 x 8 cm<\/li>\n<\/ul>\n<p><!-- \/divi:list --><!-- divi:heading {\"level\":5} --><\/p>\n<h2><span style=\"color: #0c71c3\">Prix<\/span><\/h2>\n<p><!-- \/divi:heading --><!-- divi:paragraph --><\/p>\n<p>Prix: CHF 297.- hors taxes et hors frais de livraison.<br \/>\nLes cendriers de vote sont\u00a0enti\u00e8rement produits au sein d'un atelier prot\u00e9g\u00e9 en Suisse.<br \/>\nPour en savoir plus, t\u00e9l\u00e9chargez la <a href=\"https:\/\/summit-foundation.org\/wp-content\/uploads\/2025\/03\/SFN_PRODUIT_CENDRIER-VOTE_2025_FR.pdf\" target=\"_blank\" rel=\"noreferrer noopener\">plaquette de pr\u00e9sentation<\/a>.<\/p>\n<p><!-- \/divi:paragraph --><!-- divi:paragraph --><!-- \/divi:paragraph --><!-- divi:paragraph --><\/p>\n<h2><span style=\"color: #0c71c3\">Location<\/span><\/h2>\n<p>Summit Foundation propose \u00e9galement la location de cendriers de vote pour la dur\u00e9e de votre manifestation<\/p>\n<p>Plus plus d'information, nous contacter par e-mail ou t\u00e9l\u00e9phone (voir contact ci-dessous)<\/p>\n<p><!-- \/divi:paragraph --><\/p>\n<p>[\/et_pb_text][\/et_pb_column][\/et_pb_row][\/et_pb_section]<\/p>\n","protected":false},"excerpt":{"rendered":"<p>[et_pb_section fb_built=\"1\" _builder_version=\"4.16\" global_colors_info=\"{}\"][et_pb_row _builder_version=\"4.16\" background_size=\"initial\" background_position=\"top_left\" background_repeat=\"repeat\" global_colors_info=\"{}\"][et_pb_column type=\"4_4\" _builder_version=\"4.16\" custom_padding=\"|||\" global_colors_info=\"{}\" custom_padding__hover=\"|||\"][et_pb_text _builder_version=\"4.16\" background_size=\"initial\" background_position=\"top_left\" background_repeat=\"repeat\" global_colors_info=\"{}\"] Introduction Selon une \u00e9tude de l'Office F\u00e9d\u00e9ral de l'Environnement, le littering co\u00fbte annuellement plus de CHF 200 millions au contribuable, dont un tiers au moins est imputable aux m\u00e9gots de cigarettes. La lutte contre ce ph\u00e9nom\u00e8ne [&hellip;]<\/p>\n","protected":false},"author":8,"featured_media":13881,"parent":0,"menu_order":0,"comment_status":"closed","ping_status":"closed","template":"","meta":{"_acf_changed":false,"footnotes":""},"class_list":["post-2641","page","type-page","status-publish","has-post-thumbnail","hentry"],"acf":{"photo_gallery":{"gallerie_de_photo":[[]]}},"_links":{"self":[{"href":"https:\/\/summit-foundation.org\/en\/wp-json\/wp\/v2\/pages\/2641","targetHints":{"allow":["GET"]}}],"collection":[{"href":"https:\/\/summit-foundation.org\/en\/wp-json\/wp\/v2\/pages"}],"about":[{"href":"https:\/\/summit-foundation.org\/en\/wp-json\/wp\/v2\/types\/page"}],"author":[{"embeddable":true,"href":"https:\/\/summit-foundation.org\/en\/wp-json\/wp\/v2\/users\/8"}],"replies":[{"embeddable":true,"href":"https:\/\/summit-foundation.org\/en\/wp-json\/wp\/v2\/comments?post=2641"}],"version-history":[{"count":3,"href":"https:\/\/summit-foundation.org\/en\/wp-json\/wp\/v2\/pages\/2641\/revisions"}],"predecessor-version":[{"id":14242,"href":"https:\/\/summit-foundation.org\/en\/wp-json\/wp\/v2\/pages\/2641\/revisions\/14242"}],"wp:featuredmedia":[{"embeddable":true,"href":"https:\/\/summit-foundation.org\/en\/wp-json\/wp\/v2\/media\/13881"}],"wp:attachment":[{"href":"https:\/\/summit-foundation.org\/en\/wp-json\/wp\/v2\/media?parent=2641"}],"curies":[{"name":"wp","href":"https:\/\/api.w.org\/{rel}","templated":true}]}}