{"id":265,"date":"2015-02-20T11:29:19","date_gmt":"2015-02-20T10:29:19","guid":{"rendered":"https:\/\/summit-foundation.org\/wp\/?page_id=265"},"modified":"2024-12-31T00:38:21","modified_gmt":"2024-12-30T23:38:21","slug":"travailler-pour-la-fondation","status":"publish","type":"page","link":"https:\/\/summit-foundation.org\/en\/travailler-pour-la-fondation\/","title":{"rendered":"Working for the Foundation"},"content":{"rendered":"<h2>Emploi<\/h2>\n<p>No positions are currently open.<\/p>\n<p>As we are financed in part by sponsors and donors, we are seeking to limit our administrative costs and would therefore ask you to refrain from making unsolicited applications.<\/p>\n<h2>Service civil<\/h2>\n<p>Summit Foundation has been recognised as a placement institution since September 2006 and regularly takes on civilian employees for periods ranging from 1 to 6 months, with longer assignments generally being preferred. The Foundation is also considered a priority placement establishment.<\/p>\n<p>You can also send your CV, together with a covering letter and the ideal period and duration for you, to the address below: <a href=\"mailto:info@summit-foundation.org\">info@summit-foundation.org<\/a>. Requests are dealt with on a regular basis, and you will always receive a reply, even if it is negative.<\/p>","protected":false},"excerpt":{"rendered":"<p>Emploi Aucun poste n'est ouvert actuellement. Etant financ\u00e9s en partie par des m\u00e9c\u00e8nes et des donateurs, nous cherchons \u00e0 limiter nos co\u00fbts administratifs et vous prions d\u00e8s lors de renoncer \u00e0 toute candidature spontan\u00e9e. Service civil Summit Foundation est reconnue comme \u00e9tablissement d'affectation depuis septembre 2006 et accueille r\u00e9guli\u00e8rement des civilistes pour des p\u00e9riodes allant [&hellip;]<\/p>\n","protected":false},"author":8,"featured_media":13315,"parent":0,"menu_order":0,"comment_status":"closed","ping_status":"closed","template":"","meta":{"_acf_changed":false,"footnotes":""},"class_list":["post-265","page","type-page","status-publish","has-post-thumbnail","hentry"],"acf":{"photo_gallery":{"gallerie_de_photo":[[]]}},"_links":{"self":[{"href":"https:\/\/summit-foundation.org\/en\/wp-json\/wp\/v2\/pages\/265","targetHints":{"allow":["GET"]}}],"collection":[{"href":"https:\/\/summit-foundation.org\/en\/wp-json\/wp\/v2\/pages"}],"about":[{"href":"https:\/\/summit-foundation.org\/en\/wp-json\/wp\/v2\/types\/page"}],"author":[{"embeddable":true,"href":"https:\/\/summit-foundation.org\/en\/wp-json\/wp\/v2\/users\/8"}],"replies":[{"embeddable":true,"href":"https:\/\/summit-foundation.org\/en\/wp-json\/wp\/v2\/comments?post=265"}],"version-history":[{"count":1,"href":"https:\/\/summit-foundation.org\/en\/wp-json\/wp\/v2\/pages\/265\/revisions"}],"predecessor-version":[{"id":12185,"href":"https:\/\/summit-foundation.org\/en\/wp-json\/wp\/v2\/pages\/265\/revisions\/12185"}],"wp:featuredmedia":[{"embeddable":true,"href":"https:\/\/summit-foundation.org\/en\/wp-json\/wp\/v2\/media\/13315"}],"wp:attachment":[{"href":"https:\/\/summit-foundation.org\/en\/wp-json\/wp\/v2\/media?parent=265"}],"curies":[{"name":"wp","href":"https:\/\/api.w.org\/{rel}","templated":true}]}}