{"id":6962,"date":"2020-01-15T09:08:21","date_gmt":"2020-01-15T08:08:21","guid":{"rendered":"https:\/\/summit-foundation.org\/?page_id=6962"},"modified":"2020-01-15T09:08:21","modified_gmt":"2020-01-15T08:08:21","slug":"sentiers-raquettes","status":"publish","type":"page","link":"https:\/\/summit-foundation.org\/en\/sentiers-raquettes\/","title":{"rendered":"Snowshoe trails"},"content":{"rendered":"<div class=\"wp-block-columns has-2-columns is-layout-flex wp-container-core-columns-is-layout-28f84493 wp-block-columns-is-layout-flex\">\n<div class=\"wp-block-column is-layout-flow wp-block-column-is-layout-flow\">\n<p> Apr\u00e8s 20 ans d\u2019existence, dont 10 ans de collaboration avec Summit Foundation, la F\u00e9d\u00e9ration suisse de raquettes \u00e0 neige a confi\u00e9 \u00e0 notre fondation la refonte du \u00ab&nbsp;Guide des Sentiers Raquettes de Suisse romande&nbsp;\u00bb. Objectif : encourager plus fortement encore ce loisir hivernal doux. Divis\u00e9 en quatre cahiers, l\u2019ouvrage rassemble plus de 160 sentiers balis\u00e9s et s\u00e9curis\u00e9s dans les cantons de Fribourg, Jura, Valais et Vaud. <\/p>\n\n\n\n<p> La dimension environnementale est encore plus pr\u00e9sente dans le projet, puisqu\u2019au-del\u00e0 des \u00e9co-conseils inclus dans l\u2019ouvrage, Summit Foundation a imprim\u00e9 le guide sur du papier labellis\u00e9 \u00ab&nbsp;Ange bleu&nbsp;\u00bb, 100% recycl\u00e9. Un aspect local intervient par ailleurs dans le projet puisqu\u2019il a \u00e9t\u00e9 r\u00e9alis\u00e9 avec un atelier de design veveysan et un imprimeur \u00e0 Fribourg. <\/p>\n\n\n\n<p> The guide is the ideal companion for winter snowshoe outings, whether with family, friends or as a solo adventurer. As well as 160 trails, it includes route maps, effort profiles, useful information for preparing an outing and details of restaurants and accommodation.  <\/p>\n\n\n\n<p> The Snowshoeing Trails guide is available for CHF 50 to support the development of snowshoeing in French-speaking Switzerland. <a href=\"http:\/\/www.sentiers-raquettes.ch\" target=\"_blank\" rel=\"noreferrer noopener\" aria-label=\"www.sentiers-raquettes.ch (opens in a new tab)\">www.sentiers-raquettes.ch<\/a>.  <\/p>\n<\/div>\n\n\n\n<div class=\"wp-block-column is-layout-flow wp-block-column-is-layout-flow\">\n<figure class=\"wp-block-image\"><img decoding=\"async\" src=\"https:\/\/summit-foundation.org\/wp\/wp-content\/uploads\/2020\/01\/guide-des-sentiers-raquettes_2019-2020-1024x755.jpg\" alt=\"\" class=\"wp-image-6970\"\/><figcaption> Photo: \u00a9 KANULART <\/figcaption><\/figure>\n<\/div>\n<\/div>\n\n\n\n<div class=\"wp-block-columns has-4-columns is-layout-flex wp-container-core-columns-is-layout-28f84493 wp-block-columns-is-layout-flex\">\n<div class=\"wp-block-column is-layout-flow wp-block-column-is-layout-flow\">\n<figure class=\"wp-block-image\"><img decoding=\"async\" src=\"https:\/\/summit-foundation.org\/wp\/wp-content\/uploads\/2020\/01\/guide-des-sentiers-raquettes_2019-2020_jura-1024x1024.jpg\" alt=\"\" class=\"wp-image-6989\"\/><\/figure>\n<\/div>\n\n\n\n<div class=\"wp-block-column is-layout-flow wp-block-column-is-layout-flow\">\n<figure class=\"wp-block-image\"><img decoding=\"async\" src=\"https:\/\/summit-foundation.org\/wp\/wp-content\/uploads\/2020\/01\/guide-des-sentiers-raquettes_2019-2020_fribourg-1-1024x1024.jpg\" alt=\"\" class=\"wp-image-6986\"\/><\/figure>\n<\/div>\n\n\n\n<div class=\"wp-block-column is-layout-flow wp-block-column-is-layout-flow\">\n<figure class=\"wp-block-image\"><img decoding=\"async\" src=\"https:\/\/summit-foundation.org\/wp\/wp-content\/uploads\/2020\/01\/guide-des-sentiers-raquettes_2019-2020_vaud-1-1024x1024.jpg\" alt=\"\" class=\"wp-image-6995\"\/><\/figure>\n<\/div>\n\n\n\n<div class=\"wp-block-column is-layout-flow wp-block-column-is-layout-flow\">\n<figure class=\"wp-block-image\"><img decoding=\"async\" src=\"https:\/\/summit-foundation.org\/wp\/wp-content\/uploads\/2020\/01\/guide-des-sentiers-raquettes_2019-2020_valais-1024x1024.jpg\" alt=\"\" class=\"wp-image-6981\"\/><\/figure>\n<\/div>\n<\/div>","protected":false},"excerpt":{"rendered":"<p>Apr\u00e8s 20 ans d\u2019existence, dont 10 ans de collaboration avec Summit Foundation, la F\u00e9d\u00e9ration suisse de raquettes \u00e0 neige a confi\u00e9 \u00e0 notre fondation la refonte du \u00ab&nbsp;Guide des Sentiers Raquettes de Suisse romande&nbsp;\u00bb. Objectif : encourager plus fortement encore ce loisir hivernal doux. Divis\u00e9 en quatre cahiers, l\u2019ouvrage rassemble plus de 160 sentiers balis\u00e9s [&hellip;]<\/p>\n","protected":false},"author":8,"featured_media":0,"parent":0,"menu_order":0,"comment_status":"closed","ping_status":"closed","template":"","meta":{"_acf_changed":false,"footnotes":""},"class_list":["post-6962","page","type-page","status-publish","hentry"],"acf":{"photo_gallery":{"gallerie_de_photo":[[]]}},"_links":{"self":[{"href":"https:\/\/summit-foundation.org\/en\/wp-json\/wp\/v2\/pages\/6962","targetHints":{"allow":["GET"]}}],"collection":[{"href":"https:\/\/summit-foundation.org\/en\/wp-json\/wp\/v2\/pages"}],"about":[{"href":"https:\/\/summit-foundation.org\/en\/wp-json\/wp\/v2\/types\/page"}],"author":[{"embeddable":true,"href":"https:\/\/summit-foundation.org\/en\/wp-json\/wp\/v2\/users\/8"}],"replies":[{"embeddable":true,"href":"https:\/\/summit-foundation.org\/en\/wp-json\/wp\/v2\/comments?post=6962"}],"version-history":[{"count":0,"href":"https:\/\/summit-foundation.org\/en\/wp-json\/wp\/v2\/pages\/6962\/revisions"}],"wp:attachment":[{"href":"https:\/\/summit-foundation.org\/en\/wp-json\/wp\/v2\/media?parent=6962"}],"curies":[{"name":"wp","href":"https:\/\/api.w.org\/{rel}","templated":true}]}}