{"id":7677,"date":"2020-07-01T07:59:20","date_gmt":"2020-07-01T06:59:20","guid":{"rendered":"https:\/\/summit-foundation.org\/?page_id=7677"},"modified":"2020-07-01T07:59:20","modified_gmt":"2020-07-01T06:59:20","slug":"campagnes-sur-mesure","status":"publish","type":"page","link":"https:\/\/summit-foundation.org\/en\/campagnes-sur-mesure\/","title":{"rendered":"Tailor-made campaigns"},"content":{"rendered":"<div class=\"wp-block-columns is-layout-flex wp-container-core-columns-is-layout-28f84493 wp-block-columns-is-layout-flex\">\n<div class=\"wp-block-column is-layout-flow wp-block-column-is-layout-flow\" style=\"flex-basis:66.66%\">\n<p>Vous avez besoin de visuels pour une campagne de pr\u00e9vention des d\u00e9chets? Forte de ses 20 ans d'exp\u00e9rience dans la lutte contre les d\u00e9chets, Summit Foundation vous propose d'adapter les panneaux en forme de bulles de bande dessin\u00e9e \u00e0 vos besoins: nous cr\u00e9ons des messages selon vos attentes et int\u00e9grons les armoiries de votre Commune ou votre logo dans les visuels.<\/p>\n\n\n\n<p>Des campagnes personnalis\u00e9es ont ainsi \u00e9t\u00e9 r\u00e9alis\u00e9es notamment pour la Ville de Vevey et la F\u00eate des Vignerons, Lutry, Chexbres, Aigle, Conthey ou encore Ardon.<\/p>\n\n\n\n<p>Accompagnez une s\u00e9rie de visuels par des <a href=\"\/\" class=\"yoast-seo-link\">Ecobox<\/a> with a message from the panels and you can launch a coherent and meaningful prevention campaign. Complement your commitment with <a href=\"https:\/\/summit-foundation.org\/en\/cendriers-de-vote\/\" class=\"yoast-seo-link\">voting ashtrays<\/a> or <a href=\"\/\" class=\"yoast-seo-link\">sorting columns<\/a>. <\/p>\n\n\n\n<hr class=\"wp-block-separator\"\/>\n\n\n\n<h3 class=\"wp-block-heading\"><strong>Tarifs pour l'adaptation de messages existants<\/strong><\/h3>\n\n\n\n<ul class=\"wp-block-list\"><li>5 \u00e0 10 bulles: CHF 99.-\/pce HT<\/li><li>11 bulles et plus: CHF 75.-\/pce HT<\/li><\/ul>\n\n\n\n<p><strong>Ces prix comprennent le projet, le graphisme, la production et la livraison. <\/strong>A ces tarifs s'ajoutent CHF 20.- HT par sujet pour le changement chez l'imprimeur.<\/p>\n\n\n\n<p>We'll be happy to help you create new messages and bubble shapes. Prices on request, according to your needs. <\/p>\n\n\n\n<p>The panels are printed, produced and cut at a specialist printing works in Fribourg. The core material is made from recycled plastic.<\/p>\n<\/div>\n\n\n\n<div class=\"wp-block-column is-layout-flow wp-block-column-is-layout-flow\" style=\"flex-basis:33.33%\">\n<figure class=\"wp-block-image size-large\"><img decoding=\"async\" src=\"https:\/\/summit-foundation.org\/wp\/wp-content\/uploads\/2020\/07\/IMG_7659-1-1024x683.jpg\" alt=\"\" class=\"wp-image-7689\"\/><\/figure>\n\n\n\n<figure class=\"wp-block-image size-large\"><img decoding=\"async\" src=\"https:\/\/summit-foundation.org\/wp\/wp-content\/uploads\/2020\/07\/bulle_cgn.png\" alt=\"\" class=\"wp-image-7718\"\/><\/figure>\n\n\n\n<figure class=\"wp-block-image size-large\"><img decoding=\"async\" src=\"https:\/\/summit-foundation.org\/wp\/wp-content\/uploads\/2020\/07\/mini-bulle-1024x587.png\" alt=\"\" class=\"wp-image-7709\"\/><figcaption>Personnalisation de la petite bulle pour Conthey<\/figcaption><\/figure>\n<\/div>\n<\/div>","protected":false},"excerpt":{"rendered":"<p>Vous avez besoin de visuels pour une campagne de pr\u00e9vention des d\u00e9chets? Forte de ses 20 ans d'exp\u00e9rience dans la lutte contre les d\u00e9chets, Summit Foundation vous propose d'adapter les panneaux en forme de bulles de bande dessin\u00e9e \u00e0 vos besoins: nous cr\u00e9ons des messages selon vos attentes et int\u00e9grons les armoiries de votre Commune [&hellip;]<\/p>\n","protected":false},"author":8,"featured_media":0,"parent":0,"menu_order":0,"comment_status":"closed","ping_status":"closed","template":"","meta":{"_acf_changed":false,"footnotes":""},"class_list":["post-7677","page","type-page","status-publish","hentry"],"acf":{"photo_gallery":{"gallerie_de_photo":[[]]}},"_links":{"self":[{"href":"https:\/\/summit-foundation.org\/en\/wp-json\/wp\/v2\/pages\/7677","targetHints":{"allow":["GET"]}}],"collection":[{"href":"https:\/\/summit-foundation.org\/en\/wp-json\/wp\/v2\/pages"}],"about":[{"href":"https:\/\/summit-foundation.org\/en\/wp-json\/wp\/v2\/types\/page"}],"author":[{"embeddable":true,"href":"https:\/\/summit-foundation.org\/en\/wp-json\/wp\/v2\/users\/8"}],"replies":[{"embeddable":true,"href":"https:\/\/summit-foundation.org\/en\/wp-json\/wp\/v2\/comments?post=7677"}],"version-history":[{"count":0,"href":"https:\/\/summit-foundation.org\/en\/wp-json\/wp\/v2\/pages\/7677\/revisions"}],"wp:attachment":[{"href":"https:\/\/summit-foundation.org\/en\/wp-json\/wp\/v2\/media?parent=7677"}],"curies":[{"name":"wp","href":"https:\/\/api.w.org\/{rel}","templated":true}]}}