{"id":7951,"date":"2020-08-31T10:55:10","date_gmt":"2020-08-31T09:55:10","guid":{"rendered":"https:\/\/summit-foundation.org\/?page_id=7951"},"modified":"2024-07-25T08:17:05","modified_gmt":"2024-07-25T08:17:05","slug":"clean-up-tour","status":"publish","type":"page","link":"https:\/\/summit-foundation.org\/en\/clean-up-tour\/","title":{"rendered":"Clean-Up Tour"},"content":{"rendered":"<p>The Clean-Up Tour is a series of events aimed at preserving the Alpine landscape by collecting rubbish from the ground in mountain resorts. To achieve this, the Summit Foundation is working with around twenty partners and destinations to organise waste collection days across Switzerland.<\/p>\n\n\n\n<p>The locations and dates of the action days are available on the official Clean-Up Tour website: <a href=\"http:\/\/www.cleanuptour.ch\" target=\"_blank\" rel=\"noreferrer noopener\">www.cleanuptour.ch<\/a>.<\/p>","protected":false},"excerpt":{"rendered":"<p>Le Clean-Up Tour est une tourn\u00e9e d\u2019\u00e9v\u00e9nements ayant pour objectif de pr\u00e9server le paysage alpin en collectant les d\u00e9chets au sol dans les stations de montagne. Pour ce faire, Summit Foundation travaille en collaboration avec une vingtaine d\u2019acteurs et de destinations afin de donner vie \u00e0 des journ\u00e9es de ramassage des d\u00e9chets \u00e0 travers toute [&hellip;]<\/p>\n","protected":false},"author":8,"featured_media":13113,"parent":0,"menu_order":0,"comment_status":"closed","ping_status":"closed","template":"","meta":{"_acf_changed":false,"footnotes":""},"class_list":["post-7951","page","type-page","status-publish","has-post-thumbnail","hentry"],"acf":{"photo_gallery":{"gallerie_de_photo":[[{"id":13262,"title":"CUT_CH_@tanguybibus","caption":"","full_image_url":"https:\/\/summit-foundation.org\/wp-content\/uploads\/2024\/07\/CUT-4-scaled.jpg","thumbnail_image_url":"https:\/\/summit-foundation.org\/wp-content\/uploads\/2024\/07\/CUT-4-150x150.jpg","large_srcset":"https:\/\/summit-foundation.org\/wp-content\/uploads\/2024\/07\/CUT-4-683x1024.jpg 683w, https:\/\/summit-foundation.org\/wp-content\/uploads\/2024\/07\/CUT-4-200x300.jpg 200w, https:\/\/summit-foundation.org\/wp-content\/uploads\/2024\/07\/CUT-4-768x1152.jpg 768w, https:\/\/summit-foundation.org\/wp-content\/uploads\/2024\/07\/CUT-4-1024x1536.jpg 1024w, https:\/\/summit-foundation.org\/wp-content\/uploads\/2024\/07\/CUT-4-1365x2048.jpg 1365w, https:\/\/summit-foundation.org\/wp-content\/uploads\/2024\/07\/CUT-4-600x900.jpg 600w, https:\/\/summit-foundation.org\/wp-content\/uploads\/2024\/07\/CUT-4-scaled.jpg 1707w","medium_srcset":"https:\/\/summit-foundation.org\/wp-content\/uploads\/2024\/07\/CUT-4-200x300.jpg 200w, https:\/\/summit-foundation.org\/wp-content\/uploads\/2024\/07\/CUT-4-683x1024.jpg 683w, https:\/\/summit-foundation.org\/wp-content\/uploads\/2024\/07\/CUT-4-768x1152.jpg 768w, https:\/\/summit-foundation.org\/wp-content\/uploads\/2024\/07\/CUT-4-1024x1536.jpg 1024w, https:\/\/summit-foundation.org\/wp-content\/uploads\/2024\/07\/CUT-4-1365x2048.jpg 1365w, https:\/\/summit-foundation.org\/wp-content\/uploads\/2024\/07\/CUT-4-600x900.jpg 600w, https:\/\/summit-foundation.org\/wp-content\/uploads\/2024\/07\/CUT-4-scaled.jpg 1707w","media_details":{"width":1707,"height":2560,"sizes":{"medium":{"file":"CUT-4-200x300.jpg","width":200,"height":300,"mime-type":"image\/jpeg","filesize":41623,"source_url":"https:\/\/summit-foundation.org\/wp-content\/uploads\/2024\/07\/CUT-4-200x300.jpg"},"large":{"file":"CUT-4-683x1024.jpg","width":683,"height":1024,"mime-type":"image\/jpeg","filesize":146365,"source_url":"https:\/\/summit-foundation.org\/wp-content\/uploads\/2024\/07\/CUT-4-683x1024.jpg"},"thumbnail":{"file":"CUT-4-150x150.jpg","width":150,"height":150,"mime-type":"image\/jpeg","filesize":33262,"source_url":"https:\/\/summit-foundation.org\/wp-content\/uploads\/2024\/07\/CUT-4-150x150.jpg"},"medium_large":{"file":"CUT-4-768x1152.jpg","width":768,"height":1152,"mime-type":"image\/jpeg","filesize":171966,"source_url":"https:\/\/summit-foundation.org\/wp-content\/uploads\/2024\/07\/CUT-4-768x1152.jpg"},"1536x1536":{"file":"CUT-4-1024x1536.jpg","width":1024,"height":1536,"mime-type":"image\/jpeg","filesize":260959,"source_url":"https:\/\/summit-foundation.org\/wp-content\/uploads\/2024\/07\/CUT-4-1024x1536.jpg"},"2048x2048":{"file":"CUT-4-1365x2048.jpg","width":1365,"height":2048,"mime-type":"image\/jpeg","filesize":407469,"source_url":"https:\/\/summit-foundation.org\/wp-content\/uploads\/2024\/07\/CUT-4-1365x2048.jpg"},"woocommerce_thumbnail":{"file":"CUT-4-300x300.jpg","width":300,"height":300,"mime-type":"image\/jpeg","filesize":47233,"uncropped":false,"source_url":"https:\/\/summit-foundation.org\/wp-content\/uploads\/2024\/07\/CUT-4-300x300.jpg"},"woocommerce_single":{"file":"CUT-4-600x900.jpg","width":600,"height":900,"mime-type":"image\/jpeg","filesize":123177,"source_url":"https:\/\/summit-foundation.org\/wp-content\/uploads\/2024\/07\/CUT-4-600x900.jpg"},"woocommerce_gallery_thumbnail":{"file":"CUT-4-100x100.jpg","width":100,"height":100,"mime-type":"image\/jpeg","filesize":30370,"source_url":"https:\/\/summit-foundation.org\/wp-content\/uploads\/2024\/07\/CUT-4-100x100.jpg"}}},"alt_text":"","url":"","target":""},{"id":13259,"title":"CUT_CH_@tanguybibus","caption":"","full_image_url":"https:\/\/summit-foundation.org\/wp-content\/uploads\/2024\/07\/CUT-3-scaled.jpg","thumbnail_image_url":"https:\/\/summit-foundation.org\/wp-content\/uploads\/2024\/07\/CUT-3-150x150.jpg","large_srcset":"https:\/\/summit-foundation.org\/wp-content\/uploads\/2024\/07\/CUT-3-768x1024.jpg 768w, https:\/\/summit-foundation.org\/wp-content\/uploads\/2024\/07\/CUT-3-225x300.jpg 225w, https:\/\/summit-foundation.org\/wp-content\/uploads\/2024\/07\/CUT-3-1152x1536.jpg 1152w, https:\/\/summit-foundation.org\/wp-content\/uploads\/2024\/07\/CUT-3-1536x2048.jpg 1536w, https:\/\/summit-foundation.org\/wp-content\/uploads\/2024\/07\/CUT-3-600x800.jpg 600w, https:\/\/summit-foundation.org\/wp-content\/uploads\/2024\/07\/CUT-3-scaled.jpg 1920w","medium_srcset":"https:\/\/summit-foundation.org\/wp-content\/uploads\/2024\/07\/CUT-3-225x300.jpg 225w, https:\/\/summit-foundation.org\/wp-content\/uploads\/2024\/07\/CUT-3-768x1024.jpg 768w, https:\/\/summit-foundation.org\/wp-content\/uploads\/2024\/07\/CUT-3-1152x1536.jpg 1152w, https:\/\/summit-foundation.org\/wp-content\/uploads\/2024\/07\/CUT-3-1536x2048.jpg 1536w, https:\/\/summit-foundation.org\/wp-content\/uploads\/2024\/07\/CUT-3-600x800.jpg 600w, https:\/\/summit-foundation.org\/wp-content\/uploads\/2024\/07\/CUT-3-scaled.jpg 1920w","media_details":{"width":1920,"height":2560,"sizes":{"medium":{"file":"CUT-3-225x300.jpg","width":225,"height":300,"mime-type":"image\/jpeg","filesize":61227,"source_url":"https:\/\/summit-foundation.org\/wp-content\/uploads\/2024\/07\/CUT-3-225x300.jpg"},"large":{"file":"CUT-3-768x1024.jpg","width":768,"height":1024,"mime-type":"image\/jpeg","filesize":273133,"source_url":"https:\/\/summit-foundation.org\/wp-content\/uploads\/2024\/07\/CUT-3-768x1024.jpg"},"thumbnail":{"file":"CUT-3-150x150.jpg","width":150,"height":150,"mime-type":"image\/jpeg","filesize":44865,"source_url":"https:\/\/summit-foundation.org\/wp-content\/uploads\/2024\/07\/CUT-3-150x150.jpg"},"medium_large":{"file":"CUT-3-768x1024.jpg","width":768,"height":1024,"mime-type":"image\/jpeg","filesize":273133,"source_url":"https:\/\/summit-foundation.org\/wp-content\/uploads\/2024\/07\/CUT-3-768x1024.jpg"},"1536x1536":{"file":"CUT-3-1152x1536.jpg","width":1152,"height":1536,"mime-type":"image\/jpeg","filesize":523035,"source_url":"https:\/\/summit-foundation.org\/wp-content\/uploads\/2024\/07\/CUT-3-1152x1536.jpg"},"2048x2048":{"file":"CUT-3-1536x2048.jpg","width":1536,"height":2048,"mime-type":"image\/jpeg","filesize":842255,"source_url":"https:\/\/summit-foundation.org\/wp-content\/uploads\/2024\/07\/CUT-3-1536x2048.jpg"},"woocommerce_thumbnail":{"file":"CUT-3-300x300.jpg","width":300,"height":300,"mime-type":"image\/jpeg","filesize":68480,"uncropped":false,"source_url":"https:\/\/summit-foundation.org\/wp-content\/uploads\/2024\/07\/CUT-3-300x300.jpg"},"woocommerce_single":{"file":"CUT-3-600x800.jpg","width":600,"height":800,"mime-type":"image\/jpeg","filesize":187450,"source_url":"https:\/\/summit-foundation.org\/wp-content\/uploads\/2024\/07\/CUT-3-600x800.jpg"},"woocommerce_gallery_thumbnail":{"file":"CUT-3-100x100.jpg","width":100,"height":100,"mime-type":"image\/jpeg","filesize":40356,"source_url":"https:\/\/summit-foundation.org\/wp-content\/uploads\/2024\/07\/CUT-3-100x100.jpg"}}},"alt_text":"","url":"","target":""},{"id":13256,"title":"CUT_CH_@tanguybibus","caption":"","full_image_url":"https:\/\/summit-foundation.org\/wp-content\/uploads\/2024\/07\/CUT-2-scaled.jpg","thumbnail_image_url":"https:\/\/summit-foundation.org\/wp-content\/uploads\/2024\/07\/CUT-2-150x150.jpg","large_srcset":"https:\/\/summit-foundation.org\/wp-content\/uploads\/2024\/07\/CUT-2-819x1024.jpg 819w, https:\/\/summit-foundation.org\/wp-content\/uploads\/2024\/07\/CUT-2-240x300.jpg 240w, https:\/\/summit-foundation.org\/wp-content\/uploads\/2024\/07\/CUT-2-768x960.jpg 768w, https:\/\/summit-foundation.org\/wp-content\/uploads\/2024\/07\/CUT-2-1229x1536.jpg 1229w, https:\/\/summit-foundation.org\/wp-content\/uploads\/2024\/07\/CUT-2-1638x2048.jpg 1638w, https:\/\/summit-foundation.org\/wp-content\/uploads\/2024\/07\/CUT-2-600x750.jpg 600w, https:\/\/summit-foundation.org\/wp-content\/uploads\/2024\/07\/CUT-2-scaled.jpg 2048w","medium_srcset":"https:\/\/summit-foundation.org\/wp-content\/uploads\/2024\/07\/CUT-2-240x300.jpg 240w, https:\/\/summit-foundation.org\/wp-content\/uploads\/2024\/07\/CUT-2-819x1024.jpg 819w, https:\/\/summit-foundation.org\/wp-content\/uploads\/2024\/07\/CUT-2-768x960.jpg 768w, https:\/\/summit-foundation.org\/wp-content\/uploads\/2024\/07\/CUT-2-1229x1536.jpg 1229w, https:\/\/summit-foundation.org\/wp-content\/uploads\/2024\/07\/CUT-2-1638x2048.jpg 1638w, https:\/\/summit-foundation.org\/wp-content\/uploads\/2024\/07\/CUT-2-600x750.jpg 600w, https:\/\/summit-foundation.org\/wp-content\/uploads\/2024\/07\/CUT-2-scaled.jpg 2048w","media_details":{"width":2048,"height":2560,"sizes":{"medium":{"file":"CUT-2-240x300.jpg","width":240,"height":300,"mime-type":"image\/jpeg","filesize":56073,"source_url":"https:\/\/summit-foundation.org\/wp-content\/uploads\/2024\/07\/CUT-2-240x300.jpg"},"large":{"file":"CUT-2-819x1024.jpg","width":819,"height":1024,"mime-type":"image\/jpeg","filesize":252153,"source_url":"https:\/\/summit-foundation.org\/wp-content\/uploads\/2024\/07\/CUT-2-819x1024.jpg"},"thumbnail":{"file":"CUT-2-150x150.jpg","width":150,"height":150,"mime-type":"image\/jpeg","filesize":41548,"source_url":"https:\/\/summit-foundation.org\/wp-content\/uploads\/2024\/07\/CUT-2-150x150.jpg"},"medium_large":{"file":"CUT-2-768x960.jpg","width":768,"height":960,"mime-type":"image\/jpeg","filesize":227979,"source_url":"https:\/\/summit-foundation.org\/wp-content\/uploads\/2024\/07\/CUT-2-768x960.jpg"},"1536x1536":{"file":"CUT-2-1229x1536.jpg","width":1229,"height":1536,"mime-type":"image\/jpeg","filesize":486015,"source_url":"https:\/\/summit-foundation.org\/wp-content\/uploads\/2024\/07\/CUT-2-1229x1536.jpg"},"2048x2048":{"file":"CUT-2-1638x2048.jpg","width":1638,"height":2048,"mime-type":"image\/jpeg","filesize":790515,"source_url":"https:\/\/summit-foundation.org\/wp-content\/uploads\/2024\/07\/CUT-2-1638x2048.jpg"},"woocommerce_thumbnail":{"file":"CUT-2-300x300.jpg","width":300,"height":300,"mime-type":"image\/jpeg","filesize":61621,"uncropped":false,"source_url":"https:\/\/summit-foundation.org\/wp-content\/uploads\/2024\/07\/CUT-2-300x300.jpg"},"woocommerce_single":{"file":"CUT-2-600x750.jpg","width":600,"height":750,"mime-type":"image\/jpeg","filesize":157511,"source_url":"https:\/\/summit-foundation.org\/wp-content\/uploads\/2024\/07\/CUT-2-600x750.jpg"},"woocommerce_gallery_thumbnail":{"file":"CUT-2-100x100.jpg","width":100,"height":100,"mime-type":"image\/jpeg","filesize":37779,"source_url":"https:\/\/summit-foundation.org\/wp-content\/uploads\/2024\/07\/CUT-2-100x100.jpg"}}},"alt_text":"","url":"","target":""},{"id":13253,"title":"CUT_CH_@tanguybibus","caption":"","full_image_url":"https:\/\/summit-foundation.org\/wp-content\/uploads\/2024\/07\/CUT-1-scaled.jpg","thumbnail_image_url":"https:\/\/summit-foundation.org\/wp-content\/uploads\/2024\/07\/CUT-1-150x150.jpg","large_srcset":"https:\/\/summit-foundation.org\/wp-content\/uploads\/2024\/07\/CUT-1-1024x768.jpg 1024w, https:\/\/summit-foundation.org\/wp-content\/uploads\/2024\/07\/CUT-1-300x225.jpg 300w, https:\/\/summit-foundation.org\/wp-content\/uploads\/2024\/07\/CUT-1-768x576.jpg 768w, https:\/\/summit-foundation.org\/wp-content\/uploads\/2024\/07\/CUT-1-1536x1152.jpg 1536w, https:\/\/summit-foundation.org\/wp-content\/uploads\/2024\/07\/CUT-1-2048x1536.jpg 2048w, https:\/\/summit-foundation.org\/wp-content\/uploads\/2024\/07\/CUT-1-600x450.jpg 600w, https:\/\/summit-foundation.org\/wp-content\/uploads\/2024\/07\/CUT-1-scaled.jpg 2560w","medium_srcset":"https:\/\/summit-foundation.org\/wp-content\/uploads\/2024\/07\/CUT-1-300x225.jpg 300w, https:\/\/summit-foundation.org\/wp-content\/uploads\/2024\/07\/CUT-1-1024x768.jpg 1024w, https:\/\/summit-foundation.org\/wp-content\/uploads\/2024\/07\/CUT-1-768x576.jpg 768w, https:\/\/summit-foundation.org\/wp-content\/uploads\/2024\/07\/CUT-1-1536x1152.jpg 1536w, https:\/\/summit-foundation.org\/wp-content\/uploads\/2024\/07\/CUT-1-2048x1536.jpg 2048w, https:\/\/summit-foundation.org\/wp-content\/uploads\/2024\/07\/CUT-1-600x450.jpg 600w, https:\/\/summit-foundation.org\/wp-content\/uploads\/2024\/07\/CUT-1-scaled.jpg 2560w","media_details":{"width":2560,"height":1920,"sizes":{"medium":{"file":"CUT-1-300x225.jpg","width":300,"height":225,"mime-type":"image\/jpeg","filesize":47591,"source_url":"https:\/\/summit-foundation.org\/wp-content\/uploads\/2024\/07\/CUT-1-300x225.jpg"},"large":{"file":"CUT-1-1024x768.jpg","width":1024,"height":768,"mime-type":"image\/jpeg","filesize":202078,"source_url":"https:\/\/summit-foundation.org\/wp-content\/uploads\/2024\/07\/CUT-1-1024x768.jpg"},"thumbnail":{"file":"CUT-1-150x150.jpg","width":150,"height":150,"mime-type":"image\/jpeg","filesize":36446,"source_url":"https:\/\/summit-foundation.org\/wp-content\/uploads\/2024\/07\/CUT-1-150x150.jpg"},"medium_large":{"file":"CUT-1-768x576.jpg","width":768,"height":576,"mime-type":"image\/jpeg","filesize":129207,"source_url":"https:\/\/summit-foundation.org\/wp-content\/uploads\/2024\/07\/CUT-1-768x576.jpg"},"1536x1536":{"file":"CUT-1-1536x1152.jpg","width":1536,"height":1152,"mime-type":"image\/jpeg","filesize":408124,"source_url":"https:\/\/summit-foundation.org\/wp-content\/uploads\/2024\/07\/CUT-1-1536x1152.jpg"},"2048x2048":{"file":"CUT-1-2048x1536.jpg","width":2048,"height":1536,"mime-type":"image\/jpeg","filesize":692770,"source_url":"https:\/\/summit-foundation.org\/wp-content\/uploads\/2024\/07\/CUT-1-2048x1536.jpg"},"woocommerce_thumbnail":{"file":"CUT-1-300x300.jpg","width":300,"height":300,"mime-type":"image\/jpeg","filesize":53366,"uncropped":false,"source_url":"https:\/\/summit-foundation.org\/wp-content\/uploads\/2024\/07\/CUT-1-300x300.jpg"},"woocommerce_single":{"file":"CUT-1-600x450.jpg","width":600,"height":450,"mime-type":"image\/jpeg","filesize":93175,"source_url":"https:\/\/summit-foundation.org\/wp-content\/uploads\/2024\/07\/CUT-1-600x450.jpg"},"woocommerce_gallery_thumbnail":{"file":"CUT-1-100x100.jpg","width":100,"height":100,"mime-type":"image\/jpeg","filesize":33153,"source_url":"https:\/\/summit-foundation.org\/wp-content\/uploads\/2024\/07\/CUT-1-100x100.jpg"}}},"alt_text":"","url":"","target":""}]]}},"_links":{"self":[{"href":"https:\/\/summit-foundation.org\/en\/wp-json\/wp\/v2\/pages\/7951","targetHints":{"allow":["GET"]}}],"collection":[{"href":"https:\/\/summit-foundation.org\/en\/wp-json\/wp\/v2\/pages"}],"about":[{"href":"https:\/\/summit-foundation.org\/en\/wp-json\/wp\/v2\/types\/page"}],"author":[{"embeddable":true,"href":"https:\/\/summit-foundation.org\/en\/wp-json\/wp\/v2\/users\/8"}],"replies":[{"embeddable":true,"href":"https:\/\/summit-foundation.org\/en\/wp-json\/wp\/v2\/comments?post=7951"}],"version-history":[{"count":3,"href":"https:\/\/summit-foundation.org\/en\/wp-json\/wp\/v2\/pages\/7951\/revisions"}],"predecessor-version":[{"id":14536,"href":"https:\/\/summit-foundation.org\/en\/wp-json\/wp\/v2\/pages\/7951\/revisions\/14536"}],"wp:featuredmedia":[{"embeddable":true,"href":"https:\/\/summit-foundation.org\/en\/wp-json\/wp\/v2\/media\/13113"}],"wp:attachment":[{"href":"https:\/\/summit-foundation.org\/en\/wp-json\/wp\/v2\/media?parent=7951"}],"curies":[{"name":"wp","href":"https:\/\/api.w.org\/{rel}","templated":true}]}}