{"id":8572,"date":"2020-12-04T15:45:38","date_gmt":"2020-12-04T14:45:38","guid":{"rendered":"https:\/\/summit-foundation.org\/?page_id=8572"},"modified":"2024-08-22T08:21:51","modified_gmt":"2024-08-22T08:21:51","slug":"inattendus","status":"publish","type":"page","link":"https:\/\/summit-foundation.org\/en\/inattendus\/","title":{"rendered":"Unexpected treasures"},"content":{"rendered":"\n<p>En montagne comme ailleurs, les d\u00e9chets engendrent divers impacts sur les milieux naturels, allant de la pollution de l\u2019eau et des sols \u00e0 des nuisances plus directes pour la faune. M\u00e9gots, bouteilles, emballages plastiques, canettes ou m\u00eame t\u00e9l\u00e9phones portables, la neige qui fond r\u00e9v\u00e8le souvent bien des surprises. Certaines de ces trouvailles s\u2019apparentent plus \u00e0 des tr\u00e9sors.<\/p>\n\n\n\n<p>Parmi les objets phares de cette exposition, nous avons notamment cette canette de jus d'orange fabriqu\u00e9 en Suisse et commercialis\u00e9 entre 1976 et 1978. C'est \u00e0 cause de l'acidit\u00e9 du jus que cette p\u00e9riode est si courte. Un autre objet \u00e2g\u00e9 est ce billet pour un aller simple au San Bernardino de 04.03.1989. Le gratte-dos t\u00e9lescopique impressionne par son originalit\u00e9 avant m\u00eame d'\u00eatre ajout\u00e9 aux tr\u00e9sors trouv\u00e9s en montagne.<\/p>\n\n\n\n<p>[FinalTilesGallery id='1']<\/p>\n\n\n\n<hr class=\"wp-block-separator has-text-color has-background has-white-background-color has-white-color is-style-wide\"\/>\n\n\n\n<hr class=\"wp-block-separator has-text-color has-background has-white-background-color has-white-color is-style-wide\"\/>\n\n\n\n<p><\/p>\n\n\n\n<p>Photos par <a href=\"https:\/\/www.instagram.com\/adripherie\/\">Adrien Despont<\/a><\/p>\n\n\n\n<p>Cette expo est r\u00e9alis\u00e9 avec le soutien de<\/p>\n\n\n\n<figure class=\"wp-block-image size-large is-resized\"><a href=\"https:\/\/www.alpinte.ch\/\" target=\"_blank\" rel=\"noopener\"><img loading=\"lazy\" decoding=\"async\" src=\"https:\/\/summit-foundation.org\/wp\/wp-content\/uploads\/2019\/07\/logo_alpinte_avec_accroche.gif\" alt=\"\" class=\"wp-image-6519\" width=\"194\" height=\"66\"\/><\/a><\/figure>\n","protected":false},"excerpt":{"rendered":"<p>En montagne comme ailleurs, les d\u00e9chets engendrent divers impacts sur les milieux naturels, allant de la pollution de l\u2019eau et des sols \u00e0 des nuisances plus directes pour la faune. M\u00e9gots, bouteilles, emballages plastiques, canettes ou m\u00eame t\u00e9l\u00e9phones portables, la neige qui fond r\u00e9v\u00e8le souvent bien des surprises. Certaines de ces trouvailles s\u2019apparentent plus \u00e0 [&hellip;]<\/p>\n","protected":false},"author":8,"featured_media":13596,"parent":0,"menu_order":0,"comment_status":"closed","ping_status":"closed","template":"","meta":{"_acf_changed":false,"footnotes":""},"class_list":["post-8572","page","type-page","status-publish","has-post-thumbnail","hentry"],"acf":{"photo_gallery":{"gallerie_de_photo":[[]]}},"_links":{"self":[{"href":"https:\/\/summit-foundation.org\/en\/wp-json\/wp\/v2\/pages\/8572","targetHints":{"allow":["GET"]}}],"collection":[{"href":"https:\/\/summit-foundation.org\/en\/wp-json\/wp\/v2\/pages"}],"about":[{"href":"https:\/\/summit-foundation.org\/en\/wp-json\/wp\/v2\/types\/page"}],"author":[{"embeddable":true,"href":"https:\/\/summit-foundation.org\/en\/wp-json\/wp\/v2\/users\/8"}],"replies":[{"embeddable":true,"href":"https:\/\/summit-foundation.org\/en\/wp-json\/wp\/v2\/comments?post=8572"}],"version-history":[{"count":2,"href":"https:\/\/summit-foundation.org\/en\/wp-json\/wp\/v2\/pages\/8572\/revisions"}],"predecessor-version":[{"id":13599,"href":"https:\/\/summit-foundation.org\/en\/wp-json\/wp\/v2\/pages\/8572\/revisions\/13599"}],"wp:featuredmedia":[{"embeddable":true,"href":"https:\/\/summit-foundation.org\/en\/wp-json\/wp\/v2\/media\/13596"}],"wp:attachment":[{"href":"https:\/\/summit-foundation.org\/en\/wp-json\/wp\/v2\/media?parent=8572"}],"curies":[{"name":"wp","href":"https:\/\/api.w.org\/{rel}","templated":true}]}}